{"id":29369,"date":"2026-02-03T13:10:16","date_gmt":"2026-02-03T13:10:16","guid":{"rendered":"https:\/\/equipment-pt3.com\/produto\/r20400006-carro-bancada-mechanic-6-gavetas\/"},"modified":"2026-02-13T12:07:02","modified_gmt":"2026-02-13T12:07:02","slug":"r20400006-carro-bancada-mechanic-6-gavetas","status":"publish","type":"product","link":"https:\/\/equipment-pt3.com\/en\/product\/r20400006-carro-bancada-mechanic-6-gavetas\/","title":{"rendered":"R20400006 Carro\/bancada Mechanic 6 gavetas"},"content":{"rendered":"<div>\n<ul>\n<li>Amplo espa\u00e7o de arruma\u00e7\u00e3o com prateleira ajust\u00e1vel, bloque\u00e1vel separadamente<\/li>\n<li>Constru\u00e7\u00e3o robusta em chapa de a\u00e7o, resistente \u00e0 tor\u00e7\u00e3o e concebida para suportar cargas elevadas<\/li>\n<li>Superf\u00edcie de trabalho em madeira de 988 x 431 mm, espessura de 30 mm<\/li>\n<li>Laterais com perfura\u00e7\u00e3o quadrada padr\u00e3o Euro para acess\u00f3rios<\/li>\n<li>Compartimento de arruma\u00e7\u00e3o \u00e0 esquerda com prateleira. Dimens\u00f5es internas: A 720 x L 355 x P 380 mm<\/li>\n<li>Porta com dobradi\u00e7a \u00e0 esquerda, bloque\u00e1vel, A 670 x L 310 mm<\/li>\n<li>6 gavetas com corredi\u00e7as telesc\u00f3picas de extra\u00e7\u00e3o total, com bloqueio individual (opera\u00e7\u00e3o com uma m\u00e3o)<\/li>\n<li>Dimens\u00f5es internas do compartimento de arruma\u00e7\u00e3o: A 720 x L 355 x P 380 mm<\/li>\n<li>Sistema de bloqueio individual \u2014 apenas desbloque\u00e1vel atrav\u00e9s de uma barra de liberta\u00e7\u00e3o oculta \u2014 impede a abertura das gavetas quando o carrinho est\u00e1 em movimento<\/li>\n<li>Capacidade de carga de 25 kg por gaveta, com divis\u00f3rias ajust\u00e1veis<\/li>\n<li>2 rodas girat\u00f3rias \u00d8 100 mm, uma com trav\u00e3o duplo, e 2 rodas \u00d8 125 mm salientes lateralmente, proporcionando elevada estabilidade<\/li>\n<li>Fecho central com fechadura de cilindro e 4 chaves<\/li>\n<li>2 rodas girat\u00f3rias \u00d8 100 mm, uma com trav\u00e3o duplo, e 2 rodas \u00d8 140 mm salientes lateralmente, proporcionando elevada estabilidade<\/li>\n<li>Fornecido sem ferramentas<\/li>\n<\/ul>\n<\/div>","protected":false},"excerpt":{"rendered":"<p>Amplo espa\u00e7o de arruma\u00e7\u00e3o com prateleira ajust\u00e1vel, bloque\u00e1vel separadamente Constru\u00e7\u00e3o robusta em chapa de a\u00e7o, resistente \u00e0 tor\u00e7\u00e3o e concebida<\/p>","protected":false},"featured_media":30834,"template":"","meta":[],"product_brand":[64],"product_cat":[106],"product_tag":[],"class_list":{"0":"post-29369","1":"product","2":"type-product","3":"status-publish","4":"has-post-thumbnail","6":"product_brand-gedore","7":"product_cat-carrinhos-e-bancadas","9":"first","10":"instock","11":"sale","12":"purchasable","13":"product-type-simple"},"_links":{"self":[{"href":"https:\/\/equipment-pt3.com\/en\/wp-json\/wp\/v2\/product\/29369","targetHints":{"allow":["GET"]}}],"collection":[{"href":"https:\/\/equipment-pt3.com\/en\/wp-json\/wp\/v2\/product"}],"about":[{"href":"https:\/\/equipment-pt3.com\/en\/wp-json\/wp\/v2\/types\/product"}],"version-history":[{"count":3,"href":"https:\/\/equipment-pt3.com\/en\/wp-json\/wp\/v2\/product\/29369\/revisions"}],"predecessor-version":[{"id":30839,"href":"https:\/\/equipment-pt3.com\/en\/wp-json\/wp\/v2\/product\/29369\/revisions\/30839"}],"wp:featuredmedia":[{"embeddable":true,"href":"https:\/\/equipment-pt3.com\/en\/wp-json\/wp\/v2\/media\/30834"}],"wp:attachment":[{"href":"https:\/\/equipment-pt3.com\/en\/wp-json\/wp\/v2\/media?parent=29369"}],"wp:term":[{"taxonomy":"product_brand","embeddable":true,"href":"https:\/\/equipment-pt3.com\/en\/wp-json\/wp\/v2\/product_brand?post=29369"},{"taxonomy":"product_cat","embeddable":true,"href":"https:\/\/equipment-pt3.com\/en\/wp-json\/wp\/v2\/product_cat?post=29369"},{"taxonomy":"product_tag","embeddable":true,"href":"https:\/\/equipment-pt3.com\/en\/wp-json\/wp\/v2\/product_tag?post=29369"}],"curies":[{"name":"wp","href":"https:\/\/api.w.org\/{rel}","templated":true}]}}