{"id":29370,"date":"2026-02-03T13:10:16","date_gmt":"2026-02-03T13:10:16","guid":{"rendered":"https:\/\/equipment-pt3.com\/produto\/r40150027-revers-bit-ratchet-1-4-91mm-6raadapter\/"},"modified":"2026-02-12T10:38:24","modified_gmt":"2026-02-12T10:38:24","slug":"r40150027-revers-bit-ratchet-1-4-91mm-6raadapter","status":"publish","type":"product","link":"https:\/\/equipment-pt3.com\/en\/product\/r40150027-revers-bit-ratchet-1-4-91mm-6raadapter\/","title":{"rendered":"R40150027 Revers.bit ratchet 1\/4 91mm 6\u00b0RA+adapter"},"content":{"rendered":"<div>\n<ul>\n<li>Alavanca para opera\u00e7\u00e3o revers\u00edvel no sentido hor\u00e1rio\/anti-hor\u00e1rio<\/li>\n<li>Dentado fino<\/li>\n<li>Cabe\u00e7a oval<\/li>\n<li>Encaixe sextavado interno para montagem direta de bits conforme DIN ISO 1173<\/li>\n<li>Com mola de reten\u00e7\u00e3o<\/li>\n<li>Constru\u00e7\u00e3o robusta totalmente em a\u00e7o<\/li>\n<li>Superf\u00edcie cromada acetinada mate<\/li>\n<li>Adaptador de acionamento sextavado x quadrado<\/li>\n<li>Encaixe quadrado conforme DIN 3120 &#8211; A 6.3, ISO 1174, com reten\u00e7\u00e3o por esfera<\/li>\n<li>Acionamento sextavado externo conforme DIN ISO 1173, com bloqueio por esfera<\/li>\n<li>A\u00e7o cromo-van\u00e1dio<\/li>\n<\/ul>\n<\/div>","protected":false},"excerpt":{"rendered":"<p>Alavanca para opera\u00e7\u00e3o revers\u00edvel no sentido hor\u00e1rio\/anti-hor\u00e1rio Dentado fino Cabe\u00e7a oval Encaixe sextavado interno para montagem direta de bits conforme<\/p>","protected":false},"featured_media":30831,"template":"","meta":[],"product_brand":[64],"product_cat":[101],"product_tag":[],"class_list":{"0":"post-29370","1":"product","2":"type-product","3":"status-publish","4":"has-post-thumbnail","6":"product_brand-gedore","7":"product_cat-ferramentas-manuais","9":"first","10":"instock","11":"sale","12":"purchasable","13":"product-type-simple"},"_links":{"self":[{"href":"https:\/\/equipment-pt3.com\/en\/wp-json\/wp\/v2\/product\/29370","targetHints":{"allow":["GET"]}}],"collection":[{"href":"https:\/\/equipment-pt3.com\/en\/wp-json\/wp\/v2\/product"}],"about":[{"href":"https:\/\/equipment-pt3.com\/en\/wp-json\/wp\/v2\/types\/product"}],"version-history":[{"count":3,"href":"https:\/\/equipment-pt3.com\/en\/wp-json\/wp\/v2\/product\/29370\/revisions"}],"predecessor-version":[{"id":30833,"href":"https:\/\/equipment-pt3.com\/en\/wp-json\/wp\/v2\/product\/29370\/revisions\/30833"}],"wp:featuredmedia":[{"embeddable":true,"href":"https:\/\/equipment-pt3.com\/en\/wp-json\/wp\/v2\/media\/30831"}],"wp:attachment":[{"href":"https:\/\/equipment-pt3.com\/en\/wp-json\/wp\/v2\/media?parent=29370"}],"wp:term":[{"taxonomy":"product_brand","embeddable":true,"href":"https:\/\/equipment-pt3.com\/en\/wp-json\/wp\/v2\/product_brand?post=29370"},{"taxonomy":"product_cat","embeddable":true,"href":"https:\/\/equipment-pt3.com\/en\/wp-json\/wp\/v2\/product_cat?post=29370"},{"taxonomy":"product_tag","embeddable":true,"href":"https:\/\/equipment-pt3.com\/en\/wp-json\/wp\/v2\/product_tag?post=29370"}],"curies":[{"name":"wp","href":"https:\/\/api.w.org\/{rel}","templated":true}]}}