{"id":29371,"date":"2026-02-03T13:10:17","date_gmt":"2026-02-03T13:10:17","guid":{"rendered":"https:\/\/equipment-pt3.com\/produto\/r69003069-jogo-de-chaves-69-pecas\/"},"modified":"2026-02-13T12:11:23","modified_gmt":"2026-02-13T12:11:23","slug":"r69003069-jogo-de-chaves-69-pecas","status":"publish","type":"product","link":"https:\/\/equipment-pt3.com\/en\/product\/r69003069-jogo-de-chaves-69-pecas\/","title":{"rendered":"R69003069 Jogo de Chaves 69 pe\u00e7as"},"content":{"rendered":"<div class=\"flex flex-col text-sm pb-25\">\n<article class=\"text-token-text-primary w-full focus:outline-none [--shadow-height:45px] has-data-writing-block:pointer-events-none has-data-writing-block:-mt-(--shadow-height) has-data-writing-block:pt-(--shadow-height) [&amp;:has([data-writing-block])&gt;*]:pointer-events-auto [content-visibility:auto] supports-[content-visibility:auto]:[contain-intrinsic-size:auto_100lvh] scroll-mt-[calc(var(--header-height)+min(200px,max(70px,20svh)))]\" dir=\"auto\" tabindex=\"-1\" data-turn-id=\"request-WEB:a74da179-aebc-4702-b23d-a30ec75884df-45\" data-testid=\"conversation-turn-2\" data-scroll-anchor=\"true\" data-turn=\"assistant\">\n<div class=\"text-base my-auto mx-auto pb-10 [--thread-content-margin:--spacing(4)] @w-sm\/main:[--thread-content-margin:--spacing(6)] @w-lg\/main:[--thread-content-margin:--spacing(16)] px-(--thread-content-margin)\">\n<div class=\"[--thread-content-max-width:40rem] @w-lg\/main:[--thread-content-max-width:48rem] mx-auto max-w-(--thread-content-max-width) flex-1 group\/turn-messages focus-visible:outline-hidden relative flex w-full min-w-0 flex-col agent-turn\" tabindex=\"-1\">\n<div class=\"flex max-w-full flex-col grow\">\n<div class=\"min-h-8 text-message relative flex w-full flex-col items-end gap-2 text-start break-words whitespace-normal [.text-message+&amp;]:mt-1\" dir=\"auto\" data-message-author-role=\"assistant\" data-message-id=\"5edabae6-66a1-495c-bac7-ca6eb5175d09\" data-message-model-slug=\"gpt-5-2\">\n<div class=\"flex w-full flex-col gap-1 empty:hidden first:pt-[1px]\">\n<div class=\"markdown prose dark:prose-invert w-full wrap-break-word dark markdown-new-styling\">\n<ul>\n<li>Acoplador de acordo com DIN 3120, ISO 1174, com dispositivo de bloqueio por esfera<\/li>\n<li>Encaixe quadrado conforme DIN 3120, ISO 1174, com ranhura de reten\u00e7\u00e3o por esfera<\/li>\n<li>Roquete revers\u00edvel 2C, alavanca para funcionamento revers\u00edvel \u00e0 direita e \u00e0 esquerda, bot\u00e3o de liberta\u00e7\u00e3o, dentado fino, cabe\u00e7a oval, punho bimaterial, transmiss\u00e3o de for\u00e7a confort\u00e1vel para a m\u00e3o, para chaves de caixa<\/li>\n<li>Chave de caixa sextavada, m\u00e9trica, curta, conforme DIN 3124, ISO 2725<\/li>\n<li>Ponteira sextavada m\u00e9trica longa para chave de caixa, conforme DIN 3124, ISO 2725<\/li>\n<li>Extens\u00e3o para chave de caixa 1\/2&#8243;<\/li>\n<li>Junta cardan 1\/2&#8243;, junta aparafusada, constru\u00e7\u00e3o conforme DIN 3123 &#8211; C 12.5<\/li>\n<li>Adaptador\/redutor deslizante 3\/8&#8243; x 1\/2&#8243; para acionamento de chaves de caixa e pontas de aparafusadora<\/li>\n<li>Chave de luneta dupla com roquete, modelo reto, m\u00e9trica, dentado fino<\/li>\n<li>Chaves combinadas m\u00e9tricas conforme DIN 3113, forma A, ISO 3318, ISO 7738, lado de luneta inclinado a 15\u00b0, boca a 15\u00b0<\/li>\n<li>Jogo de chaves sextavadas tipo Allen com ponta esf\u00e9rica, vers\u00e3o longa<\/li>\n<li>Jogo de chaves TX (Torx) longas, tipo offset<\/li>\n<li>Chave de fendas e Phillips (PH)<\/li>\n<li>Chave de fendas com topo para impacto<\/li>\n<li>Buscapolos com l\u00e2mpada integrada e resist\u00eancia em s\u00e9rie para redes de 220 at\u00e9 m\u00e1x. 250 V<\/li>\n<li>Alicate universal, zonas de aperto para material plano e redondo, punho de dois componentes, transmiss\u00e3o de for\u00e7a suave<\/li>\n<li>Alicate de bomba de \u00e1gua, ajust\u00e1vel em 7 posi\u00e7\u00f5es, cabe\u00e7a e articula\u00e7\u00e3o com acabamento polido, punho de dois componentes, transmiss\u00e3o de for\u00e7a suave<\/li>\n<li>A\u00e7o cromo-van\u00e1dio<\/li>\n<li>Combina\u00e7\u00e3o ideal para trabalhos de assist\u00eancia t\u00e9cnica<\/li>\n<li>A\u00e7o cromo-van\u00e1dio, cromado acetinado mate<\/li>\n<li>Caixa pl\u00e1stica em design GEDORE vermelho<\/li>\n<li>Ferramentas fixadas por grampos<\/li>\n<li>Dobradi\u00e7as\/fecho met\u00e1licos<\/li>\n<\/ul>\n<\/div>\n<\/div>\n<\/div>\n<\/div>\n<div class=\"z-0 flex min-h-[46px] justify-start\"><\/div>\n<div class=\"mt-3 w-full empty:hidden\">\n<div class=\"text-center\"><\/div>\n<\/div>\n<\/div>\n<\/div>\n<\/article>\n<\/div>\n<div class=\"pointer-events-none h-px w-px absolute bottom-0\" aria-hidden=\"true\" data-edge=\"true\"><\/div>\n","protected":false},"excerpt":{"rendered":"<p>Acoplador de acordo com DIN 3120, ISO 1174, com dispositivo de bloqueio por esfera Encaixe quadrado conforme DIN 3120, ISO<\/p>","protected":false},"featured_media":31156,"template":"","meta":[],"product_brand":[],"product_cat":[101,102],"product_tag":[],"class_list":{"0":"post-29371","1":"product","2":"type-product","3":"status-publish","4":"has-post-thumbnail","6":"product_cat-ferramentas-manuais","7":"product_cat-jogos","9":"first","10":"instock","11":"sale","12":"taxable","13":"shipping-taxable","14":"purchasable","15":"product-type-simple"},"_links":{"self":[{"href":"https:\/\/equipment-pt3.com\/en\/wp-json\/wp\/v2\/product\/29371","targetHints":{"allow":["GET"]}}],"collection":[{"href":"https:\/\/equipment-pt3.com\/en\/wp-json\/wp\/v2\/product"}],"about":[{"href":"https:\/\/equipment-pt3.com\/en\/wp-json\/wp\/v2\/types\/product"}],"version-history":[{"count":2,"href":"https:\/\/equipment-pt3.com\/en\/wp-json\/wp\/v2\/product\/29371\/revisions"}],"predecessor-version":[{"id":31160,"href":"https:\/\/equipment-pt3.com\/en\/wp-json\/wp\/v2\/product\/29371\/revisions\/31160"}],"wp:featuredmedia":[{"embeddable":true,"href":"https:\/\/equipment-pt3.com\/en\/wp-json\/wp\/v2\/media\/31156"}],"wp:attachment":[{"href":"https:\/\/equipment-pt3.com\/en\/wp-json\/wp\/v2\/media?parent=29371"}],"wp:term":[{"taxonomy":"product_brand","embeddable":true,"href":"https:\/\/equipment-pt3.com\/en\/wp-json\/wp\/v2\/product_brand?post=29371"},{"taxonomy":"product_cat","embeddable":true,"href":"https:\/\/equipment-pt3.com\/en\/wp-json\/wp\/v2\/product_cat?post=29371"},{"taxonomy":"product_tag","embeddable":true,"href":"https:\/\/equipment-pt3.com\/en\/wp-json\/wp\/v2\/product_tag?post=29371"}],"curies":[{"name":"wp","href":"https:\/\/api.w.org\/{rel}","templated":true}]}}