{"id":29372,"date":"2026-02-03T13:10:17","date_gmt":"2026-02-03T13:10:17","guid":{"rendered":"https:\/\/equipment-pt3.com\/produto\/r33003043-jogo-bits-torcao-43-pcs\/"},"modified":"2026-02-12T10:38:24","modified_gmt":"2026-02-12T10:38:24","slug":"r33003043-jogo-bits-torcao-43-pcs","status":"publish","type":"product","link":"https:\/\/equipment-pt3.com\/en\/product\/r33003043-jogo-bits-torcao-43-pcs\/","title":{"rendered":"R33003043 Jogo Bits Tor\u00e7\u00e3o 43 pcs"},"content":{"rendered":"<ul>\n<li>Conjunto de 43 pontas de tor\u00e7\u00e3o para uma vasta gama de liga\u00e7\u00f5es aparafusadas<\/li>\n<li>Porta-bits flex\u00edvel com fun\u00e7\u00e3o de roquete (ideal para trabalhar em espa\u00e7os confinados)<\/li>\n<li>Pontas com zona de tor\u00e7\u00e3o para suportar elevados esfor\u00e7os<\/li>\n<\/ul>","protected":false},"excerpt":{"rendered":"<p>Conjunto de 43 pontas de tor\u00e7\u00e3o para uma vasta gama de liga\u00e7\u00f5es aparafusadas Porta-bits flex\u00edvel com fun\u00e7\u00e3o de roquete (ideal<\/p>","protected":false},"featured_media":30791,"template":"","meta":[],"product_brand":[64],"product_cat":[102],"product_tag":[],"class_list":{"0":"post-29372","1":"product","2":"type-product","3":"status-publish","4":"has-post-thumbnail","6":"product_brand-gedore","7":"product_cat-jogos","9":"first","10":"instock","11":"sale","12":"purchasable","13":"product-type-simple"},"_links":{"self":[{"href":"https:\/\/equipment-pt3.com\/en\/wp-json\/wp\/v2\/product\/29372","targetHints":{"allow":["GET"]}}],"collection":[{"href":"https:\/\/equipment-pt3.com\/en\/wp-json\/wp\/v2\/product"}],"about":[{"href":"https:\/\/equipment-pt3.com\/en\/wp-json\/wp\/v2\/types\/product"}],"version-history":[{"count":3,"href":"https:\/\/equipment-pt3.com\/en\/wp-json\/wp\/v2\/product\/29372\/revisions"}],"predecessor-version":[{"id":30796,"href":"https:\/\/equipment-pt3.com\/en\/wp-json\/wp\/v2\/product\/29372\/revisions\/30796"}],"wp:featuredmedia":[{"embeddable":true,"href":"https:\/\/equipment-pt3.com\/en\/wp-json\/wp\/v2\/media\/30791"}],"wp:attachment":[{"href":"https:\/\/equipment-pt3.com\/en\/wp-json\/wp\/v2\/media?parent=29372"}],"wp:term":[{"taxonomy":"product_brand","embeddable":true,"href":"https:\/\/equipment-pt3.com\/en\/wp-json\/wp\/v2\/product_brand?post=29372"},{"taxonomy":"product_cat","embeddable":true,"href":"https:\/\/equipment-pt3.com\/en\/wp-json\/wp\/v2\/product_cat?post=29372"},{"taxonomy":"product_tag","embeddable":true,"href":"https:\/\/equipment-pt3.com\/en\/wp-json\/wp\/v2\/product_tag?post=29372"}],"curies":[{"name":"wp","href":"https:\/\/api.w.org\/{rel}","templated":true}]}}