{"id":29373,"date":"2026-02-03T13:10:17","date_gmt":"2026-02-03T13:10:17","guid":{"rendered":"https:\/\/equipment-pt3.com\/produto\/r46003097-jogo-chaves-de-caixa-%c2%bc-%c2%bd-97pcs\/"},"modified":"2026-02-13T12:18:20","modified_gmt":"2026-02-13T12:18:20","slug":"r46003097-jogo-chaves-de-caixa-%c2%bc-%c2%bd-97pcs","status":"publish","type":"product","link":"https:\/\/equipment-pt3.com\/en\/product\/r46003097-jogo-chaves-de-caixa-%c2%bc-%c2%bd-97pcs\/","title":{"rendered":"R46003097 Jogo Chaves de Caixa \u00bc + \u00bd 97pcs"},"content":{"rendered":"<div>\n<ul>\n<li>Encaixe conforme DIN 3120, ISO 1174, com ranhura de reten\u00e7\u00e3o por esfera<\/li>\n<li>Encaixe quadrado conforme DIN 3120, ISO 1174, com ranhura de reten\u00e7\u00e3o por esfera<\/li>\n<li>Roquete revers\u00edvel 2C com alavanca para rota\u00e7\u00e3o direita\/esquerda, liberta\u00e7\u00e3o por bot\u00e3o, cabe\u00e7a oval de dentes finos, cabo bimaterial para transmiss\u00e3o de for\u00e7a confort\u00e1vel<\/li>\n<li>Cabo quadrado 1\/4\u201d com encaixe f\u00eamea<\/li>\n<li>Chaves de caixa sextavadas m\u00e9tricas curtas conforme DIN 3124, ISO 2725<\/li>\n<li>Cabo em T deslizante 1\/4\u201d conforme DIN 3122, ISO 3315<\/li>\n<li>Extens\u00f5es 1\/4\u201d e 1\/2\u201d<\/li>\n<li>Junta universal 1\/4\u201d e 1\/2\u201d, aparafusada, conforme DIN 3123 &#8211; C 12.5<\/li>\n<li>Adaptador 3\/8\u201d x 1\/2\u201d para acionar chaves de caixa e bits<\/li>\n<li>Adaptador de bits 1\/4\u201d com encaixe quadrado e sextavado interno<\/li>\n<li>Adaptador de bits 1\/2\u201d com encaixe quadrado f\u00eamea e sextavado interno<\/li>\n<li>Caixa de bits com 30 pe\u00e7as<\/li>\n<li>Bits 1\/4\u201d e 5\/16\u201d (fenda, PH, PZ, TX, TX BO)<\/li>\n<li>Chave Maximus com punho de 2 componentes, haste sextavada DIN 3126 &#8211; D 8 (5\/16\u201d), op\u00e7\u00f5es adicionais de acionamento 10 mm, 12 mm e 16 mm<\/li>\n<li>Comprimento total da chave Maximus: 225 mm<\/li>\n<li>Chave ajust\u00e1vel com abertura at\u00e9 30 mm<\/li>\n<li>Fabricado em a\u00e7o cromo-van\u00e1dio, acabamento cromado acetinado mate<\/li>\n<li>Mala em pl\u00e1stico acabamento vermelho GEDORE<\/li>\n<li>Ferramentas resistentes ao aperto\/tor\u00e7\u00e3o<\/li>\n<li>Dobradi\u00e7as e fechos met\u00e1licos<\/li>\n<\/ul>\n<\/div>","protected":false},"excerpt":{"rendered":"<p>Encaixe conforme DIN 3120, ISO 1174, com ranhura de reten\u00e7\u00e3o por esfera Encaixe quadrado conforme DIN 3120, ISO 1174, com<\/p>","protected":false},"featured_media":30797,"template":"","meta":[],"product_brand":[64],"product_cat":[103,102],"product_tag":[],"class_list":{"0":"post-29373","1":"product","2":"type-product","3":"status-publish","4":"has-post-thumbnail","6":"product_brand-gedore","7":"product_cat-chaves-de-caixa","8":"product_cat-jogos","10":"first","11":"instock","12":"sale","13":"purchasable","14":"product-type-simple"},"_links":{"self":[{"href":"https:\/\/equipment-pt3.com\/en\/wp-json\/wp\/v2\/product\/29373","targetHints":{"allow":["GET"]}}],"collection":[{"href":"https:\/\/equipment-pt3.com\/en\/wp-json\/wp\/v2\/product"}],"about":[{"href":"https:\/\/equipment-pt3.com\/en\/wp-json\/wp\/v2\/types\/product"}],"version-history":[{"count":3,"href":"https:\/\/equipment-pt3.com\/en\/wp-json\/wp\/v2\/product\/29373\/revisions"}],"predecessor-version":[{"id":30802,"href":"https:\/\/equipment-pt3.com\/en\/wp-json\/wp\/v2\/product\/29373\/revisions\/30802"}],"wp:featuredmedia":[{"embeddable":true,"href":"https:\/\/equipment-pt3.com\/en\/wp-json\/wp\/v2\/media\/30797"}],"wp:attachment":[{"href":"https:\/\/equipment-pt3.com\/en\/wp-json\/wp\/v2\/media?parent=29373"}],"wp:term":[{"taxonomy":"product_brand","embeddable":true,"href":"https:\/\/equipment-pt3.com\/en\/wp-json\/wp\/v2\/product_brand?post=29373"},{"taxonomy":"product_cat","embeddable":true,"href":"https:\/\/equipment-pt3.com\/en\/wp-json\/wp\/v2\/product_cat?post=29373"},{"taxonomy":"product_tag","embeddable":true,"href":"https:\/\/equipment-pt3.com\/en\/wp-json\/wp\/v2\/product_tag?post=29373"}],"curies":[{"name":"wp","href":"https:\/\/api.w.org\/{rel}","templated":true}]}}