{"id":29374,"date":"2026-02-03T13:10:17","date_gmt":"2026-02-03T13:10:17","guid":{"rendered":"https:\/\/equipment-pt3.com\/produto\/r21702013-jogo-bicicleta\/"},"modified":"2026-02-12T10:38:24","modified_gmt":"2026-02-12T10:38:24","slug":"r21702013-jogo-bicicleta","status":"publish","type":"product","link":"https:\/\/equipment-pt3.com\/en\/product\/r21702013-jogo-bicicleta\/","title":{"rendered":"R21702013 Jogo Bicicleta"},"content":{"rendered":"<ul>\n<li>Manuseamento ergon\u00f3mico com roquete para bits e adaptador de bits<\/li>\n<li>Sele\u00e7\u00e3o de bits e chaves de caixa adaptada aos parafusos e porcas de uma bicicleta<\/li>\n<li>Ideal para espa\u00e7os apertados: o roquete pode ser utilizado com ou sem adaptador de bits<\/li>\n<li>Bolsa fix\u00e1vel ao selim e ao espig\u00e3o do selim<\/li>\n<li>Sem ru\u00eddos inc\u00f3modos durante a condu\u00e7\u00e3o gra\u00e7as ao fecho em pl\u00e1stico<\/li>\n<\/ul>","protected":false},"excerpt":{"rendered":"<p>Manuseamento ergon\u00f3mico com roquete para bits e adaptador de bits Sele\u00e7\u00e3o de bits e chaves de caixa adaptada aos parafusos<\/p>","protected":false},"featured_media":30804,"template":"","meta":[],"product_brand":[64],"product_cat":[102],"product_tag":[],"class_list":{"0":"post-29374","1":"product","2":"type-product","3":"status-publish","4":"has-post-thumbnail","6":"product_brand-gedore","7":"product_cat-jogos","9":"first","10":"instock","11":"sale","12":"purchasable","13":"product-type-simple"},"_links":{"self":[{"href":"https:\/\/equipment-pt3.com\/en\/wp-json\/wp\/v2\/product\/29374","targetHints":{"allow":["GET"]}}],"collection":[{"href":"https:\/\/equipment-pt3.com\/en\/wp-json\/wp\/v2\/product"}],"about":[{"href":"https:\/\/equipment-pt3.com\/en\/wp-json\/wp\/v2\/types\/product"}],"version-history":[{"count":2,"href":"https:\/\/equipment-pt3.com\/en\/wp-json\/wp\/v2\/product\/29374\/revisions"}],"predecessor-version":[{"id":30803,"href":"https:\/\/equipment-pt3.com\/en\/wp-json\/wp\/v2\/product\/29374\/revisions\/30803"}],"wp:featuredmedia":[{"embeddable":true,"href":"https:\/\/equipment-pt3.com\/en\/wp-json\/wp\/v2\/media\/30804"}],"wp:attachment":[{"href":"https:\/\/equipment-pt3.com\/en\/wp-json\/wp\/v2\/media?parent=29374"}],"wp:term":[{"taxonomy":"product_brand","embeddable":true,"href":"https:\/\/equipment-pt3.com\/en\/wp-json\/wp\/v2\/product_brand?post=29374"},{"taxonomy":"product_cat","embeddable":true,"href":"https:\/\/equipment-pt3.com\/en\/wp-json\/wp\/v2\/product_cat?post=29374"},{"taxonomy":"product_tag","embeddable":true,"href":"https:\/\/equipment-pt3.com\/en\/wp-json\/wp\/v2\/product_tag?post=29374"}],"curies":[{"name":"wp","href":"https:\/\/api.w.org\/{rel}","templated":true}]}}