{"id":29375,"date":"2026-02-03T13:10:17","date_gmt":"2026-02-03T13:10:17","guid":{"rendered":"https:\/\/equipment-pt3.com\/produto\/r19002676-kit-de-molas-plasticas-676-pcs\/"},"modified":"2026-02-12T10:38:24","modified_gmt":"2026-02-12T10:38:24","slug":"r19002676-kit-de-molas-plasticas-676-pcs","status":"publish","type":"product","link":"https:\/\/equipment-pt3.com\/en\/product\/r19002676-kit-de-molas-plasticas-676-pcs\/","title":{"rendered":"R19002676 Kit de molas pl\u00e1sticas 676 PCS"},"content":{"rendered":"<p>Ideal para trabalhos de repara\u00e7\u00e3o no ve\u00edculo, por exemplo em pain\u00e9is de portas, revestimentos, tampas da bagageira, para-choques, etc.<\/p>\n<p>O kit inclui uma ampla sele\u00e7\u00e3o de clipes de fixa\u00e7\u00e3o e rebites expans\u00edveis comuns, organizados de forma clara num pr\u00e1tico sistema de caixas empilh\u00e1veis.<\/p>\n<p>Inclui ainda almofadas de espuma autocolantes para amortecimento de ru\u00eddo de pe\u00e7as de revestimento, clipes com abra\u00e7adeiras para fixa\u00e7\u00e3o de cablagens e condutas, bem como uma alavanca de montagem para soltar e remover clipes de fixa\u00e7\u00e3o e rebites expans\u00edveis.<\/p>","protected":false},"excerpt":{"rendered":"<p>Ideal para trabalhos de repara\u00e7\u00e3o no ve\u00edculo, por exemplo em pain\u00e9is de portas, revestimentos, tampas da bagageira, para-choques, etc. O<\/p>","protected":false},"featured_media":30812,"template":"","meta":[],"product_brand":[64],"product_cat":[102],"product_tag":[],"class_list":{"0":"post-29375","1":"product","2":"type-product","3":"status-publish","4":"has-post-thumbnail","6":"product_brand-gedore","7":"product_cat-jogos","9":"first","10":"instock","11":"sale","12":"purchasable","13":"product-type-simple"},"_links":{"self":[{"href":"https:\/\/equipment-pt3.com\/en\/wp-json\/wp\/v2\/product\/29375","targetHints":{"allow":["GET"]}}],"collection":[{"href":"https:\/\/equipment-pt3.com\/en\/wp-json\/wp\/v2\/product"}],"about":[{"href":"https:\/\/equipment-pt3.com\/en\/wp-json\/wp\/v2\/types\/product"}],"version-history":[{"count":2,"href":"https:\/\/equipment-pt3.com\/en\/wp-json\/wp\/v2\/product\/29375\/revisions"}],"predecessor-version":[{"id":30815,"href":"https:\/\/equipment-pt3.com\/en\/wp-json\/wp\/v2\/product\/29375\/revisions\/30815"}],"wp:featuredmedia":[{"embeddable":true,"href":"https:\/\/equipment-pt3.com\/en\/wp-json\/wp\/v2\/media\/30812"}],"wp:attachment":[{"href":"https:\/\/equipment-pt3.com\/en\/wp-json\/wp\/v2\/media?parent=29375"}],"wp:term":[{"taxonomy":"product_brand","embeddable":true,"href":"https:\/\/equipment-pt3.com\/en\/wp-json\/wp\/v2\/product_brand?post=29375"},{"taxonomy":"product_cat","embeddable":true,"href":"https:\/\/equipment-pt3.com\/en\/wp-json\/wp\/v2\/product_cat?post=29375"},{"taxonomy":"product_tag","embeddable":true,"href":"https:\/\/equipment-pt3.com\/en\/wp-json\/wp\/v2\/product_tag?post=29375"}],"curies":[{"name":"wp","href":"https:\/\/api.w.org\/{rel}","templated":true}]}}