{"id":29377,"date":"2026-02-03T13:10:17","date_gmt":"2026-02-03T13:10:17","guid":{"rendered":"https:\/\/equipment-pt3.com\/produto\/r21652101-jogo-em-mala-master-xl\/"},"modified":"2026-02-12T10:38:24","modified_gmt":"2026-02-12T10:38:24","slug":"r21652101-jogo-em-mala-master-xl","status":"publish","type":"product","link":"https:\/\/equipment-pt3.com\/en\/product\/r21652101-jogo-em-mala-master-xl\/","title":{"rendered":"R21652101 Jogo em Mala MASTER XL"},"content":{"rendered":"<ul>\n<li>Conjunto completo para profissionais, adequado para apertar, desapertar, cortar, medir e muitas outras tarefas e desafios no estaleiro de obra.<\/li>\n<li>A pega de transporte ergon\u00f3mica de 2 componentes (2C) garante um transporte f\u00e1cil e confort\u00e1vel das ferramentas.<\/li>\n<li>As 2 molas a g\u00e1s integradas mant\u00eam a mala aberta e protegem contra fechos bruscos.<\/li>\n<li>Olhais refor\u00e7ados compat\u00edveis com qualquer tipo de cadeado.<\/li>\n<\/ul>\n<p>Lista de pe\u00e7as:<\/p>\n<ul>\n<li>Caixa de bits 1\/4\u201d, 32 pe\u00e7as, fenda, PH, PZ, TX, sextavado<\/li>\n<li>Jogo de chaves de caixa sextavadas 1\/4\u201d, 46 pe\u00e7as, 4\u201314 mm<\/li>\n<li>Jogo de chaves combinadas com roquete, 5 pe\u00e7as, 8\u201319 mm<\/li>\n<li>Porta-bits 2C 1\/4\u201d, 100 mm<\/li>\n<li>Chaves de fendas 2C de ranhura: 4 \/ 5,5 \/ 6,5 mm<\/li>\n<li>Chaves Phillips 2C: PH1, PH2<\/li>\n<li>Chaves Pozidriv 2C: PZ1, PZ2<\/li>\n<li>Testador de tens\u00e3o 220\u2013250 V, ranhura 3,5 mm<\/li>\n<li>Alicate universal 2C, 180 mm<\/li>\n<li>Alicate de corte lateral 2C (power), 180 mm<\/li>\n<li>Alicate bomba de \u00e1gua 10\u201d, ajust\u00e1vel em 7 posi\u00e7\u00f5es<\/li>\n<li>Form\u00e3o plano, oval, 200 \u00d7 24 \u00d7 13 mm<\/li>\n<li>Esp\u00e1tula 60 mm<\/li>\n<li>Metro articulado de madeira 2 m, Classe III<\/li>\n<li>N\u00edvel de bolha 300 mm<\/li>\n<li>Martelo de mec\u00e2nico 300 g, cabo de freixo 300 mm<\/li>\n<\/ul>\n<p>Conte\u00fado (n.\u00ba de pe\u00e7as): 101<\/p>","protected":false},"excerpt":{"rendered":"<p>Conjunto completo para profissionais, adequado para apertar, desapertar, cortar, medir e muitas outras tarefas e desafios no estaleiro de obra.<\/p>","protected":false},"featured_media":30231,"template":"","meta":[],"product_brand":[64],"product_cat":[102],"product_tag":[],"class_list":{"0":"post-29377","1":"product","2":"type-product","3":"status-publish","4":"has-post-thumbnail","6":"product_brand-gedore","7":"product_cat-jogos","9":"first","10":"instock","11":"sale","12":"purchasable","13":"product-type-simple"},"_links":{"self":[{"href":"https:\/\/equipment-pt3.com\/en\/wp-json\/wp\/v2\/product\/29377","targetHints":{"allow":["GET"]}}],"collection":[{"href":"https:\/\/equipment-pt3.com\/en\/wp-json\/wp\/v2\/product"}],"about":[{"href":"https:\/\/equipment-pt3.com\/en\/wp-json\/wp\/v2\/types\/product"}],"version-history":[{"count":5,"href":"https:\/\/equipment-pt3.com\/en\/wp-json\/wp\/v2\/product\/29377\/revisions"}],"predecessor-version":[{"id":30244,"href":"https:\/\/equipment-pt3.com\/en\/wp-json\/wp\/v2\/product\/29377\/revisions\/30244"}],"wp:featuredmedia":[{"embeddable":true,"href":"https:\/\/equipment-pt3.com\/en\/wp-json\/wp\/v2\/media\/30231"}],"wp:attachment":[{"href":"https:\/\/equipment-pt3.com\/en\/wp-json\/wp\/v2\/media?parent=29377"}],"wp:term":[{"taxonomy":"product_brand","embeddable":true,"href":"https:\/\/equipment-pt3.com\/en\/wp-json\/wp\/v2\/product_brand?post=29377"},{"taxonomy":"product_cat","embeddable":true,"href":"https:\/\/equipment-pt3.com\/en\/wp-json\/wp\/v2\/product_cat?post=29377"},{"taxonomy":"product_tag","embeddable":true,"href":"https:\/\/equipment-pt3.com\/en\/wp-json\/wp\/v2\/product_tag?post=29377"}],"curies":[{"name":"wp","href":"https:\/\/api.w.org\/{rel}","templated":true}]}}