{"id":29378,"date":"2026-02-03T13:10:18","date_gmt":"2026-02-03T13:10:18","guid":{"rendered":"https:\/\/equipment-pt3.com\/produto\/r21902072-trolley-canalizador\/"},"modified":"2026-02-12T10:38:04","modified_gmt":"2026-02-12T10:38:04","slug":"r21902072-trolley-canalizador","status":"publish","type":"product","link":"https:\/\/equipment-pt3.com\/en\/product\/r21902072-trolley-canalizador\/","title":{"rendered":"R21902072 Trolley Canalizador"},"content":{"rendered":"<ul>\n<li>Conjunto de ferramentas com 72 pe\u00e7as para todos os trabalhos standard nas \u00e1reas de canaliza\u00e7\u00e3o, aquecimento e ar condicionado<\/li>\n<li>Ideal para utiliza\u00e7\u00e3o m\u00f3vel e para transporte a\u00e9reo<\/li>\n<li>Mala\/trolley de ferramentas robusta, estanque ao p\u00f3 e \u00e0 \u00e1gua<\/li>\n<li>Pode ser trancada com cadeados<\/li>\n<li>Olhais refor\u00e7ados compat\u00edveis com qualquer tipo de cadeado<\/li>\n<li>As 2 molas a g\u00e1s integradas mant\u00eam a mala aberta e protegem contra fechos bruscos<\/li>\n<\/ul>","protected":false},"excerpt":{"rendered":"<p>Conjunto de ferramentas com 72 pe\u00e7as para todos os trabalhos standard nas \u00e1reas de canaliza\u00e7\u00e3o, aquecimento e ar condicionado Ideal<\/p>","protected":false},"featured_media":30613,"template":"","meta":[],"product_brand":[64],"product_cat":[34],"product_tag":[],"class_list":{"0":"post-29378","1":"product","2":"type-product","3":"status-publish","4":"has-post-thumbnail","6":"product_brand-gedore","7":"product_cat-ferramentas-eletricas","9":"first","10":"instock","11":"sale","12":"purchasable","13":"product-type-simple"},"_links":{"self":[{"href":"https:\/\/equipment-pt3.com\/en\/wp-json\/wp\/v2\/product\/29378","targetHints":{"allow":["GET"]}}],"collection":[{"href":"https:\/\/equipment-pt3.com\/en\/wp-json\/wp\/v2\/product"}],"about":[{"href":"https:\/\/equipment-pt3.com\/en\/wp-json\/wp\/v2\/types\/product"}],"version-history":[{"count":2,"href":"https:\/\/equipment-pt3.com\/en\/wp-json\/wp\/v2\/product\/29378\/revisions"}],"predecessor-version":[{"id":30626,"href":"https:\/\/equipment-pt3.com\/en\/wp-json\/wp\/v2\/product\/29378\/revisions\/30626"}],"wp:featuredmedia":[{"embeddable":true,"href":"https:\/\/equipment-pt3.com\/en\/wp-json\/wp\/v2\/media\/30613"}],"wp:attachment":[{"href":"https:\/\/equipment-pt3.com\/en\/wp-json\/wp\/v2\/media?parent=29378"}],"wp:term":[{"taxonomy":"product_brand","embeddable":true,"href":"https:\/\/equipment-pt3.com\/en\/wp-json\/wp\/v2\/product_brand?post=29378"},{"taxonomy":"product_cat","embeddable":true,"href":"https:\/\/equipment-pt3.com\/en\/wp-json\/wp\/v2\/product_cat?post=29378"},{"taxonomy":"product_tag","embeddable":true,"href":"https:\/\/equipment-pt3.com\/en\/wp-json\/wp\/v2\/product_tag?post=29378"}],"curies":[{"name":"wp","href":"https:\/\/api.w.org\/{rel}","templated":true}]}}