{"id":29380,"date":"2026-02-03T13:10:18","date_gmt":"2026-02-03T13:10:18","guid":{"rendered":"https:\/\/equipment-pt3.com\/produto\/skil-3920-dc-rebarbadora-sem-fio\/"},"modified":"2026-02-12T10:38:04","modified_gmt":"2026-02-12T10:38:04","slug":"skil-3920-dc-rebarbadora-sem-fio","status":"publish","type":"product","link":"https:\/\/equipment-pt3.com\/en\/product\/skil-3920-dc-rebarbadora-sem-fio\/","title":{"rendered":"SKIL 3920 DC Rebarbadora sem fio"},"content":{"rendered":"<p>A SKIL 3920 \u00ab20V Max\u00bb (18 V) \u00e9 uma rebarbadora sem fio potente compat\u00edvel com discos de 115 mm. Esta ferramenta \u00e9 ideal para desbaste e corte f\u00e1cil e controlado. O sistema de \u00abClic\u00bb permite-lhe ajustar facilmente o resguardo sem necessidade de chave, para poder desviar as fa\u00edscas em qualquer dire\u00e7\u00e3o desejada. E, dependendo da tarefa que tem em m\u00e3os, pode ajustar facilmente o punho lateral em tr\u00eas posi\u00e7\u00f5es confort\u00e1veis. Gra\u00e7as ao dep\u00f3sito para chave integrado no punho lateral, a chave est\u00e1 sempre acess\u00edvel para mudar os acess\u00f3rios. Esta rebarbadora sem fio disp\u00f5e de um arranque suave eletr\u00f3nico para um aumento gradual de velocidade at\u00e9 ao m\u00e1ximo sem contra-golpes. Al\u00e9m disso, o design ergon\u00f3mico com Softgrip assegura um conforto de trabalho extra. \u00c9 f\u00e1cil mudar ou substituir os discos, gra\u00e7as ao pr\u00e1tico sistema de bloqueio do fuso. A SKIL 3920 DC \u00e9 fornecida num saco de transporte com uma bateria \u00ab20V Max\u00bb (18 V) 4,0 Ah \u00abKeep Cool\u00bb e um carregador r\u00e1pido.<\/p>\n<p><strong>Caracter\u00edsticas:<\/strong><\/p>\n<ul>\n<li>Rebarbadora sem fio \u00ab20V Max\u00bb (18 V) potente para um desbaste ou corte f\u00e1cil e controlado<\/li>\n<li>Ao conectar a bateria com o interruptor na posi\u00e7\u00e3o ON, a prote\u00e7\u00e3o contra o rearranque assegura que a ferramenta n\u00e3o arranca automaticamente<\/li>\n<li>Arranque suave para um aumento gradual de velocidade at\u00e9 ao m\u00e1ximo, evitando contragolpes<\/li>\n<li>Punho lateral com tr\u00eas posi\u00e7\u00f5es para uma preens\u00e3o \u00f3tima em todas as aplica\u00e7\u00f5es<\/li>\n<li>O resguardo com sistema \u00abClic\u00bb pode ser ajustado em segundos a qualquer situa\u00e7\u00e3o de trabalho<\/li>\n<li>F\u00e1cil de manusear gra\u00e7as ao seu design leve e compacto<\/li>\n<li>Bloqueio do fuso para mudar de acess\u00f3rio facilmente<\/li>\n<li>Dep\u00f3sito integrado para chave no punho lateral<\/li>\n<li>Tecnologia de i\u00f5es de l\u00edtio: sem efeito mem\u00f3ria, sem descarga espont\u00e2nea e sempre pronta a utilizar<\/li>\n<li>O indicador do n\u00edvel de carga da bateria patenteado exibe comodamente o n\u00edvel de carga da bateria<\/li>\n<li>Softgrip e punho de tamanho ergon\u00f3mico para excelente conforto e ergonomia<\/li>\n<\/ul>","protected":false},"excerpt":{"rendered":"<p>A SKIL 3920 \u00ab20V Max\u00bb (18 V) \u00e9 uma rebarbadora sem fio potente compat\u00edvel com discos de 115 mm. Esta<\/p>","protected":false},"featured_media":30596,"template":"","meta":[],"product_brand":[67],"product_cat":[34],"product_tag":[],"class_list":{"0":"post-29380","1":"product","2":"type-product","3":"status-publish","4":"has-post-thumbnail","6":"product_brand-skil","7":"product_cat-ferramentas-eletricas","9":"first","10":"instock","11":"sale","12":"purchasable","13":"product-type-simple"},"_links":{"self":[{"href":"https:\/\/equipment-pt3.com\/en\/wp-json\/wp\/v2\/product\/29380","targetHints":{"allow":["GET"]}}],"collection":[{"href":"https:\/\/equipment-pt3.com\/en\/wp-json\/wp\/v2\/product"}],"about":[{"href":"https:\/\/equipment-pt3.com\/en\/wp-json\/wp\/v2\/types\/product"}],"version-history":[{"count":3,"href":"https:\/\/equipment-pt3.com\/en\/wp-json\/wp\/v2\/product\/29380\/revisions"}],"predecessor-version":[{"id":30603,"href":"https:\/\/equipment-pt3.com\/en\/wp-json\/wp\/v2\/product\/29380\/revisions\/30603"}],"wp:featuredmedia":[{"embeddable":true,"href":"https:\/\/equipment-pt3.com\/en\/wp-json\/wp\/v2\/media\/30596"}],"wp:attachment":[{"href":"https:\/\/equipment-pt3.com\/en\/wp-json\/wp\/v2\/media?parent=29380"}],"wp:term":[{"taxonomy":"product_brand","embeddable":true,"href":"https:\/\/equipment-pt3.com\/en\/wp-json\/wp\/v2\/product_brand?post=29380"},{"taxonomy":"product_cat","embeddable":true,"href":"https:\/\/equipment-pt3.com\/en\/wp-json\/wp\/v2\/product_cat?post=29380"},{"taxonomy":"product_tag","embeddable":true,"href":"https:\/\/equipment-pt3.com\/en\/wp-json\/wp\/v2\/product_tag?post=29380"}],"curies":[{"name":"wp","href":"https:\/\/api.w.org\/{rel}","templated":true}]}}