{"id":29381,"date":"2026-02-03T13:10:18","date_gmt":"2026-02-03T13:10:18","guid":{"rendered":"https:\/\/equipment-pt3.com\/produto\/skil-3922-da-rebarbadora-a-bateria-brushless\/"},"modified":"2026-02-18T09:37:21","modified_gmt":"2026-02-18T09:37:21","slug":"skil-3922-da-rebarbadora-a-bateria-brushless","status":"publish","type":"product","link":"https:\/\/equipment-pt3.com\/en\/product\/skil-3922-da-rebarbadora-a-bateria-brushless\/","title":{"rendered":"SKIL 3922 DA Rebarbadora a bateria &#8220;Brushless&#8221;"},"content":{"rendered":"<div class=\"\">\n<p>A SKIL 3922 \u00ab20V Max\u00bb (18 V) \u00e9 uma rebarbadora sem fio potente compat\u00edvel com discos de 115 mm.<br \/>\nEsta ferramenta \u00e9 ideal para desbaste e corte f\u00e1cil e controlado, gra\u00e7as \u00e0s suas \u00e1reas Softgrip e ao di\u00e2metro estreito do punho. Para maior conforto e seguran\u00e7a, o arranque suave eletr\u00f3nico proporciona um aumento gradual at\u00e9 \u00e0 velocidade m\u00e1xima sem contragolpes.<br \/>\nO sistema \u00abCLIC\u00bb permite-lhe ajustar sem esfor\u00e7o o resguardo sem necessidade de chave, para poder desviar as fa\u00edscas em qualquer dire\u00e7\u00e3o desejada. E, dependendo da tarefa que tem em m\u00e3os, pode ajustar facilmente o punho lateral em tr\u00eas posi\u00e7\u00f5es confort\u00e1veis. A mudan\u00e7a ou substitui\u00e7\u00e3o dos discos \u00e9 c\u00f3moda, gra\u00e7as ao pr\u00e1tico sistema de bloqueio do fuso.<br \/>\na prote\u00e7\u00e3o contra o rearranque assegura que a ferramenta n\u00e3o arranca automaticamente ao conectar uma bateria. A prote\u00e7\u00e3o contra sobrecargas assegura uma vida \u00fatil mais longa da ferramenta.<br \/>\nA SKIL 3922DA \u00e9 fornecida com uma bateria \u00ab20V Max\u00bb (18 V) de 4,0Ah, um carregador de 2,4A e um saco de transporte robusto<\/p>\n<p><strong>Caracter\u00edsticas:<\/strong><\/p>\n<ul>\n<li>ACTIVECELL \u2122: bateria inteligente patenteada e intera\u00e7\u00e3o de ferramentas, para o m\u00e1ximo desempenho e prote\u00e7\u00e3o da bateria<\/li>\n<li>A gama sem escovas da SKIL, com eletr\u00f3nica avan\u00e7ada, oferece uma rela\u00e7\u00e3o qualidade\/pre\u00e7o inigual\u00e1vel<\/li>\n<li>Rebarbadora sem fio \u00ab20V Max\u00bb (18 V) potente para um desbaste ou corte f\u00e1cil e controlado<\/li>\n<li>Softgrip e di\u00e2metro m\u00ednimo do punho para manuseamento confort\u00e1vel e controlo ideal<\/li>\n<li>Punho lateral com tr\u00eas posi\u00e7\u00f5es para uma preens\u00e3o ideal em todas as aplica\u00e7\u00f5es<\/li>\n<li>O resguardo com sistema \u00abCLIC\u00bb pode ser ajustado em segundos a qualquer situa\u00e7\u00e3o de trabalho<\/li>\n<li>Bloqueio do fuso para mudar de acess\u00f3rio facilmente<\/li>\n<li>Ao conectar a bateria com o interruptor na posi\u00e7\u00e3o ON, a prote\u00e7\u00e3o contra o rearranque assegura que a ferramenta n\u00e3o arranca automaticamente<\/li>\n<li>A prote\u00e7\u00e3o contra sobrecargas protege o motor<\/li>\n<li>Arranque suave eletr\u00f3nico para um aumento gradual de velocidade at\u00e9 ao m\u00e1ximo, evitando contragolpes<\/li>\n<li>Tecnologia de i\u00f5es de l\u00edtio: sem efeito mem\u00f3ria, sem descarga espont\u00e2nea e sempre pronta a utilizar<\/li>\n<\/ul>\n<\/div>\n<p>&nbsp;<\/p>","protected":false},"excerpt":{"rendered":"<p>A SKIL 3922 \u00ab20V Max\u00bb (18 V) \u00e9 uma rebarbadora sem fio potente compat\u00edvel com discos de 115 mm. Esta<\/p>","protected":false},"featured_media":30681,"template":"","meta":[],"product_brand":[67],"product_cat":[34],"product_tag":[],"class_list":{"0":"post-29381","1":"product","2":"type-product","3":"status-publish","4":"has-post-thumbnail","6":"product_brand-skil","7":"product_cat-ferramentas-eletricas","9":"first","10":"instock","11":"sale","12":"purchasable","13":"product-type-simple"},"_links":{"self":[{"href":"https:\/\/equipment-pt3.com\/en\/wp-json\/wp\/v2\/product\/29381","targetHints":{"allow":["GET"]}}],"collection":[{"href":"https:\/\/equipment-pt3.com\/en\/wp-json\/wp\/v2\/product"}],"about":[{"href":"https:\/\/equipment-pt3.com\/en\/wp-json\/wp\/v2\/types\/product"}],"version-history":[{"count":3,"href":"https:\/\/equipment-pt3.com\/en\/wp-json\/wp\/v2\/product\/29381\/revisions"}],"predecessor-version":[{"id":30694,"href":"https:\/\/equipment-pt3.com\/en\/wp-json\/wp\/v2\/product\/29381\/revisions\/30694"}],"wp:featuredmedia":[{"embeddable":true,"href":"https:\/\/equipment-pt3.com\/en\/wp-json\/wp\/v2\/media\/30681"}],"wp:attachment":[{"href":"https:\/\/equipment-pt3.com\/en\/wp-json\/wp\/v2\/media?parent=29381"}],"wp:term":[{"taxonomy":"product_brand","embeddable":true,"href":"https:\/\/equipment-pt3.com\/en\/wp-json\/wp\/v2\/product_brand?post=29381"},{"taxonomy":"product_cat","embeddable":true,"href":"https:\/\/equipment-pt3.com\/en\/wp-json\/wp\/v2\/product_cat?post=29381"},{"taxonomy":"product_tag","embeddable":true,"href":"https:\/\/equipment-pt3.com\/en\/wp-json\/wp\/v2\/product_tag?post=29381"}],"curies":[{"name":"wp","href":"https:\/\/api.w.org\/{rel}","templated":true}]}}