{"id":29383,"date":"2026-02-03T13:10:18","date_gmt":"2026-02-03T13:10:18","guid":{"rendered":"https:\/\/equipment-pt3.com\/produto\/skil-3930-db-rebarbadora-sem-fio-xp-brushless\/"},"modified":"2026-02-18T09:38:29","modified_gmt":"2026-02-18T09:38:29","slug":"skil-3930-db-rebarbadora-sem-fio-xp-brushless","status":"publish","type":"product","link":"https:\/\/equipment-pt3.com\/en\/product\/skil-3930-db-rebarbadora-sem-fio-xp-brushless\/","title":{"rendered":"SKIL 3930 DB Rebarbadora sem fio \u00abXP brushless\u00bb"},"content":{"rendered":"<p>A SKIL 3930 \u00ab20V Max\u00bb \u00e9 uma rebarbadora sem fio potente e faz parte da gama SKIL \u00abbrushless XP\u00bb. As ferramentas \u00abXP\u00bb proporcionam um desempenho e uma durabilidade excecionais, gra\u00e7as \u00e0s suas especifica\u00e7\u00f5es de topo e aos motores sem escovas digitais avan\u00e7ados. Como todas as outras ferramentas sem fio SKIL \u00ab20V Max\u00bb, este modelo \u00e9 alimentado pela tecnologia avan\u00e7ada de bateria e carregador l\u00edder na ind\u00fastria \u00abPWRCORE 20\u2122\u00bb. A SKIL 3930 sem escovas \u00e9 ideal para cortes r\u00e1pidos e retifica\u00e7\u00e3o sem esfor\u00e7o com o seu disco de 125 mm. Uma inova\u00e7\u00e3o soberba \u00e9 o \u00abVRS+\u00bb da SKIL, um sistema de redu\u00e7\u00e3o de vibra\u00e7\u00f5es superior em compara\u00e7\u00e3o com os sistema tradicionais. No punho lateral desta rebarbadora existe um contrapeso que se pode deslocar em todas as dire\u00e7\u00f5es. Este designado absorvente din\u00e2mico reduz as vibra\u00e7\u00f5es a um m\u00ednimo absoluto. E, dependendo da tarefa que tem em m\u00e3os, pode ajustar facilmente o punho lateral em tr\u00eas posi\u00e7\u00f5es confort\u00e1veis. O motor sem escovas digital fornece mais pot\u00eancia, mais efici\u00eancia e uma vida \u00fatil 10x mais longa do que um motor com escovas compar\u00e1vel. Esta rebarbadora sem fio disp\u00f5e de um arranque suave eletr\u00f3nico para um aumento gradual de velocidade at\u00e9 ao m\u00e1ximo sem contra-golpes. O sistema de \u00abClic\u00bb permite-lhe ajustar facilmente o resguardo sem necessidade de chave, para poder desviar as fa\u00edscas em qualquer dire\u00e7\u00e3o desejada. O carregador SKIL \u00abPWRJUMP\u2122\u00bb carrega automaticamente a sua bateria \u00abPWRCORE 20\u2122\u00bb de 0% a 15% nos primeiros 5 minutos, para que possa retomar o trabalho num instante. O adaptador USB \u00abPWRASSIST\u2122\u00bb permite o carregamento de dispositivos m\u00f3veis em movimento. A SKIL 3930 DB \u00e9 fornecida num saco de transporte com uma bateria de 4,0Ah \u00abKEEPCOOL\u2122\u00bb, um carregador muito r\u00e1pido \u00abAuto PWRJUMP\u2122\u00bb de 6,0A, um adaptador de carregamento USB \u00abPWRASSIST\u2122\u00bb, um disco de rebarbar e um punho lateral \u00abVRS+\u00bb.<\/p>\n<p>&nbsp;<\/p>\n<p><strong>Caracter\u00edsticas:<\/strong><\/p>\n<ul>\n<li>\u00abPWRASSIST\u2122\u00bb: O adaptador USB permite o carregamento de dispositivos m\u00f3veis em movimento<\/li>\n<li>\u00abPWRJUMP\u2122\u00bb autom\u00e1tico: carrega de 0% a 15% nos primeiros 5 minutos (bateria de 4,0\u00a0Ah\/100% em 50 minutos)<\/li>\n<li>Motor sem escovas digital: Mais pot\u00eancia, mais efic\u00e1cia e uma vida \u00fatil 10x mais longa<\/li>\n<li>Punho lateral com \u00abVRS+\u00bb: Sistema de redu\u00e7\u00e3o de vibra\u00e7\u00f5es exclusivo e superior<\/li>\n<li>Arranque suave para um aumento gradual de velocidade at\u00e9 ao m\u00e1ximo, evitando contragolpes<\/li>\n<li>A prote\u00e7\u00e3o contra sobrecargas protege o motor<\/li>\n<li>Ao conectar a bateria com o interruptor na posi\u00e7\u00e3o ON, a prote\u00e7\u00e3o contra o rearranque assegura que a ferramenta n\u00e3o arranca automaticamente<\/li>\n<li>Punho lateral com tr\u00eas posi\u00e7\u00f5es para uma preens\u00e3o \u00f3tima em todas as aplica\u00e7\u00f5es<\/li>\n<li>O resguardo com sistema \u00abClic\u00bb pode ser ajustado em segundos a qualquer situa\u00e7\u00e3o de trabalho<\/li>\n<li>Bloqueio do fuso para mudar de acess\u00f3rio facilmente<\/li>\n<li>Tecnologia de i\u00f5es de l\u00edtio: sem efeito mem\u00f3ria, sem descarga espont\u00e2nea e sempre pronta a utilizar<\/li>\n<li>Punho Softgrip antiderrapante para maior comodidade do utilizador<\/li>\n<\/ul>","protected":false},"excerpt":{"rendered":"<p>A SKIL 3930 \u00ab20V Max\u00bb \u00e9 uma rebarbadora sem fio potente e faz parte da gama SKIL \u00abbrushless XP\u00bb. As<\/p>","protected":false},"featured_media":30759,"template":"","meta":[],"product_brand":[67],"product_cat":[34],"product_tag":[],"class_list":{"0":"post-29383","1":"product","2":"type-product","3":"status-publish","4":"has-post-thumbnail","6":"product_brand-skil","7":"product_cat-ferramentas-eletricas","9":"first","10":"instock","11":"sale","12":"purchasable","13":"product-type-simple"},"_links":{"self":[{"href":"https:\/\/equipment-pt3.com\/en\/wp-json\/wp\/v2\/product\/29383","targetHints":{"allow":["GET"]}}],"collection":[{"href":"https:\/\/equipment-pt3.com\/en\/wp-json\/wp\/v2\/product"}],"about":[{"href":"https:\/\/equipment-pt3.com\/en\/wp-json\/wp\/v2\/types\/product"}],"version-history":[{"count":3,"href":"https:\/\/equipment-pt3.com\/en\/wp-json\/wp\/v2\/product\/29383\/revisions"}],"predecessor-version":[{"id":30760,"href":"https:\/\/equipment-pt3.com\/en\/wp-json\/wp\/v2\/product\/29383\/revisions\/30760"}],"wp:featuredmedia":[{"embeddable":true,"href":"https:\/\/equipment-pt3.com\/en\/wp-json\/wp\/v2\/media\/30759"}],"wp:attachment":[{"href":"https:\/\/equipment-pt3.com\/en\/wp-json\/wp\/v2\/media?parent=29383"}],"wp:term":[{"taxonomy":"product_brand","embeddable":true,"href":"https:\/\/equipment-pt3.com\/en\/wp-json\/wp\/v2\/product_brand?post=29383"},{"taxonomy":"product_cat","embeddable":true,"href":"https:\/\/equipment-pt3.com\/en\/wp-json\/wp\/v2\/product_cat?post=29383"},{"taxonomy":"product_tag","embeddable":true,"href":"https:\/\/equipment-pt3.com\/en\/wp-json\/wp\/v2\/product_tag?post=29383"}],"curies":[{"name":"wp","href":"https:\/\/api.w.org\/{rel}","templated":true}]}}