{"id":29384,"date":"2026-02-03T13:10:18","date_gmt":"2026-02-03T13:10:18","guid":{"rendered":"https:\/\/equipment-pt3.com\/produto\/skil-3930-fa-rebarbadora-sem-fio-xp-brushless\/"},"modified":"2026-02-18T09:40:45","modified_gmt":"2026-02-18T09:40:45","slug":"skil-3930-fa-rebarbadora-sem-fio-xp-brushless","status":"publish","type":"product","link":"https:\/\/equipment-pt3.com\/en\/product\/skil-3930-fa-rebarbadora-sem-fio-xp-brushless\/","title":{"rendered":"SKIL 3930 FA Rebarbadora sem fio \u00abXP brushless\u00bb"},"content":{"rendered":"<p>A SKIL 3930 20V Max \u00e9 uma rebarbadora sem fios potente que faz parte da gama \u201cXP brushless\u201d da SKIL. As ferramentas XP oferecem desempenho e durabilidade excecionais gra\u00e7as \u00e0s suas especifica\u00e7\u00f5es avan\u00e7adas e ao motor inovador sem escovas. Tal como todas as outras ferramentas sem fios 20V Max da SKIL, este modelo \u00e9 alimentado pela bateria e carregador PWRCORE 20\u2122, tecnologicamente avan\u00e7ados.<\/p>\n<p>Equipada com um disco de 125 mm, a rebarbadora sem fios SKIL 3930 \u00e9 ideal para realizar cortes r\u00e1pidos e para rebarbar sem esfor\u00e7o. A inova\u00e7\u00e3o SKIL \u201cVRS+\u201d assegura uma redu\u00e7\u00e3o de vibra\u00e7\u00f5es muito superior aos sistemas convencionais. Um contrapeso multidirecional est\u00e1 integrado no punho lateral desta rebarbadora, funcionando como amortecedor din\u00e2mico e reduzindo as vibra\u00e7\u00f5es ao m\u00ednimo absoluto. O punho lateral pode ser facilmente ajustado em tr\u00eas posi\u00e7\u00f5es ergon\u00f3micas, conforme o trabalho a executar.<\/p>\n<p>O motor sem escovas proporciona mais pot\u00eancia, maior efici\u00eancia e uma vida \u00fatil at\u00e9 10 vezes superior \u00e0 de um motor com escovas equivalente. Esta rebarbadora inclui arranque suave, permitindo uma acelera\u00e7\u00e3o gradual at\u00e9 \u00e0 velocidade m\u00e1xima sem recuos. O sistema Clic possibilita ajustar facilmente, sem chave, o resguardo de prote\u00e7\u00e3o, direcionando as fa\u00edscas para a posi\u00e7\u00e3o pretendida. Al\u00e9m disso, o design ergon\u00f3mico com punho bimaterial garante uma pega confort\u00e1vel e segura.<\/p>\n<p>O pr\u00e1tico sistema de bloqueio do veio permite substituir o disco de forma r\u00e1pida e simples. A rebarbadora SKIL 3930 FA \u00e9 fornecida numa mala\/saco de transporte com um disco de desbaste e um punho lateral VRS+. A bateria e o carregador n\u00e3o est\u00e3o inclu\u00eddos.<\/p>\n<p><strong>Caracter\u00edsticas:<\/strong><\/p>\n<ul>\n<li>Motor sem escovas: mais pot\u00eancia, maior efici\u00eancia e vida \u00fatil at\u00e9 10 vezes superior<\/li>\n<li>Punho lateral com VRS+: sistema inovador e eficiente de redu\u00e7\u00e3o de vibra\u00e7\u00f5es<\/li>\n<li>Arranque suave: a velocidade aumenta gradualmente para evitar efeitos de recuo<\/li>\n<li>Prote\u00e7\u00e3o contra sobrecarga do motor<\/li>\n<li>Em caso de inser\u00e7\u00e3o da bateria com o interruptor na posi\u00e7\u00e3o Ligado, a prote\u00e7\u00e3o contra rearranque impede que a ferramenta arranque automaticamente<\/li>\n<li>Punho lateral ajust\u00e1vel em tr\u00eas posi\u00e7\u00f5es para uma pega ideal em qualquer situa\u00e7\u00e3o<\/li>\n<li>Resguardo de prote\u00e7\u00e3o com sistema Clic, ajust\u00e1vel na posi\u00e7\u00e3o pretendida em poucos segundos<\/li>\n<li>Bloqueio do veio para troca r\u00e1pida de acess\u00f3rios<\/li>\n<li>Tecnologia de i\u00f5es de l\u00edtio: sem efeito de mem\u00f3ria, sem autodescarga e sempre pronta a utilizar<\/li>\n<li>Punho bimaterial antiderrapante para maior conforto do utilizador<\/li>\n<\/ul>","protected":false},"excerpt":{"rendered":"<p>A SKIL 3930 20V Max \u00e9 uma rebarbadora sem fios potente que faz parte da gama \u201cXP brushless\u201d da SKIL.<\/p>","protected":false},"featured_media":30769,"template":"","meta":[],"product_brand":[67],"product_cat":[34],"product_tag":[],"class_list":{"0":"post-29384","1":"product","2":"type-product","3":"status-publish","4":"has-post-thumbnail","6":"product_brand-skil","7":"product_cat-ferramentas-eletricas","9":"first","10":"instock","11":"sale","12":"purchasable","13":"product-type-simple"},"_links":{"self":[{"href":"https:\/\/equipment-pt3.com\/en\/wp-json\/wp\/v2\/product\/29384","targetHints":{"allow":["GET"]}}],"collection":[{"href":"https:\/\/equipment-pt3.com\/en\/wp-json\/wp\/v2\/product"}],"about":[{"href":"https:\/\/equipment-pt3.com\/en\/wp-json\/wp\/v2\/types\/product"}],"version-history":[{"count":4,"href":"https:\/\/equipment-pt3.com\/en\/wp-json\/wp\/v2\/product\/29384\/revisions"}],"predecessor-version":[{"id":30763,"href":"https:\/\/equipment-pt3.com\/en\/wp-json\/wp\/v2\/product\/29384\/revisions\/30763"}],"wp:featuredmedia":[{"embeddable":true,"href":"https:\/\/equipment-pt3.com\/en\/wp-json\/wp\/v2\/media\/30769"}],"wp:attachment":[{"href":"https:\/\/equipment-pt3.com\/en\/wp-json\/wp\/v2\/media?parent=29384"}],"wp:term":[{"taxonomy":"product_brand","embeddable":true,"href":"https:\/\/equipment-pt3.com\/en\/wp-json\/wp\/v2\/product_brand?post=29384"},{"taxonomy":"product_cat","embeddable":true,"href":"https:\/\/equipment-pt3.com\/en\/wp-json\/wp\/v2\/product_cat?post=29384"},{"taxonomy":"product_tag","embeddable":true,"href":"https:\/\/equipment-pt3.com\/en\/wp-json\/wp\/v2\/product_tag?post=29384"}],"curies":[{"name":"wp","href":"https:\/\/api.w.org\/{rel}","templated":true}]}}