{"id":29385,"date":"2026-02-03T13:10:18","date_gmt":"2026-02-03T13:10:18","guid":{"rendered":"https:\/\/equipment-pt3.com\/produto\/skil-9130-aa-rebarbadora\/"},"modified":"2026-02-18T09:41:03","modified_gmt":"2026-02-18T09:41:03","slug":"skil-9130-aa-rebarbadora","status":"publish","type":"product","link":"https:\/\/equipment-pt3.com\/en\/product\/skil-9130-aa-rebarbadora\/","title":{"rendered":"SKIL 9130 AA Rebarbadora"},"content":{"rendered":"<div class=\"\">\n<p>A SKIL 9130 \u00e9 uma rebarbadora eficiente compat\u00edvel com discos de 115 mm. Gra\u00e7as ao motor de 720 W, esta ferramenta assegura excelentes resultados de corte, desbaste e desenferrujamento. Esta rebarbadora disp\u00f5e de um pr\u00e1tico interruptor de patilha que oferece um controlo ideal. Este requer apenas uma ligeira press\u00e3o para acionamento e a ferramenta desliga-se imediatamente ao libertar o interruptor. Um sistema \u00abClic\u00bb permite-lhe ajustar facilmente o resguardo sem necessidade de chave, para que possa desviar as fa\u00edscas na dire\u00e7\u00e3o desejada. Gra\u00e7as ao dep\u00f3sito para chave integrado no punho lateral, a chave est\u00e1 sempre acess\u00edvel para mudar os acess\u00f3rios. E, dependendo da tarefa que tem em m\u00e3os, pode ajustar facilmente o punho lateral em tr\u00eas posi\u00e7\u00f5es confort\u00e1veis. Esta ferramenta disp\u00f5e de rolamentos de esferas com isolamento contra o p\u00f3 e de engrenagens helicoidais que asseguram um maior bin\u00e1rio, uma vida \u00fatil mais longa e um n\u00edvel de ru\u00eddo mais baixo durante o trabalho. A caixa de engrenagem em metal compacta e dur\u00e1vel permite-lhe lidar com esta rebarbadora com facilidade, mesmo quando trabalha em espa\u00e7os limitados. \u00c9 f\u00e1cil mudar ou substituir os discos, gra\u00e7as ao pr\u00e1tico sistema de bloqueio do fuso.<\/p>\n<p><strong>Caracter\u00edsticas:<\/strong><\/p>\n<ul>\n<li>Motor de 720 W eficiente para excelentes resultados de corte, desbaste e desenferrujamento<\/li>\n<li>Interruptor de patilha para controlo ideal; requer apenas uma ligeira press\u00e3o para acionamento e a ferramenta desliga-se quando \u00e9 libertado<\/li>\n<li>Punho lateral com tr\u00eas posi\u00e7\u00f5es para uma preens\u00e3o \u00f3tima em todas as aplica\u00e7\u00f5es<\/li>\n<li>O resguardo com sistema \u00abClic\u00bb pode ser ajustado em segundos a qualquer situa\u00e7\u00e3o de trabalho<\/li>\n<li>Dep\u00f3sito integrado para chave no punho lateral<\/li>\n<li>Rolamentos de esferas com isolamento contra o p\u00f3 para uma longa vida \u00fatil e engrenagens helicoidais para for\u00e7a e pouco ru\u00eddo<\/li>\n<li>Caixa de engrenagens em metal, compacta e dur\u00e1vel, de acesso f\u00e1cil, mesmo em espa\u00e7os estreitos<\/li>\n<li>Bloqueio do fuso para mudar de acess\u00f3rio facilmente<\/li>\n<\/ul>\n<\/div>","protected":false},"excerpt":{"rendered":"<p>A SKIL 9130 \u00e9 uma rebarbadora eficiente compat\u00edvel com discos de 115 mm. Gra\u00e7as ao motor de 720 W, esta<\/p>","protected":false},"featured_media":30745,"template":"","meta":[],"product_brand":[67],"product_cat":[34],"product_tag":[],"class_list":{"0":"post-29385","1":"product","2":"type-product","3":"status-publish","4":"has-post-thumbnail","6":"product_brand-skil","7":"product_cat-ferramentas-eletricas","9":"first","10":"instock","11":"sale","12":"purchasable","13":"product-type-simple"},"_links":{"self":[{"href":"https:\/\/equipment-pt3.com\/en\/wp-json\/wp\/v2\/product\/29385","targetHints":{"allow":["GET"]}}],"collection":[{"href":"https:\/\/equipment-pt3.com\/en\/wp-json\/wp\/v2\/product"}],"about":[{"href":"https:\/\/equipment-pt3.com\/en\/wp-json\/wp\/v2\/types\/product"}],"version-history":[{"count":2,"href":"https:\/\/equipment-pt3.com\/en\/wp-json\/wp\/v2\/product\/29385\/revisions"}],"predecessor-version":[{"id":30744,"href":"https:\/\/equipment-pt3.com\/en\/wp-json\/wp\/v2\/product\/29385\/revisions\/30744"}],"wp:featuredmedia":[{"embeddable":true,"href":"https:\/\/equipment-pt3.com\/en\/wp-json\/wp\/v2\/media\/30745"}],"wp:attachment":[{"href":"https:\/\/equipment-pt3.com\/en\/wp-json\/wp\/v2\/media?parent=29385"}],"wp:term":[{"taxonomy":"product_brand","embeddable":true,"href":"https:\/\/equipment-pt3.com\/en\/wp-json\/wp\/v2\/product_brand?post=29385"},{"taxonomy":"product_cat","embeddable":true,"href":"https:\/\/equipment-pt3.com\/en\/wp-json\/wp\/v2\/product_cat?post=29385"},{"taxonomy":"product_tag","embeddable":true,"href":"https:\/\/equipment-pt3.com\/en\/wp-json\/wp\/v2\/product_tag?post=29385"}],"curies":[{"name":"wp","href":"https:\/\/api.w.org\/{rel}","templated":true}]}}