{"id":29386,"date":"2026-02-03T13:10:19","date_gmt":"2026-02-03T13:10:19","guid":{"rendered":"https:\/\/equipment-pt3.com\/produto\/skil-9132-ga-rebarbadora\/"},"modified":"2026-02-18T09:32:58","modified_gmt":"2026-02-18T09:32:58","slug":"skil-9132-ga-rebarbadora","status":"publish","type":"product","link":"https:\/\/equipment-pt3.com\/en\/product\/skil-9132-ga-rebarbadora\/","title":{"rendered":"SKIL 9132 GA Rebarbadora"},"content":{"rendered":"<div class=\"\">\n<div class=\"\">\n<div class=\"description\">\n<p>A SKIL 9132 \u00e9 uma rebarbadora potente compat\u00edvel com discos de 125 mm. Gra\u00e7as ao motor de 850 W, esta ferramenta assegura os melhores resultados de corte, desbaste e desenferrujamento. Uma inova\u00e7\u00e3o soberba \u00e9 o \u00abVRS+\u00bb da SKIL, um sistema de redu\u00e7\u00e3o de vibra\u00e7\u00f5es superior em compara\u00e7\u00e3o com os sistema tradicionais. No punho lateral desta rebarbadora existe um contrapeso que se pode deslocar em todas as dire\u00e7\u00f5es. Este designado absorvente din\u00e2mico reduz extraordinariamente as vibra\u00e7\u00f5es. E, dependendo da tarefa que tem em m\u00e3os, pode ajustar facilmente o punho lateral em tr\u00eas posi\u00e7\u00f5es confort\u00e1veis. Esta rebarbadora disp\u00f5e de um pr\u00e1tico interruptor de patilha que oferece um controlo ideal. Este requer apenas uma ligeira press\u00e3o para acionamento e a ferramenta desliga-se imediatamente ao libertar o interruptor. Um sistema \u00abClic\u00bb permite-lhe ajustar facilmente o resguardo sem necessidade de chave, para que possa desviar as fa\u00edscas na dire\u00e7\u00e3o desejada. Esta ferramenta disp\u00f5e de rolamentos de esferas com isolamento contra o p\u00f3 e de engrenagens helicoidais que asseguram um maior bin\u00e1rio, uma vida \u00fatil mais longa e um n\u00edvel de ru\u00eddo mais baixo durante o trabalho. A caixa de engrenagem em metal compacta e dur\u00e1vel permite-lhe lidar com esta rebarbadora com facilidade, mesmo quando trabalha em espa\u00e7os limitados. \u00c9 f\u00e1cil mudar ou substituir os discos, gra\u00e7as ao pr\u00e1tico sistema de bloqueio do fuso. A SKIL 9132 GA \u00e9 fornecida numa mala de transporte resistente com tr\u00eas discos de rebarbar.<\/p>\n<\/div>\n<\/div>\n<p><strong>Caracter\u00edsticas:<\/strong><\/p>\n<ul>\n<li>Potente motor 850 W para cortar, rebarbar e desenferrujar com resultados perfeitos<\/li>\n<li>Punho lateral com \u00abVRS+\u00bb; um sistema de redu\u00e7\u00e3o de vibra\u00e7\u00f5es exclusivo e superior<\/li>\n<li>Interruptor de patilha para controlo ideal; requer apenas uma ligeira press\u00e3o para acionamento e a ferramenta desliga-se quando \u00e9 libertado<\/li>\n<li>Punho lateral com tr\u00eas posi\u00e7\u00f5es para uma preens\u00e3o \u00f3tima em todas as aplica\u00e7\u00f5es<\/li>\n<li>O resguardo com sistema \u00abClic\u00bb pode ser ajustado em segundos a qualquer situa\u00e7\u00e3o de trabalho<\/li>\n<li>Rolamentos de esferas com isolamento contra o p\u00f3 para uma longa vida \u00fatil e engrenagens helicoidais para for\u00e7a e pouco ru\u00eddo<\/li>\n<li>Caixa de engrenagens em metal, compacta e dur\u00e1vel, de acesso f\u00e1cil, mesmo em espa\u00e7os estreitos<\/li>\n<li>Bloqueio do fuso para mudar de acess\u00f3rio facilmente<\/li>\n<\/ul>\n<\/div>\n<p>&nbsp;<\/p>","protected":false},"excerpt":{"rendered":"<p>A SKIL 9132 \u00e9 uma rebarbadora potente compat\u00edvel com discos de 125 mm. Gra\u00e7as ao motor de 850 W, esta<\/p>","protected":false},"featured_media":30722,"template":"","meta":[],"product_brand":[67],"product_cat":[34],"product_tag":[],"class_list":{"0":"post-29386","1":"product","2":"type-product","3":"status-publish","4":"has-post-thumbnail","6":"product_brand-skil","7":"product_cat-ferramentas-eletricas","9":"first","10":"instock","11":"sale","12":"purchasable","13":"product-type-simple"},"_links":{"self":[{"href":"https:\/\/equipment-pt3.com\/en\/wp-json\/wp\/v2\/product\/29386","targetHints":{"allow":["GET"]}}],"collection":[{"href":"https:\/\/equipment-pt3.com\/en\/wp-json\/wp\/v2\/product"}],"about":[{"href":"https:\/\/equipment-pt3.com\/en\/wp-json\/wp\/v2\/types\/product"}],"version-history":[{"count":4,"href":"https:\/\/equipment-pt3.com\/en\/wp-json\/wp\/v2\/product\/29386\/revisions"}],"predecessor-version":[{"id":30732,"href":"https:\/\/equipment-pt3.com\/en\/wp-json\/wp\/v2\/product\/29386\/revisions\/30732"}],"wp:featuredmedia":[{"embeddable":true,"href":"https:\/\/equipment-pt3.com\/en\/wp-json\/wp\/v2\/media\/30722"}],"wp:attachment":[{"href":"https:\/\/equipment-pt3.com\/en\/wp-json\/wp\/v2\/media?parent=29386"}],"wp:term":[{"taxonomy":"product_brand","embeddable":true,"href":"https:\/\/equipment-pt3.com\/en\/wp-json\/wp\/v2\/product_brand?post=29386"},{"taxonomy":"product_cat","embeddable":true,"href":"https:\/\/equipment-pt3.com\/en\/wp-json\/wp\/v2\/product_cat?post=29386"},{"taxonomy":"product_tag","embeddable":true,"href":"https:\/\/equipment-pt3.com\/en\/wp-json\/wp\/v2\/product_tag?post=29386"}],"curies":[{"name":"wp","href":"https:\/\/api.w.org\/{rel}","templated":true}]}}