{"id":29389,"date":"2026-02-03T13:10:23","date_gmt":"2026-02-03T13:10:23","guid":{"rendered":"https:\/\/equipment-pt3.com\/produto\/skil-9791-ab-rebarbadora-2200w\/"},"modified":"2026-02-18T09:30:48","modified_gmt":"2026-02-18T09:30:48","slug":"skil-9791-ab-rebarbadora-2200w","status":"publish","type":"product","link":"https:\/\/equipment-pt3.com\/en\/product\/skil-9791-ab-rebarbadora-2200w\/","title":{"rendered":"Skil 9791 AB Rebarbadora 2200W"},"content":{"rendered":"<p>A SKIL 9791 \u00e9 uma rebarbadora extremamente potente compat\u00edvel com discos de 230 mm. Gra\u00e7as ao motor de 2200 W, esta ferramenta \u00e9 ideal para os para os trabalhos de cortar, rebarbar e desenferrujar mais exigentes. Uma inova\u00e7\u00e3o soberba \u00e9 o \u00abVRS+\u00bb da SKIL, um sistema de redu\u00e7\u00e3o de vibra\u00e7\u00f5es superior em compara\u00e7\u00e3o com os sistema tradicionais. No punho lateral desta rebarbadora existe um contrapeso que se pode deslocar em todas as dire\u00e7\u00f5es. Este designado absorvente din\u00e2mico reduz extraordinariamente as vibra\u00e7\u00f5es. Dependendo da tarefa que tem em m\u00e3os, pode ajustar facilmente tanto o punho posterior como os laterais em diversas posi\u00e7\u00f5es confort\u00e1veis. Esta ferramenta disp\u00f5e de um arranque suave eletr\u00f3nico que regula automaticamente a velocidade e o sistema eletr\u00f3nico para pot\u00eancia constante que garante a efic\u00e1cia, mesmo sob uma carga mais elevada. Um sistema \u00abClic\u00bb permite-lhe ajustar facilmente o resguardo sem necessidade de chave, para que possa desviar as fa\u00edscas na dire\u00e7\u00e3o desejada. Sublinhando o seu desempenho extraordin\u00e1rio, esta ferramenta tem engrenagens helicoidais endurecidas, que garantem um bin\u00e1rio mais elevado, uma vida mais longa e um n\u00edvel mais baixo de ru\u00eddo durante o trabalho. \u00c9 f\u00e1cil mudar ou substituir os discos, gra\u00e7as ao pr\u00e1tico sistema de bloqueio do fuso.<\/p>\n<p><strong>Caracter\u00edsticas:<\/strong><\/p>\n<ul>\n<li>Motor extremamente potente de 2200 W para os trabalhos mais duros<\/li>\n<li>O sistema eletr\u00f3nico para pot\u00eancia constante garante a efic\u00e1cia, mesmo sob uma carga mais elevada<\/li>\n<li>Punho Softgrip antiderrapante para maior comodidade do utilizador<\/li>\n<li>Bloqueio do fuso para mudar de acess\u00f3rio facilmente<\/li>\n<li>Caixa de engrenagens em metal, compacta e dur\u00e1vel, de acesso f\u00e1cil, mesmo em espa\u00e7os estreitos<\/li>\n<li>Rolamentos de esferas com isolamento contra o p\u00f3 para uma longa vida \u00fatil e engrenagens helicoidais para for\u00e7a e pouco ru\u00eddo<\/li>\n<li>O resguardo com sistema \u00abClic\u00bb pode ser ajustado em segundos a qualquer situa\u00e7\u00e3o de trabalho<\/li>\n<li>A prote\u00e7\u00e3o contra sobrecargas protege o motor<\/li>\n<li>SoftStart (arranque suave) para um aumento gradual de velocidade at\u00e9 ao m\u00e1ximo, evitando contragolpes<\/li>\n<li>Punho posterior rotativo e punho lateral com tr\u00eas posi\u00e7\u00f5es para uma preens\u00e3o \u00f3tima<\/li>\n<li>Punho lateral com \u00abVRS+\u00bb; um sistema de redu\u00e7\u00e3o de vibra\u00e7\u00f5es exclusivo e superior<\/li>\n<\/ul>","protected":false},"excerpt":{"rendered":"<p>A SKIL 9791 \u00e9 uma rebarbadora extremamente potente compat\u00edvel com discos de 230 mm. Gra\u00e7as ao motor de 2200 W,<\/p>","protected":false},"featured_media":30553,"template":"","meta":[],"product_brand":[67],"product_cat":[34],"product_tag":[],"class_list":{"0":"post-29389","1":"product","2":"type-product","3":"status-publish","4":"has-post-thumbnail","6":"product_brand-skil","7":"product_cat-ferramentas-eletricas","9":"first","10":"instock","11":"sale","12":"purchasable","13":"product-type-simple"},"_links":{"self":[{"href":"https:\/\/equipment-pt3.com\/en\/wp-json\/wp\/v2\/product\/29389","targetHints":{"allow":["GET"]}}],"collection":[{"href":"https:\/\/equipment-pt3.com\/en\/wp-json\/wp\/v2\/product"}],"about":[{"href":"https:\/\/equipment-pt3.com\/en\/wp-json\/wp\/v2\/types\/product"}],"version-history":[{"count":2,"href":"https:\/\/equipment-pt3.com\/en\/wp-json\/wp\/v2\/product\/29389\/revisions"}],"predecessor-version":[{"id":30558,"href":"https:\/\/equipment-pt3.com\/en\/wp-json\/wp\/v2\/product\/29389\/revisions\/30558"}],"wp:featuredmedia":[{"embeddable":true,"href":"https:\/\/equipment-pt3.com\/en\/wp-json\/wp\/v2\/media\/30553"}],"wp:attachment":[{"href":"https:\/\/equipment-pt3.com\/en\/wp-json\/wp\/v2\/media?parent=29389"}],"wp:term":[{"taxonomy":"product_brand","embeddable":true,"href":"https:\/\/equipment-pt3.com\/en\/wp-json\/wp\/v2\/product_brand?post=29389"},{"taxonomy":"product_cat","embeddable":true,"href":"https:\/\/equipment-pt3.com\/en\/wp-json\/wp\/v2\/product_cat?post=29389"},{"taxonomy":"product_tag","embeddable":true,"href":"https:\/\/equipment-pt3.com\/en\/wp-json\/wp\/v2\/product_tag?post=29389"}],"curies":[{"name":"wp","href":"https:\/\/api.w.org\/{rel}","templated":true}]}}