{"id":29390,"date":"2026-02-03T13:10:23","date_gmt":"2026-02-03T13:10:23","guid":{"rendered":"https:\/\/equipment-pt3.com\/produto\/skil-bc1e3136aa-bateria-litio-20v-max-18-v-2\/"},"modified":"2026-02-18T09:31:11","modified_gmt":"2026-02-18T09:31:11","slug":"skil-bc1e3136aa-bateria-litio-20v-max-18-v-2","status":"publish","type":"product","link":"https:\/\/equipment-pt3.com\/en\/product\/skil-bc1e3136aa-bateria-litio-20v-max-18-v-2\/","title":{"rendered":"SKIL BC1E3136AA Bateria (l\u00edtio \u00ab20V Max\u00bb (18 V) 2,"},"content":{"rendered":"<p>Esta bateria \u00ab20V Max\u00bb (18 V) 2,0 Ah extremamente potente com indicador LED do n\u00edvel de carga disp\u00f5e da superior tecnologia de i\u00f5es de l\u00edtio, o que significa que n\u00e3o h\u00e1 efeito mem\u00f3ria, n\u00e3o h\u00e1 descarga espont\u00e2nea e est\u00e1 sempre pronta a utilizar. A tecnologia de bateria \u00abKeep Cool\u2122\u00bb assegura uma autonomia 25% mais longa e 2x mais tempo de vida \u00fatil. A tecnologia \u00abActivCell\u2122\u00bb serve para otimizar o consumo de energia, evitando o sobreaquecimento e maximizando o desempenho da bateria. O carregador de baterias \u00ab20V Max\u00bb (18 V) carrega totalmente a bateria fornecida em uma hora.<\/p>\n<p><strong>Caracter\u00edsticas:<\/strong><\/p>\n<ul>\n<li>O indicador do n\u00edvel de carga da bateria patenteado exibe comodamente o n\u00edvel de carga da bateria<\/li>\n<\/ul>","protected":false},"excerpt":{"rendered":"<p>Esta bateria \u00ab20V Max\u00bb (18 V) 2,0 Ah extremamente potente com indicador LED do n\u00edvel de carga disp\u00f5e da superior<\/p>","protected":false},"featured_media":30581,"template":"","meta":[],"product_brand":[67],"product_cat":[105],"product_tag":[],"class_list":{"0":"post-29390","1":"product","2":"type-product","3":"status-publish","4":"has-post-thumbnail","6":"product_brand-skil","7":"product_cat-baterias","9":"first","10":"instock","11":"sale","12":"purchasable","13":"product-type-simple"},"_links":{"self":[{"href":"https:\/\/equipment-pt3.com\/en\/wp-json\/wp\/v2\/product\/29390","targetHints":{"allow":["GET"]}}],"collection":[{"href":"https:\/\/equipment-pt3.com\/en\/wp-json\/wp\/v2\/product"}],"about":[{"href":"https:\/\/equipment-pt3.com\/en\/wp-json\/wp\/v2\/types\/product"}],"version-history":[{"count":4,"href":"https:\/\/equipment-pt3.com\/en\/wp-json\/wp\/v2\/product\/29390\/revisions"}],"predecessor-version":[{"id":30583,"href":"https:\/\/equipment-pt3.com\/en\/wp-json\/wp\/v2\/product\/29390\/revisions\/30583"}],"wp:featuredmedia":[{"embeddable":true,"href":"https:\/\/equipment-pt3.com\/en\/wp-json\/wp\/v2\/media\/30581"}],"wp:attachment":[{"href":"https:\/\/equipment-pt3.com\/en\/wp-json\/wp\/v2\/media?parent=29390"}],"wp:term":[{"taxonomy":"product_brand","embeddable":true,"href":"https:\/\/equipment-pt3.com\/en\/wp-json\/wp\/v2\/product_brand?post=29390"},{"taxonomy":"product_cat","embeddable":true,"href":"https:\/\/equipment-pt3.com\/en\/wp-json\/wp\/v2\/product_cat?post=29390"},{"taxonomy":"product_tag","embeddable":true,"href":"https:\/\/equipment-pt3.com\/en\/wp-json\/wp\/v2\/product_tag?post=29390"}],"curies":[{"name":"wp","href":"https:\/\/api.w.org\/{rel}","templated":true}]}}