{"id":29392,"date":"2026-02-03T13:10:23","date_gmt":"2026-02-03T13:10:23","guid":{"rendered":"https:\/\/equipment-pt3.com\/produto\/skil-br1e3137aa-bateria-de-ioes-de-litio-20v-max\/"},"modified":"2026-02-18T09:32:33","modified_gmt":"2026-02-18T09:32:33","slug":"skil-br1e3137aa-bateria-de-ioes-de-litio-20v-max","status":"publish","type":"product","link":"https:\/\/equipment-pt3.com\/en\/product\/skil-br1e3137aa-bateria-de-ioes-de-litio-20v-max\/","title":{"rendered":"SKIL BR1E3137AA Bateria de i\u00f5es de l\u00edtio \u00ab20V Max\u00bb"},"content":{"rendered":"<div>\n<div class=\"max-h-[210px] overflow-hidden line-clamp-6\">\n<p>Esta bateria \u00ab20V Max\u00bb (18 V) 4,0 Ah extremamente potente com indicador LED do n\u00edvel de carga disp\u00f5e da superior tecnologia de i\u00f5es de l\u00edtio, o que significa que n\u00e3o h\u00e1 efeito mem\u00f3ria, n\u00e3o h\u00e1 descarga espont\u00e2nea e est\u00e1 sempre pronta a utilizar. O sistema \u00abPWRCORE 20\u2122\u00bb consiste em tecnologia avan\u00e7ada l\u00edder na ind\u00fastria de bateria e carregador, acrescido de fun\u00e7\u00f5es inovadoras que n\u00e3o encontrar\u00e1 em mais lado nenhum, tais como a nossa tecnologia patenteada de refrigera\u00e7\u00e3o da bateria \u00abKEEPCOOL\u2122\u00bb que aumenta a autonomia em at\u00e9 25% e duplica a vida \u00fatil da bateria. Ao passo que a tecnologia \u00abACTIVCELL\u2122\u00bb patenteada garante o m\u00e1ximo desempenho e prote\u00e7\u00e3o otimizada da bateria. As baterias e os carregadores \u00abPWRCORE 20\u2122\u00bb s\u00e3o 100% compat\u00edveis e intercambi\u00e1veis com todas as ferramentas el\u00e9tricas e ferramentas de jardim SKIL \u00abPWRCORE 20\u2122\u00bb para uma flexibilidade extrema.<\/p>\n<p><strong>Caracter\u00edsticas:<\/strong><\/p>\n<ul>\n<li>O indicador do n\u00edvel de carga da bateria patenteado exibe comodamente o n\u00edvel de carga da bateria<\/li>\n<\/ul>\n<\/div>\n<\/div>\n<div class=\"flex flex-wrap tocart mx-[-10px] mt-6 md:mt-9\">\n<div class=\"dealers md:flex md:gap-5 px-[10px] mb-2.5\"><\/div>\n<\/div>\n","protected":false},"excerpt":{"rendered":"<p>Esta bateria \u00ab20V Max\u00bb (18 V) 4,0 Ah extremamente potente com indicador LED do n\u00edvel de carga disp\u00f5e da superior<\/p>","protected":false},"featured_media":30592,"template":"","meta":[],"product_brand":[67],"product_cat":[105],"product_tag":[],"class_list":{"0":"post-29392","1":"product","2":"type-product","3":"status-publish","4":"has-post-thumbnail","6":"product_brand-skil","7":"product_cat-baterias","9":"first","10":"instock","11":"sale","12":"purchasable","13":"product-type-simple"},"_links":{"self":[{"href":"https:\/\/equipment-pt3.com\/en\/wp-json\/wp\/v2\/product\/29392","targetHints":{"allow":["GET"]}}],"collection":[{"href":"https:\/\/equipment-pt3.com\/en\/wp-json\/wp\/v2\/product"}],"about":[{"href":"https:\/\/equipment-pt3.com\/en\/wp-json\/wp\/v2\/types\/product"}],"version-history":[{"count":3,"href":"https:\/\/equipment-pt3.com\/en\/wp-json\/wp\/v2\/product\/29392\/revisions"}],"predecessor-version":[{"id":30594,"href":"https:\/\/equipment-pt3.com\/en\/wp-json\/wp\/v2\/product\/29392\/revisions\/30594"}],"wp:featuredmedia":[{"embeddable":true,"href":"https:\/\/equipment-pt3.com\/en\/wp-json\/wp\/v2\/media\/30592"}],"wp:attachment":[{"href":"https:\/\/equipment-pt3.com\/en\/wp-json\/wp\/v2\/media?parent=29392"}],"wp:term":[{"taxonomy":"product_brand","embeddable":true,"href":"https:\/\/equipment-pt3.com\/en\/wp-json\/wp\/v2\/product_brand?post=29392"},{"taxonomy":"product_cat","embeddable":true,"href":"https:\/\/equipment-pt3.com\/en\/wp-json\/wp\/v2\/product_cat?post=29392"},{"taxonomy":"product_tag","embeddable":true,"href":"https:\/\/equipment-pt3.com\/en\/wp-json\/wp\/v2\/product_tag?post=29392"}],"curies":[{"name":"wp","href":"https:\/\/api.w.org\/{rel}","templated":true}]}}