{"id":29394,"date":"2026-02-03T13:10:23","date_gmt":"2026-02-03T13:10:23","guid":{"rendered":"https:\/\/equipment-pt3.com\/produto\/skil-1301aa-mesa-p-mod-1330\/"},"modified":"2026-02-18T09:28:22","modified_gmt":"2026-02-18T09:28:22","slug":"skil-1301aa-mesa-p-mod-1330","status":"publish","type":"product","link":"https:\/\/equipment-pt3.com\/en\/product\/skil-1301aa-mesa-p-mod-1330\/","title":{"rendered":"SKIL 1301AA Mesa p\/mod.1330"},"content":{"rendered":"<h4><b>Est\u00e1vel e robusto<\/b><\/h4>\n<p>Com o seu suporte para serra de mesa SKIL 1301, pode levar a sua serra de mesa SKIL para qualquer estaleiro de obras para realizar o trabalho com grande precis\u00e3o e confian\u00e7a. Foi concebido para ser extremamente est\u00e1vel, gra\u00e7as \u00e0 posi\u00e7\u00e3o extra larga de 80 cm e pode suportar com seguran\u00e7a cargas at\u00e9 200 kg.<\/p>\n<h4><b>Montagem sem ferramentas<\/b><\/h4>\n<p>Pode montar facilmente a sua serra de mesa SKIL no suporte e ajust\u00e1-la \u00e0 altura ideal sem a utiliza\u00e7\u00e3o de ferramentas. E depois de terminar o trabalho, basta retirar a serra de mesa e dobrar o suporte para um tamanho mais compacto para facilitar o transporte e a arruma\u00e7\u00e3o.<\/p>\n<h4><b>Mantenha o seu local de trabalho limpo<\/b><\/h4>\n<p>O suporte articulado SKIL \u00e9 fornecido com um saco para o p\u00f3 de 20L integrado. Basta fixar o tubo em cotovelo do concentrador de p\u00f3 \u00e0 sua serra de mesa SKIL e direcionar o p\u00f3 da serra para o saco grande para manter o local de trabalho limpo.<\/p>\n<p><strong>Caracter\u00edsticas:<\/strong><\/p>\n<ul>\n<li>Estrutura dobr\u00e1vel para serras de mesa SKIL<\/li>\n<li>Carga m\u00e1xima suportada de 200 kg<\/li>\n<li>Inclui saco para p\u00f3 de 20 L para recolha otimizada de poeiras<\/li>\n<li>Base extra larga para maior estabilidade<\/li>\n<li>Altura de trabalho ajust\u00e1vel<\/li>\n<\/ul>","protected":false},"excerpt":{"rendered":"<p>Est\u00e1vel e robusto Com o seu suporte para serra de mesa SKIL 1301, pode levar a sua serra de mesa<\/p>","protected":false},"featured_media":30695,"template":"","meta":[],"product_brand":[67],"product_cat":[101],"product_tag":[],"class_list":{"0":"post-29394","1":"product","2":"type-product","3":"status-publish","4":"has-post-thumbnail","6":"product_brand-skil","7":"product_cat-ferramentas-manuais","9":"first","10":"instock","11":"sale","12":"purchasable","13":"product-type-simple"},"_links":{"self":[{"href":"https:\/\/equipment-pt3.com\/en\/wp-json\/wp\/v2\/product\/29394","targetHints":{"allow":["GET"]}}],"collection":[{"href":"https:\/\/equipment-pt3.com\/en\/wp-json\/wp\/v2\/product"}],"about":[{"href":"https:\/\/equipment-pt3.com\/en\/wp-json\/wp\/v2\/types\/product"}],"version-history":[{"count":4,"href":"https:\/\/equipment-pt3.com\/en\/wp-json\/wp\/v2\/product\/29394\/revisions"}],"predecessor-version":[{"id":31231,"href":"https:\/\/equipment-pt3.com\/en\/wp-json\/wp\/v2\/product\/29394\/revisions\/31231"}],"wp:featuredmedia":[{"embeddable":true,"href":"https:\/\/equipment-pt3.com\/en\/wp-json\/wp\/v2\/media\/30695"}],"wp:attachment":[{"href":"https:\/\/equipment-pt3.com\/en\/wp-json\/wp\/v2\/media?parent=29394"}],"wp:term":[{"taxonomy":"product_brand","embeddable":true,"href":"https:\/\/equipment-pt3.com\/en\/wp-json\/wp\/v2\/product_brand?post=29394"},{"taxonomy":"product_cat","embeddable":true,"href":"https:\/\/equipment-pt3.com\/en\/wp-json\/wp\/v2\/product_cat?post=29394"},{"taxonomy":"product_tag","embeddable":true,"href":"https:\/\/equipment-pt3.com\/en\/wp-json\/wp\/v2\/product_tag?post=29394"}],"curies":[{"name":"wp","href":"https:\/\/api.w.org\/{rel}","templated":true}]}}