{"id":29395,"date":"2026-02-03T13:10:23","date_gmt":"2026-02-03T13:10:23","guid":{"rendered":"https:\/\/equipment-pt3.com\/produto\/skil-1310-aa-serra-de-esquadria-telescopica\/"},"modified":"2026-02-18T09:28:47","modified_gmt":"2026-02-18T09:28:47","slug":"skil-1310-aa-serra-de-esquadria-telescopica","status":"publish","type":"product","link":"https:\/\/equipment-pt3.com\/en\/product\/skil-1310-aa-serra-de-esquadria-telescopica\/","title":{"rendered":"SKIL 1310 AA Serra de esquadria telesc\u00f3pica"},"content":{"rendered":"<div class=\"\">\n<h4><b>Serra de esquadria de 216 mm muito compacta mas potente, com in\u00fameras fun\u00e7\u00f5es inteligentes<\/b><\/h4>\n<p>A serra de esquadria telesc\u00f3pica SKIL 1310 \u00e9 extremamente compacta e leve. Mas n\u00e3o se deixe enganar pelo seu tamanho. Gra\u00e7as ao seu potente motor de 1600 W e \u00e0 fun\u00e7\u00e3o Overslide inteligente, ela consegue suportar tarefas de serragem exigentes. A SKIL 1310 adequa-se a todas as tarefas de serragem comuns e at\u00e9 corta vigas com uma espessura de at\u00e9 70 mm. E a serra de esquadria SKIL tem in\u00fameras fun\u00e7\u00f5es pr\u00e1ticas que facilitam a serragem mais do que nunca.<\/p>\n<h4><b>Sistema Overslide compacto<\/b><\/h4>\n<p>Na maioria das serras de esquadria, a cabe\u00e7a da serra est\u00e1 conectada \u00e0s barras que recuam at\u00e9 \u00e0 parte traseira do produto ao serrar. Pelo contr\u00e1rio, a SKIL 1310 possui barras fixas e uma cabe\u00e7a da serra deslizante, o que permite colocar a serra junto \u00e0 parede. Trata-se de mais uma forma \u00f3tima de poupar espa\u00e7o que \u00e9 sempre pr\u00e1tica. As extens\u00f5es da mesa para pe\u00e7as de trabalho mais longas s\u00e3o inteiramente inclin\u00e1veis e at\u00e9 h\u00e1 uma pega extra para facilitar o transporte.<\/p>\n<h4><b>Sistema de fixa\u00e7\u00e3o r\u00e1pida \u00edmpar<\/b><\/h4>\n<p>\u00c9 muito simples fixar a pe\u00e7a de trabalho com o sistema de fixa\u00e7\u00e3o r\u00e1pida \u00edmpar que \u00e9 muito mais r\u00e1pido do que os sistemas de fixa\u00e7\u00e3o convencionais. Os \u00e2ngulos de serragem s\u00e3o continuamente ajust\u00e1veis para cortes precisos em bisel e em esquadria e os batentes predefinidos asseguram um ajuste sem esfor\u00e7o para os \u00e2ngulos mais utilizados. A 1310 tamb\u00e9m vem fornecida com um saco para o p\u00f3 de grande volume e uma liga\u00e7\u00e3o para o aspirador integrada no resguardo de alum\u00ednio.<\/p>\n<h4><b>Laser preciso com ajuste f\u00e1cil<\/b><\/h4>\n<p>A SKIL 1310 inclui um laser alimentado pela rede el\u00e9trica que indica claramente a linha de corte. \u00c9 f\u00e1cil de ajustar, o que \u00e9 muito vantajoso, garantindo uma precis\u00e3o e flexibilidade ideais para posicionar a linha de laser \u00e0 esquerda ou \u00e0 direita da l\u00e2mina. O modelo 1310 AA vem fornecido com uma l\u00e2mina de serra pastilhada de 40 dentes de 216 mm, extrafina para resultados excelentes.<\/p>\n<p><strong>Caracter\u00edsticas:<\/strong><\/p>\n<ul>\n<li>Potente motor de 1600 W para trabalhos de serragem exigentes<\/li>\n<li>O sistema Overslide evita que as barras recuem ao cortar, permitindo que a serra seja posicionada junto \u00e0 parede<\/li>\n<li>Sistema de fixa\u00e7\u00e3o r\u00e1pida, para uma fixa\u00e7\u00e3o pr\u00e1tica e r\u00e1pida da pe\u00e7a de trabalho<\/li>\n<li>Transporte f\u00e1cil gra\u00e7as ao seu punho de transporte, \u00e0 compacticidade e ao peso reduzido<\/li>\n<li>Indicador laser preciso da linha de corte, com ajuste preciso e f\u00e1cil<\/li>\n<li>O sistema deslizante possibilita uma grande capacidade de corte<\/li>\n<li>\u00c2ngulos de corte em esquadria continuamente ajust\u00e1veis e batentes positivos esquerda + direita (0\u00b0, 15\u00b0, 22,5\u00b0, 31,6\u00b0, 45\u00b0)<\/li>\n<li>Extens\u00f5es da mesa ajust\u00e1veis para pe\u00e7as de trabalho compridas<\/li>\n<li>Fun\u00e7\u00e3o de ranhurar<\/li>\n<li>Constru\u00e7\u00e3o resistente com rolamentos de esferas, engrenagens helicoidais e mesa de corte em alum\u00ednio<\/li>\n<li>Liga\u00e7\u00e3o integrada para aspirador<\/li>\n<li>Pega confort\u00e1vel e controlos frontais<\/li>\n<li>O bloqueio do fuso permite uma mudan\u00e7a f\u00e1cil do disco<\/li>\n<\/ul>\n<\/div>\n<p>&nbsp;<\/p>","protected":false},"excerpt":{"rendered":"<p>Serra de esquadria de 216 mm muito compacta mas potente, com in\u00fameras fun\u00e7\u00f5es inteligentes A serra de esquadria telesc\u00f3pica SKIL<\/p>","protected":false},"featured_media":30673,"template":"","meta":[],"product_brand":[67],"product_cat":[98,34],"product_tag":[],"class_list":{"0":"post-29395","1":"product","2":"type-product","3":"status-publish","4":"has-post-thumbnail","6":"product_brand-skil","7":"product_cat-ferramentas-de-corte","8":"product_cat-ferramentas-eletricas","10":"first","11":"instock","12":"sale","13":"purchasable","14":"product-type-simple"},"_links":{"self":[{"href":"https:\/\/equipment-pt3.com\/en\/wp-json\/wp\/v2\/product\/29395","targetHints":{"allow":["GET"]}}],"collection":[{"href":"https:\/\/equipment-pt3.com\/en\/wp-json\/wp\/v2\/product"}],"about":[{"href":"https:\/\/equipment-pt3.com\/en\/wp-json\/wp\/v2\/types\/product"}],"version-history":[{"count":2,"href":"https:\/\/equipment-pt3.com\/en\/wp-json\/wp\/v2\/product\/29395\/revisions"}],"predecessor-version":[{"id":30672,"href":"https:\/\/equipment-pt3.com\/en\/wp-json\/wp\/v2\/product\/29395\/revisions\/30672"}],"wp:featuredmedia":[{"embeddable":true,"href":"https:\/\/equipment-pt3.com\/en\/wp-json\/wp\/v2\/media\/30673"}],"wp:attachment":[{"href":"https:\/\/equipment-pt3.com\/en\/wp-json\/wp\/v2\/media?parent=29395"}],"wp:term":[{"taxonomy":"product_brand","embeddable":true,"href":"https:\/\/equipment-pt3.com\/en\/wp-json\/wp\/v2\/product_brand?post=29395"},{"taxonomy":"product_cat","embeddable":true,"href":"https:\/\/equipment-pt3.com\/en\/wp-json\/wp\/v2\/product_cat?post=29395"},{"taxonomy":"product_tag","embeddable":true,"href":"https:\/\/equipment-pt3.com\/en\/wp-json\/wp\/v2\/product_tag?post=29395"}],"curies":[{"name":"wp","href":"https:\/\/api.w.org\/{rel}","templated":true}]}}