{"id":29396,"date":"2026-02-03T13:10:23","date_gmt":"2026-02-03T13:10:23","guid":{"rendered":"https:\/\/equipment-pt3.com\/produto\/skil-1321-aa-serra-de-esquadria-telescopica\/"},"modified":"2026-02-18T09:29:08","modified_gmt":"2026-02-18T09:29:08","slug":"skil-1321-aa-serra-de-esquadria-telescopica","status":"publish","type":"product","link":"https:\/\/equipment-pt3.com\/en\/product\/skil-1321-aa-serra-de-esquadria-telescopica\/","title":{"rendered":"SKIL 1321 AA Serra de esquadria telesc\u00f3pica"},"content":{"rendered":"<div class=\"\">\n<h4><b>Potente serra de esquadria telesc\u00f3pica de 254 mm com fun\u00e7\u00e3o de inclina\u00e7\u00e3o dupla para os projetos mais exigentes<\/b><\/h4>\n<p>A serra de esquadria telesc\u00f3pica SKIL 1321 possui um motor de 2000 W extremamente potente para enfrentar facilmente at\u00e9 os desafios mais dif\u00edceis, mesmo a enorme capacidade de corte m\u00e1xima de 90x300mm. Frequentemente, a fun\u00e7\u00e3o de inclina\u00e7\u00e3o dupla faz com que n\u00e3o seja necess\u00e1rio virar a pe\u00e7a de trabalho. E a serra de esquadria SKIL tem mais fun\u00e7\u00f5es pr\u00e1ticas que facilitam a serragem mais do que nunca.<br \/>\nO nosso m\u00f3dulo LED especial ilumina o disco de serra, criando uma linha de sombra distinta por baixo do mesmo. Esta carater\u00edstica garante cortes altamente precisos, mostrando exatamente onde a l\u00e2mina de serra vai cortar a pe\u00e7a de trabalho, tendo tamb\u00e9m em conta a largura da l\u00e2mina.<\/p>\n<h4><b>Sistema de fixa\u00e7\u00e3o r\u00e1pida \u00edmpar<\/b><\/h4>\n<p>\u00c9 muito simples fixar a pe\u00e7a de trabalho com o sistema de fixa\u00e7\u00e3o r\u00e1pida \u00edmpar que \u00e9 muito mais r\u00e1pido do que os sistemas de fixa\u00e7\u00e3o convencionais. Os \u00e2ngulos de serragem s\u00e3o continuamente ajust\u00e1veis para cortes precisos em bisel e em esquadria e os batentes predefinidos asseguram um ajuste sem esfor\u00e7o para os \u00e2ngulos mais utilizados. A 1321 tamb\u00e9m vem fornecida com um saco para o p\u00f3 de grande volume e uma liga\u00e7\u00e3o para o aspirador integrada no resguardo de alum\u00ednio.<\/p>\n<h4><b>Trabalho e transporte f\u00e1ceis<\/b><\/h4>\n<p>As extens\u00f5es da mesa inteiramente inclin\u00e1veis permitem um posicionamento est\u00e1vel das pe\u00e7as de trabalho mais longas e um laser alimentado pela rede el\u00e9trica indica claramente a linha de corte. H\u00e1 uma pega extra para facilitar o transporte. O modelo 1321 AA vem fornecido com uma l\u00e2mina de serra pastilhada de 48 dentes de 254 mm, extrafina para resultados excelentes.<\/p>\n<p><strong>Caracteristicas:<\/strong><\/p>\n<ul>\n<li>Potente motor de 2000 W para os trabalhos de serragem mais exigentes<\/li>\n<li>Sistema de inclina\u00e7\u00e3o dupla; sem necessidade de virar a pe\u00e7a de trabalho, para um corte r\u00e1pido e mais preciso<\/li>\n<li>Sistema de fixa\u00e7\u00e3o r\u00e1pida, para uma fixa\u00e7\u00e3o pr\u00e1tica e r\u00e1pida da pe\u00e7a de trabalho<\/li>\n<li>Uma linha de sombra projetada por baixo da l\u00e2mina, mostra exatamente onde o corte ser\u00e1 feito<\/li>\n<li>O sistema deslizante permite at\u00e9 300 mm de largura de corte e 90 mm de profundidade de corte<\/li>\n<li>Cortes em esquadria extragrandes poss\u00edveis entre 50\u00b0 &#8211; 50\u00b0 (E \/ D)<\/li>\n<li>\u00c2ngulos de corte em esquadria continuamente ajust\u00e1veis e batentes positivos esquerda + direita (0\u00b0, 15\u00b0, 22,5\u00b0, 31,6\u00b0, 45\u00b0)<\/li>\n<li>Constru\u00e7\u00e3o resistente com rolamentos de esferas, engrenagens helicoidais e mesa de corte em alum\u00ednio<\/li>\n<li>Fun\u00e7\u00e3o de ranhurar<\/li>\n<li>Punho integrado para um transporte f\u00e1cil<\/li>\n<li>O bloqueio do fuso permite uma mudan\u00e7a f\u00e1cil do disco<\/li>\n<\/ul>\n<\/div>\n<p>&nbsp;<\/p>","protected":false},"excerpt":{"rendered":"<p>Potente serra de esquadria telesc\u00f3pica de 254 mm com fun\u00e7\u00e3o de inclina\u00e7\u00e3o dupla para os projetos mais exigentes A serra<\/p>","protected":false},"featured_media":30604,"template":"","meta":[],"product_brand":[67],"product_cat":[98,34],"product_tag":[],"class_list":{"0":"post-29396","1":"product","2":"type-product","3":"status-publish","4":"has-post-thumbnail","6":"product_brand-skil","7":"product_cat-ferramentas-de-corte","8":"product_cat-ferramentas-eletricas","10":"first","11":"instock","12":"sale","13":"purchasable","14":"product-type-simple"},"_links":{"self":[{"href":"https:\/\/equipment-pt3.com\/en\/wp-json\/wp\/v2\/product\/29396","targetHints":{"allow":["GET"]}}],"collection":[{"href":"https:\/\/equipment-pt3.com\/en\/wp-json\/wp\/v2\/product"}],"about":[{"href":"https:\/\/equipment-pt3.com\/en\/wp-json\/wp\/v2\/types\/product"}],"version-history":[{"count":4,"href":"https:\/\/equipment-pt3.com\/en\/wp-json\/wp\/v2\/product\/29396\/revisions"}],"predecessor-version":[{"id":30612,"href":"https:\/\/equipment-pt3.com\/en\/wp-json\/wp\/v2\/product\/29396\/revisions\/30612"}],"wp:featuredmedia":[{"embeddable":true,"href":"https:\/\/equipment-pt3.com\/en\/wp-json\/wp\/v2\/media\/30604"}],"wp:attachment":[{"href":"https:\/\/equipment-pt3.com\/en\/wp-json\/wp\/v2\/media?parent=29396"}],"wp:term":[{"taxonomy":"product_brand","embeddable":true,"href":"https:\/\/equipment-pt3.com\/en\/wp-json\/wp\/v2\/product_brand?post=29396"},{"taxonomy":"product_cat","embeddable":true,"href":"https:\/\/equipment-pt3.com\/en\/wp-json\/wp\/v2\/product_cat?post=29396"},{"taxonomy":"product_tag","embeddable":true,"href":"https:\/\/equipment-pt3.com\/en\/wp-json\/wp\/v2\/product_tag?post=29396"}],"curies":[{"name":"wp","href":"https:\/\/api.w.org\/{rel}","templated":true}]}}