{"id":29397,"date":"2026-02-03T13:10:24","date_gmt":"2026-02-03T13:10:24","guid":{"rendered":"https:\/\/equipment-pt3.com\/produto\/skil-1330aa-serra-de-mesa-disco-210mm\/"},"modified":"2026-02-18T09:25:26","modified_gmt":"2026-02-18T09:25:26","slug":"skil-1330aa-serra-de-mesa-disco-210mm","status":"publish","type":"product","link":"https:\/\/equipment-pt3.com\/en\/product\/skil-1330aa-serra-de-mesa-disco-210mm\/","title":{"rendered":"SKIL 1330AA  Serra de mesa disco 210mm"},"content":{"rendered":"<h4><b>Serra de mesa precisa e compacta de 210 mm<\/b><\/h4>\n<p>A serra de mesa SKIL 1330 disp\u00f5e de um potente motor de 2000 W para serragem sem esfor\u00e7o at\u00e9 uma profundidade de 63. Um sistema de cremalheira e pinh\u00e3o robusto garante um ajuste r\u00e1pido e extremamente preciso da guia.<\/p>\n<h4><b>Os melhores resultados; ajustes particularmente precisos da guia, das alturas de corte e das inclina\u00e7\u00f5es<\/b><\/h4>\n<p>O modelo 1330 disp\u00f5e de uma guia r\u00e1pida multifun\u00e7\u00f5es que se converte numa extens\u00e3o de mesa para apoiar e guiar pe\u00e7as de trabalho grandes at\u00e9 62 cm no lado direito do disco de serra. Um sistema de cremalheira e pinh\u00e3o robusto garante um ajuste r\u00e1pido e extremamente preciso da guia. E basta rodar um bot\u00e3o grande para tamb\u00e9m ajustar facilmente a altura do disco de serra. A op\u00e7\u00e3o adicional de ajuste fino do disco de serra sem chave garante que o disco de serra e a guia permanecem exatamente paralelos em todos os momentos. Os \u00e2ngulos de corte em bisel podem ser ajustados sem chave de 0\u00b0 a 45\u00b0.<\/p>\n<div class=\"\">\n<div class=\"description\">\n<h4><b>Os melhores resultados; ajustes particularmente precisos da guia, das alturas de corte e das inclina\u00e7\u00f5es<\/b><\/h4>\n<p>A serra de mesa 1330 \u00e9 fornecida com um adaptador para aspirador, um batente de esquadria, barra de empurrar, duas chaves e um disco de serra 210 mm com 24 dentes pastilhados para resultados excelentes.<\/p>\n<\/div>\n<\/div>\n<p><strong>Caracter\u00edsticas:<\/strong><\/p>\n<ul>\n<li>Serra de mesa de 210 mm com um potente motor de 2000 W para um corte r\u00e1pido e suave<\/li>\n<li>O carril de cremalheira e pinh\u00e3o torna o ajuste da r\u00e9gua r\u00e1pido, suave e preciso<\/li>\n<li>A r\u00e9gua paralela 2 em 1 tamb\u00e9m pode ser usada como extens\u00e3o da mesa e transformada para cortes rentes<\/li>\n<li>Ajuste preciso e sem chave do alinhamento da l\u00e2mina<\/li>\n<li>Ajuste r\u00e1pido da altura da l\u00e2mina<\/li>\n<li>\u00c2ngulos de corte em bisel continuamente ajust\u00e1veis (-2\u00b0 &#8211; 47\u00b0 m\u00e1x.)<\/li>\n<li>A prote\u00e7\u00e3o contra o rearranque evita um arranque acidental ap\u00f3s um corte de energia<\/li>\n<li>Transporte f\u00e1cil com punho de transporte e armazenamento muito compacto<\/li>\n<li>Armazenamento dos acess\u00f3rios na ferramenta, para r\u00e9gua, batente de esquadria, pau de empurrar, resguardo da l\u00e2mina e chaves<\/li>\n<li>Condi\u00e7\u00f5es de trabalho limpas: direcione a sa\u00edda do p\u00f3 de serragem com o concentrador de p\u00f3<\/li>\n<li>Adaptador para aspirador para n\u00edveis reduzidos de p\u00f3<\/li>\n<\/ul>","protected":false},"excerpt":{"rendered":"<p>Serra de mesa precisa e compacta de 210 mm A serra de mesa SKIL 1330 disp\u00f5e de um potente motor<\/p>","protected":false},"featured_media":30519,"template":"","meta":[],"product_brand":[67],"product_cat":[98,34],"product_tag":[],"class_list":{"0":"post-29397","1":"product","2":"type-product","3":"status-publish","4":"has-post-thumbnail","6":"product_brand-skil","7":"product_cat-ferramentas-de-corte","8":"product_cat-ferramentas-eletricas","10":"first","11":"instock","12":"sale","13":"purchasable","14":"product-type-simple"},"_links":{"self":[{"href":"https:\/\/equipment-pt3.com\/en\/wp-json\/wp\/v2\/product\/29397","targetHints":{"allow":["GET"]}}],"collection":[{"href":"https:\/\/equipment-pt3.com\/en\/wp-json\/wp\/v2\/product"}],"about":[{"href":"https:\/\/equipment-pt3.com\/en\/wp-json\/wp\/v2\/types\/product"}],"version-history":[{"count":3,"href":"https:\/\/equipment-pt3.com\/en\/wp-json\/wp\/v2\/product\/29397\/revisions"}],"predecessor-version":[{"id":30523,"href":"https:\/\/equipment-pt3.com\/en\/wp-json\/wp\/v2\/product\/29397\/revisions\/30523"}],"wp:featuredmedia":[{"embeddable":true,"href":"https:\/\/equipment-pt3.com\/en\/wp-json\/wp\/v2\/media\/30519"}],"wp:attachment":[{"href":"https:\/\/equipment-pt3.com\/en\/wp-json\/wp\/v2\/media?parent=29397"}],"wp:term":[{"taxonomy":"product_brand","embeddable":true,"href":"https:\/\/equipment-pt3.com\/en\/wp-json\/wp\/v2\/product_brand?post=29397"},{"taxonomy":"product_cat","embeddable":true,"href":"https:\/\/equipment-pt3.com\/en\/wp-json\/wp\/v2\/product_cat?post=29397"},{"taxonomy":"product_tag","embeddable":true,"href":"https:\/\/equipment-pt3.com\/en\/wp-json\/wp\/v2\/product_tag?post=29397"}],"curies":[{"name":"wp","href":"https:\/\/api.w.org\/{rel}","templated":true}]}}