{"id":29398,"date":"2026-02-03T13:10:24","date_gmt":"2026-02-03T13:10:24","guid":{"rendered":"https:\/\/equipment-pt3.com\/produto\/skil-1350-aa-serra-de-corte-de-azulejo\/"},"modified":"2026-02-18T09:25:49","modified_gmt":"2026-02-18T09:25:49","slug":"skil-1350-aa-serra-de-corte-de-azulejo","status":"publish","type":"product","link":"https:\/\/equipment-pt3.com\/en\/product\/skil-1350-aa-serra-de-corte-de-azulejo\/","title":{"rendered":"SKIL 1350 AA Serra de corte de azulejo"},"content":{"rendered":"<p>A serra para corte de azulejos SKIL 1350 \u00e9 uma serra muito compacta e potente para cortar de modo preciso azulejos de pavimento e de parede com uma espessura de at\u00e9 35 mm. O potente motor sem escovas de 600 W garante um desempenho de corte ideal e muito preciso. O disco de serra de diamante atravessa continuamente um dep\u00f3sito de \u00e1gua, o que assegura a sua refrigera\u00e7\u00e3o ideal e minimiza o p\u00f3. A serra para corte de azulejos vem equipada com um tampo em a\u00e7o inoxid\u00e1vel resistente \u00e0 corros\u00e3o e um interruptor de ligar e desligar \u00e0 prova de p\u00f3. A r\u00e9gua paralela ajust\u00e1vel com batente de esquadria permite cortar azulejos com muita precis\u00e3o, tanto a direito, como em bisel. Gra\u00e7as \u00e0s escalas integradas, a medi\u00e7\u00e3o \u00e9 tamb\u00e9m t\u00e3o f\u00e1cil como nunca. Os \u00e2ngulos em bisel s\u00e3o continuamente ajust\u00e1veis com batentes para cortes em bisel f\u00e1ceis num \u00e2ngulo de 0\u00b0 a 45\u00b0. Esta serra para corte h\u00famido de azulejos est\u00e1 equipada com p\u00e9s de borracha para uma instala\u00e7\u00e3o est\u00e1vel e a prote\u00e7\u00e3o contra o rearranque evita que a m\u00e1quina arranque de novo automaticamente depois de desligada. A SKIL 1350 AA vem fornecida com um disco de diamante de 180 mm, r\u00e9gua paralela, batente de esquadria, resguardo e uma chave.<\/p>\n<p><strong>Caracter\u00edsticas:<\/strong><\/p>\n<ul>\n<li>Potente motor sem escovas de 600 W para um \u00f3timo desempenho de corte<\/li>\n<li>Grande profundidade de corte de 35\u00a0mm<\/li>\n<li>Reservat\u00f3rio de \u00e1gua para refrigera\u00e7\u00e3o do disco para manter o disco frio enquanto minimiza a poeira<\/li>\n<li>\u00c2ngulos de corte em bisel continuamente ajust\u00e1veis, com batentes para cortes biselados f\u00e1ceis de 0\u00b0 e 45\u00b0<\/li>\n<li>Tampo em a\u00e7o inoxid\u00e1vel resistente \u00e0 corros\u00e3o<\/li>\n<li>P\u00e9s de borracha para posicionamento est\u00e1vel<\/li>\n<li>Escalas integradas para f\u00e1cil medi\u00e7\u00e3o<\/li>\n<li>R\u00e9gua paralela ajust\u00e1vel com batente de esquadria para cortes retos e em bisel precisos<\/li>\n<li>Interruptor de ligar\/desligar protegido contra o p\u00f3<\/li>\n<li>A prote\u00e7\u00e3o contra o rearranque assegura que a ferramenta n\u00e3o volta a arrancar automaticamente ap\u00f3s um corte de energia<\/li>\n<\/ul>","protected":false},"excerpt":{"rendered":"<p>A serra para corte de azulejos SKIL 1350 \u00e9 uma serra muito compacta e potente para cortar de modo preciso<\/p>","protected":false},"featured_media":30525,"template":"","meta":[],"product_brand":[67],"product_cat":[98,34],"product_tag":[],"class_list":{"0":"post-29398","1":"product","2":"type-product","3":"status-publish","4":"has-post-thumbnail","6":"product_brand-skil","7":"product_cat-ferramentas-de-corte","8":"product_cat-ferramentas-eletricas","10":"first","11":"instock","12":"sale","13":"purchasable","14":"product-type-simple"},"_links":{"self":[{"href":"https:\/\/equipment-pt3.com\/en\/wp-json\/wp\/v2\/product\/29398","targetHints":{"allow":["GET"]}}],"collection":[{"href":"https:\/\/equipment-pt3.com\/en\/wp-json\/wp\/v2\/product"}],"about":[{"href":"https:\/\/equipment-pt3.com\/en\/wp-json\/wp\/v2\/types\/product"}],"version-history":[{"count":3,"href":"https:\/\/equipment-pt3.com\/en\/wp-json\/wp\/v2\/product\/29398\/revisions"}],"predecessor-version":[{"id":30531,"href":"https:\/\/equipment-pt3.com\/en\/wp-json\/wp\/v2\/product\/29398\/revisions\/30531"}],"wp:featuredmedia":[{"embeddable":true,"href":"https:\/\/equipment-pt3.com\/en\/wp-json\/wp\/v2\/media\/30525"}],"wp:attachment":[{"href":"https:\/\/equipment-pt3.com\/en\/wp-json\/wp\/v2\/media?parent=29398"}],"wp:term":[{"taxonomy":"product_brand","embeddable":true,"href":"https:\/\/equipment-pt3.com\/en\/wp-json\/wp\/v2\/product_brand?post=29398"},{"taxonomy":"product_cat","embeddable":true,"href":"https:\/\/equipment-pt3.com\/en\/wp-json\/wp\/v2\/product_cat?post=29398"},{"taxonomy":"product_tag","embeddable":true,"href":"https:\/\/equipment-pt3.com\/en\/wp-json\/wp\/v2\/product_tag?post=29398"}],"curies":[{"name":"wp","href":"https:\/\/api.w.org\/{rel}","templated":true}]}}