{"id":29399,"date":"2026-02-03T13:10:25","date_gmt":"2026-02-03T13:10:25","guid":{"rendered":"https:\/\/equipment-pt3.com\/produto\/skil-1355-aa-esmerilhador\/"},"modified":"2026-02-18T09:23:54","modified_gmt":"2026-02-18T09:23:54","slug":"skil-1355-aa-esmerilhador","status":"publish","type":"product","link":"https:\/\/equipment-pt3.com\/en\/product\/skil-1355-aa-esmerilhador\/","title":{"rendered":"SKIL 1355 AA Esmeriladora"},"content":{"rendered":"<p>A esmeriladora SKIL 1355 foi concebida para realizar um trabalho de desbaste potente e preciso. O potente motor sem escovas de 400 W garante sempre um resultado de afia\u00e7\u00e3o ideal. Gra\u00e7as \u00e0s grandes rodas abrasivas de 150 mm, esta m\u00e1quina de retificar adequa-se a uma variedade de tarefas. A m\u00e1quina tem uma caixa em metal inteiri\u00e7o e resguardos, vindo equipada com p\u00e9s de borracha para uma instala\u00e7\u00e3o est\u00e1vel. Al\u00e9m disso, a rebarbadora apresenta viseiras de prote\u00e7\u00e3o transparentes ajust\u00e1veis que protegem de fa\u00edscas, incluindo uma lupa integrada para trabalhos de precis\u00e3o. Tamb\u00e9m \u00e9 poss\u00edvel uma opera\u00e7\u00e3o controlada gra\u00e7as ao arranque suave. M\u00e1 ilumina\u00e7\u00e3o na sua oficina? N\u00e3o h\u00e1 problema! A luz LED flex\u00edvel garante uma \u00f3tima visibilidade da sua pe\u00e7a de trabalho. Por fim, a m\u00e1quina de retificar est\u00e1 equipada com apoios para a ferramenta est\u00e1veis e ajust\u00e1veis e um interruptor de ligar e desligar \u00e0 prova de p\u00f3. A SKIL 1355 AA \u00e9 fornecida com 2 rodas abrasivas de 150 mm (gr\u00e3o 36 e 60), viseiras de prote\u00e7\u00e3o e apoios para a ferramenta ajust\u00e1veis.<\/p>\n<p><strong>Caracter\u00edsticas:<\/strong><\/p>\n<ul>\n<li>Potente motor sem escovas de 400 W para um \u00f3timo desempenho<\/li>\n<li>Grandes rodas abrasivas de 150 mm para uma grande variedade de aplica\u00e7\u00f5es<\/li>\n<li>Luz LED flex\u00edvel para uma \u00f3tima visibilidade, mesmo com pouca luz<\/li>\n<li>Todos os resguardos em metal e a caixa<\/li>\n<li>Opera\u00e7\u00e3o controlada gra\u00e7as ao arranque suave<\/li>\n<li>Viseiras transparentes ajust\u00e1veis, para prote\u00e7\u00e3o contra fagulhas<\/li>\n<li>Lupa integrada para trabalhos detalhados<\/li>\n<li>Apoios para a ferramenta est\u00e1veis e ajust\u00e1veis<\/li>\n<li>P\u00e9s de borracha para posicionamento est\u00e1vel<\/li>\n<li>Interruptor de ligar\/desligar protegido contra o p\u00f3<\/li>\n<\/ul>","protected":false},"excerpt":{"rendered":"<p>A esmeriladora SKIL 1355 foi concebida para realizar um trabalho de desbaste potente e preciso. O potente motor sem escovas<\/p>","protected":false},"featured_media":30547,"template":"","meta":[],"product_brand":[67],"product_cat":[34],"product_tag":[],"class_list":{"0":"post-29399","1":"product","2":"type-product","3":"status-publish","4":"has-post-thumbnail","6":"product_brand-skil","7":"product_cat-ferramentas-eletricas","9":"first","10":"instock","11":"sale","12":"purchasable","13":"product-type-simple"},"_links":{"self":[{"href":"https:\/\/equipment-pt3.com\/en\/wp-json\/wp\/v2\/product\/29399","targetHints":{"allow":["GET"]}}],"collection":[{"href":"https:\/\/equipment-pt3.com\/en\/wp-json\/wp\/v2\/product"}],"about":[{"href":"https:\/\/equipment-pt3.com\/en\/wp-json\/wp\/v2\/types\/product"}],"version-history":[{"count":4,"href":"https:\/\/equipment-pt3.com\/en\/wp-json\/wp\/v2\/product\/29399\/revisions"}],"predecessor-version":[{"id":30552,"href":"https:\/\/equipment-pt3.com\/en\/wp-json\/wp\/v2\/product\/29399\/revisions\/30552"}],"wp:featuredmedia":[{"embeddable":true,"href":"https:\/\/equipment-pt3.com\/en\/wp-json\/wp\/v2\/media\/30547"}],"wp:attachment":[{"href":"https:\/\/equipment-pt3.com\/en\/wp-json\/wp\/v2\/media?parent=29399"}],"wp:term":[{"taxonomy":"product_brand","embeddable":true,"href":"https:\/\/equipment-pt3.com\/en\/wp-json\/wp\/v2\/product_brand?post=29399"},{"taxonomy":"product_cat","embeddable":true,"href":"https:\/\/equipment-pt3.com\/en\/wp-json\/wp\/v2\/product_cat?post=29399"},{"taxonomy":"product_tag","embeddable":true,"href":"https:\/\/equipment-pt3.com\/en\/wp-json\/wp\/v2\/product_tag?post=29399"}],"curies":[{"name":"wp","href":"https:\/\/api.w.org\/{rel}","templated":true}]}}