{"id":29400,"date":"2026-02-03T13:10:25","date_gmt":"2026-02-03T13:10:25","guid":{"rendered":"https:\/\/equipment-pt3.com\/produto\/skil-1360-aa-engenho-de-furar-meia-coluna\/"},"modified":"2026-02-18T09:24:22","modified_gmt":"2026-02-18T09:24:22","slug":"skil-1360-aa-engenho-de-furar-meia-coluna","status":"publish","type":"product","link":"https:\/\/equipment-pt3.com\/en\/product\/skil-1360-aa-engenho-de-furar-meia-coluna\/","title":{"rendered":"SKIL 1360 AA Engenho de furar meia coluna"},"content":{"rendered":"<p><strong>Caracter\u00edsticas:<\/strong><\/p>\n<ul>\n<li>Furadeira de coluna com cinco configura\u00e7\u00f5es de velocidade. Laser de linha cruzada e l\u00e2mpada de trabalho LED, bem como um potente motor de 550 W.<\/li>\n<li>5 configura\u00e7\u00f5es de velocidade para perfura\u00e7\u00e3o em diferentes materiais<\/li>\n<li>Laser de linhas cruzadas mostra a \u00e1rea exata de perfura\u00e7\u00e3o<\/li>\n<li>Luz de trabalho LED para visibilidade ideal, mesmo em \u00e1reas pouco iluminadas<\/li>\n<li>Mesa de trabalho ajust\u00e1vel incluindo extras morsa para fixa\u00e7\u00e3o segura da pe\u00e7a de trabalho<\/li>\n<li>Limitador de profundidade ajust\u00e1vel para uma profundidade de perfura\u00e7\u00e3o predefinida e constante<\/li>\n<li>A mesa de trabalho pode ser inclinada de 0 a 45 graus<br \/>\nInterruptor liga\/desliga \u00e0 prova de poeira<\/li>\n<\/ul>","protected":false},"excerpt":{"rendered":"<p>Caracter\u00edsticas: Furadeira de coluna com cinco configura\u00e7\u00f5es de velocidade. Laser de linha cruzada e l\u00e2mpada de trabalho LED, bem como<\/p>","protected":false},"featured_media":30560,"template":"","meta":[],"product_brand":[67],"product_cat":[34],"product_tag":[],"class_list":{"0":"post-29400","1":"product","2":"type-product","3":"status-publish","4":"has-post-thumbnail","6":"product_brand-skil","7":"product_cat-ferramentas-eletricas","9":"first","10":"instock","11":"sale","12":"purchasable","13":"product-type-simple"},"_links":{"self":[{"href":"https:\/\/equipment-pt3.com\/en\/wp-json\/wp\/v2\/product\/29400","targetHints":{"allow":["GET"]}}],"collection":[{"href":"https:\/\/equipment-pt3.com\/en\/wp-json\/wp\/v2\/product"}],"about":[{"href":"https:\/\/equipment-pt3.com\/en\/wp-json\/wp\/v2\/types\/product"}],"version-history":[{"count":2,"href":"https:\/\/equipment-pt3.com\/en\/wp-json\/wp\/v2\/product\/29400\/revisions"}],"predecessor-version":[{"id":30559,"href":"https:\/\/equipment-pt3.com\/en\/wp-json\/wp\/v2\/product\/29400\/revisions\/30559"}],"wp:featuredmedia":[{"embeddable":true,"href":"https:\/\/equipment-pt3.com\/en\/wp-json\/wp\/v2\/media\/30560"}],"wp:attachment":[{"href":"https:\/\/equipment-pt3.com\/en\/wp-json\/wp\/v2\/media?parent=29400"}],"wp:term":[{"taxonomy":"product_brand","embeddable":true,"href":"https:\/\/equipment-pt3.com\/en\/wp-json\/wp\/v2\/product_brand?post=29400"},{"taxonomy":"product_cat","embeddable":true,"href":"https:\/\/equipment-pt3.com\/en\/wp-json\/wp\/v2\/product_cat?post=29400"},{"taxonomy":"product_tag","embeddable":true,"href":"https:\/\/equipment-pt3.com\/en\/wp-json\/wp\/v2\/product_tag?post=29400"}],"curies":[{"name":"wp","href":"https:\/\/api.w.org\/{rel}","templated":true}]}}