{"id":29401,"date":"2026-02-03T13:10:25","date_gmt":"2026-02-03T13:10:25","guid":{"rendered":"https:\/\/equipment-pt3.com\/produto\/skil-3590-aa-serra-de-esquadria-telescopica-sem-fio\/"},"modified":"2026-02-18T09:25:04","modified_gmt":"2026-02-18T09:25:04","slug":"skil-3590-aa-serra-de-esquadria-telescopica-sem-fio","status":"publish","type":"product","link":"https:\/\/equipment-pt3.com\/en\/product\/skil-3590-aa-serra-de-esquadria-telescopica-sem-fio\/","title":{"rendered":"SKIL 3590 AA Serra de esquadria telesc\u00f3pica sem fio"},"content":{"rendered":"<p>A SKIL 3590 \u201c20V Max\u201d \u00e9 uma serra de esquadria telesc\u00f3pica extremamente compacta e leve. No entanto, n\u00e3o se deixe enganar pelo seu tamanho. Tal como as restantes ferramentas sem fios \u201c20V Max\u201d da SKIL, este modelo funciona com a tecnologia avan\u00e7ada de baterias e carregadores PWRCORE 20\u2122, l\u00edder no setor. Este potente sistema de bateria, combinado com uma fun\u00e7\u00e3o inteligente de deslizamento, permite enfrentar facilmente tarefas exigentes de corte.<\/p>\n<p>Na maioria das serras de esquadria, a cabe\u00e7a da serra est\u00e1 ligada a barras que se prolongam para tr\u00e1s durante o corte. Em contrapartida, a SKIL 3590 possui barras fixas e uma cabe\u00e7a de serra deslizante, o que significa que pode ser colocada encostada \u00e0 parede.<\/p>\n<p>A pe\u00e7a de trabalho \u00e9 fixada atrav\u00e9s de uma cinta com o exclusivo sistema de fixa\u00e7\u00e3o r\u00e1pida, que requer muito menos tempo do que os sistemas convencionais. Al\u00e9m disso, o seu laser de precis\u00e3o indica claramente a linha de corte. \u00c9 f\u00e1cil de ajustar, garantindo m\u00e1xima precis\u00e3o e flexibilidade, permitindo posicionar a linha do laser \u00e0 esquerda ou \u00e0 direita da l\u00e2mina.<\/p>\n<p>Os \u00e2ngulos de corte com ajuste cont\u00ednuo permitem realizar cortes precisos em bisel e em meia-esquadria, enquanto os batentes pr\u00e9-definidos asseguram um ajuste c\u00f3modo para os \u00e2ngulos mais comuns. As extens\u00f5es de mesa para pe\u00e7as mais longas s\u00e3o totalmente ajust\u00e1veis e a ferramenta disp\u00f5e ainda de uma pega adicional para transporte confort\u00e1vel.<\/p>\n<p>A SKIL 3590 inclui tamb\u00e9m um saco de recolha de p\u00f3 de grande capacidade e uma liga\u00e7\u00e3o integrada para aspirador na prote\u00e7\u00e3o de alum\u00ednio.<\/p>\n<p>A SKIL 3590 AA \u00e9 fornecida com uma bateria \u201cKEEPCOOL\u2122\u201d de 4,0 Ah, um carregador r\u00e1pido, uma l\u00e2mina de serra de 216 mm com 40 dentes em metal duro (carbeto), extens\u00f5es de mesa, uma pin\u00e7a r\u00e1pida para fixa\u00e7\u00e3o da pe\u00e7a e um saco para p\u00f3.<\/p>\n<p><strong>Caracter\u00edsticas:<\/strong><\/p>\n<ul>\n<li>O sistema de deslizamento evita que as barras se prolonguem para a parte traseira ao cortar, permitindo colocar a serra junto \u00e0 parede<\/li>\n<li>Sistema de fixa\u00e7\u00e3o r\u00e1pida para uma fixa\u00e7\u00e3o c\u00f3moda e r\u00e1pida da pe\u00e7a de trabalho<\/li>\n<li>Transporte f\u00e1cil gra\u00e7as \u00e0 pega de transporte, ao design compacto e ao peso reduzido<\/li>\n<li>Indicador laser preciso da linha de corte, com ajuste fino simples<\/li>\n<li>Sistema deslizante que permite uma grande capacidade de corte<\/li>\n<li>\u00c2ngulos de corte em meia-esquadria ajust\u00e1veis continuamente e posi\u00e7\u00f5es pr\u00e9-definidas \u00e0 esquerda e \u00e0 direita (0\u00b0, 15\u00b0, 22,5\u00b0, 31,6\u00b0, 45\u00b0)<\/li>\n<li>Extens\u00f5es de mesa ajust\u00e1veis para pe\u00e7as de grandes dimens\u00f5es<\/li>\n<li>Fun\u00e7\u00e3o de corte em ranhura<\/li>\n<li>Constru\u00e7\u00e3o robusta com rolamentos de esferas, engrenagens helicoidais e mesa de serra em alum\u00ednio<\/li>\n<li>Liga\u00e7\u00e3o integrada para aspirador<\/li>\n<li>Punho e comandos frontais confort\u00e1veis<\/li>\n<li>Bloqueio do veio para facilitar a troca de acess\u00f3rios<\/li>\n<\/ul>","protected":false},"excerpt":{"rendered":"<p>A SKIL 3590 \u201c20V Max\u201d \u00e9 uma serra de esquadria telesc\u00f3pica extremamente compacta e leve. No entanto, n\u00e3o se deixe<\/p>","protected":false},"featured_media":30533,"template":"","meta":[],"product_brand":[67],"product_cat":[98,34],"product_tag":[],"class_list":{"0":"post-29401","1":"product","2":"type-product","3":"status-publish","4":"has-post-thumbnail","6":"product_brand-skil","7":"product_cat-ferramentas-de-corte","8":"product_cat-ferramentas-eletricas","10":"first","11":"instock","12":"sale","13":"purchasable","14":"product-type-simple"},"_links":{"self":[{"href":"https:\/\/equipment-pt3.com\/en\/wp-json\/wp\/v2\/product\/29401","targetHints":{"allow":["GET"]}}],"collection":[{"href":"https:\/\/equipment-pt3.com\/en\/wp-json\/wp\/v2\/product"}],"about":[{"href":"https:\/\/equipment-pt3.com\/en\/wp-json\/wp\/v2\/types\/product"}],"version-history":[{"count":3,"href":"https:\/\/equipment-pt3.com\/en\/wp-json\/wp\/v2\/product\/29401\/revisions"}],"predecessor-version":[{"id":30544,"href":"https:\/\/equipment-pt3.com\/en\/wp-json\/wp\/v2\/product\/29401\/revisions\/30544"}],"wp:featuredmedia":[{"embeddable":true,"href":"https:\/\/equipment-pt3.com\/en\/wp-json\/wp\/v2\/media\/30533"}],"wp:attachment":[{"href":"https:\/\/equipment-pt3.com\/en\/wp-json\/wp\/v2\/media?parent=29401"}],"wp:term":[{"taxonomy":"product_brand","embeddable":true,"href":"https:\/\/equipment-pt3.com\/en\/wp-json\/wp\/v2\/product_brand?post=29401"},{"taxonomy":"product_cat","embeddable":true,"href":"https:\/\/equipment-pt3.com\/en\/wp-json\/wp\/v2\/product_cat?post=29401"},{"taxonomy":"product_tag","embeddable":true,"href":"https:\/\/equipment-pt3.com\/en\/wp-json\/wp\/v2\/product_tag?post=29401"}],"curies":[{"name":"wp","href":"https:\/\/api.w.org\/{rel}","templated":true}]}}