{"id":29402,"date":"2026-02-03T13:10:26","date_gmt":"2026-02-03T13:10:26","guid":{"rendered":"https:\/\/equipment-pt3.com\/produto\/skil-2070-ea-aparafusadora-berbequim-de-percussao-sem-fio\/"},"modified":"2026-02-18T09:20:51","modified_gmt":"2026-02-18T09:20:51","slug":"skil-2070-ea-aparafusadora-berbequim-de-percussao-sem-fio","status":"publish","type":"product","link":"https:\/\/equipment-pt3.com\/en\/product\/skil-2070-ea-aparafusadora-berbequim-de-percussao-sem-fio\/","title":{"rendered":"SKIL 2070 EA Aparafusadora\/berbequim de percuss\u00e3o sem fio"},"content":{"rendered":"<p>A SKIL 2070 12V \u00e9 uma berbequim de percuss\u00e3o sem fios com motor sem escovas e fun\u00e7\u00e3o de impacto. O seu design compacto e leve garante controlo e conforto ideais ao perfurar madeira, metal e at\u00e9 alvenaria, bem como em trabalhos de aparafusamento.<\/p>\n<p>O motor sem escovas \u00e9 mais r\u00e1pido, mais potente e tem uma vida \u00fatil at\u00e9 10 vezes superior \u00e0 de um motor com escovas equivalente. As 17 posi\u00e7\u00f5es de bin\u00e1rio asseguram resultados precisos no aparafusamento. Gra\u00e7as ao seletor de fun\u00e7\u00e3o, \u00e9 poss\u00edvel alternar facilmente entre aparafusar, perfurar e perfurar com percuss\u00e3o.<\/p>\n<p>Disp\u00f5e de duas velocidades, que podem ser utilizadas para perfura\u00e7\u00e3o r\u00e1pida ou para trabalhos exigentes de perfura\u00e7\u00e3o e aparafusamento. A ferramenta inclui um mandril autoapertante monobucha de 13 mm com bloqueio, que impede que as brocas escorreguem. O bloqueio autom\u00e1tico do veio permite trocar acess\u00f3rios de forma r\u00e1pida e simples.<\/p>\n<p>Em suma, esta ferramenta vers\u00e1til oferece tudo o que necessita: tecnologia fi\u00e1vel de bateria de i\u00f5es de l\u00edtio, velocidade vari\u00e1vel para controlo total e luz LED para boa visibilidade da \u00e1rea de trabalho.<\/p>\n<p>A SKIL 2070 EA \u00e9 fornecida numa mala de transporte, com duas baterias 12V 2,0 Ah \u201cKeep Cool\u2122\u201d, um carregador r\u00e1pido, uma ponta de aparafusar dupla e um clip de cinto.<\/p>\n<p><strong>Caracter\u00edsticas:<\/strong><\/p>\n<ul>\n<li>A tecnologia de bateria \u201cKeep Cool\u2122\u201d assegura 25% mais autonomia e o dobro da vida \u00fatil<\/li>\n<li>Motor sem escovas: mais r\u00e1pido, mais potente e com uma durabilidade at\u00e9 10 vezes superior<\/li>\n<li>3 fun\u00e7\u00f5es: aparafusar, perfurar e perfurar com percuss\u00e3o<\/li>\n<li>Fun\u00e7\u00e3o de percuss\u00e3o para perfura\u00e7\u00e3o em alvenaria<\/li>\n<li>Duas velocidades: alta velocidade para perfura\u00e7\u00e3o e bin\u00e1rio elevado para trabalhos exigentes de aparafusamento<\/li>\n<li>Mandril met\u00e1lico autoapertante monobucha de 13 mm com bloqueio<\/li>\n<li>Bloqueio autom\u00e1tico do veio para troca r\u00e1pida e f\u00e1cil de acess\u00f3rios<\/li>\n<li>17 posi\u00e7\u00f5es de bin\u00e1rio para aparafusamento preciso, mais posi\u00e7\u00e3o totalmente bloqueada para perfura\u00e7\u00e3o<\/li>\n<li>Seletor de fun\u00e7\u00e3o para alternar facilmente entre aparafusar, perfurar e perfurar com percuss\u00e3o<\/li>\n<li>Design compacto e ergon\u00f3mico com punho softgrip para conforto e controlo ideais<\/li>\n<li>Velocidade vari\u00e1vel para arranque suave e controlo total em qualquer momento<\/li>\n<li>Luz LED para melhor visibilidade da pe\u00e7a de trabalho e maior conforto em zonas pouco iluminadas<\/li>\n<li>Tecnologia de i\u00f5es de l\u00edtio: sem efeito de mem\u00f3ria, sem autodescarga e sempre pronta a utilizar<\/li>\n<li>Clip de cinto para transporte f\u00e1cil<\/li>\n<\/ul>","protected":false},"excerpt":{"rendered":"<p>A SKIL 2070 12V \u00e9 uma berbequim de percuss\u00e3o sem fios com motor sem escovas e fun\u00e7\u00e3o de impacto. O<\/p>","protected":false},"featured_media":30502,"template":"","meta":[],"product_brand":[67],"product_cat":[34],"product_tag":[],"class_list":{"0":"post-29402","1":"product","2":"type-product","3":"status-publish","4":"has-post-thumbnail","6":"product_brand-skil","7":"product_cat-ferramentas-eletricas","9":"first","10":"instock","11":"sale","12":"purchasable","13":"product-type-simple"},"_links":{"self":[{"href":"https:\/\/equipment-pt3.com\/en\/wp-json\/wp\/v2\/product\/29402","targetHints":{"allow":["GET"]}}],"collection":[{"href":"https:\/\/equipment-pt3.com\/en\/wp-json\/wp\/v2\/product"}],"about":[{"href":"https:\/\/equipment-pt3.com\/en\/wp-json\/wp\/v2\/types\/product"}],"version-history":[{"count":3,"href":"https:\/\/equipment-pt3.com\/en\/wp-json\/wp\/v2\/product\/29402\/revisions"}],"predecessor-version":[{"id":30501,"href":"https:\/\/equipment-pt3.com\/en\/wp-json\/wp\/v2\/product\/29402\/revisions\/30501"}],"wp:featuredmedia":[{"embeddable":true,"href":"https:\/\/equipment-pt3.com\/en\/wp-json\/wp\/v2\/media\/30502"}],"wp:attachment":[{"href":"https:\/\/equipment-pt3.com\/en\/wp-json\/wp\/v2\/media?parent=29402"}],"wp:term":[{"taxonomy":"product_brand","embeddable":true,"href":"https:\/\/equipment-pt3.com\/en\/wp-json\/wp\/v2\/product_brand?post=29402"},{"taxonomy":"product_cat","embeddable":true,"href":"https:\/\/equipment-pt3.com\/en\/wp-json\/wp\/v2\/product_cat?post=29402"},{"taxonomy":"product_tag","embeddable":true,"href":"https:\/\/equipment-pt3.com\/en\/wp-json\/wp\/v2\/product_tag?post=29402"}],"curies":[{"name":"wp","href":"https:\/\/api.w.org\/{rel}","templated":true}]}}