{"id":29403,"date":"2026-02-03T13:10:26","date_gmt":"2026-02-03T13:10:26","guid":{"rendered":"https:\/\/equipment-pt3.com\/produto\/skil-3018-ha-aparafusadora-berbequim-de-percussao-sem-fio\/"},"modified":"2026-02-18T09:21:44","modified_gmt":"2026-02-18T09:21:44","slug":"skil-3018-ha-aparafusadora-berbequim-de-percussao-sem-fio","status":"publish","type":"product","link":"https:\/\/equipment-pt3.com\/en\/product\/skil-3018-ha-aparafusadora-berbequim-de-percussao-sem-fio\/","title":{"rendered":"SKIL 3018 HA Aparafusadora\/berbequim de percuss\u00e3o sem fio"},"content":{"rendered":"<p>A aparafusadora\/berbequim de percuss\u00e3o sem fio SKIL 3018 \u00ab20V Max\u00bb (18 V) com fun\u00e7\u00e3o de impacto \u00e9 ideal para perfura\u00e7\u00e3o em madeira, metal e mesmo em alvenaria e para os trabalhos de aparafusamento mais exigentes. Os 17 ajustes de bin\u00e1rio asseguram resultados de aparafusamento precisos. Gra\u00e7as ao seletor de fun\u00e7\u00f5es, pode alternar facilmente entre aparafusamento, perfura\u00e7\u00e3o e perfura\u00e7\u00e3o com percuss\u00e3o. Disp\u00f5e de duas velocidades que poder\u00e1 utilizar para perfura\u00e7\u00e3o r\u00e1pida ou para aplica\u00e7\u00f5es exigentes de perfura\u00e7\u00e3o e aparafusamento. Esta ferramenta disp\u00f5e de uma bucha de aperto r\u00e1pido com um bloco de 13 mm com bloqueio que evita o deslizamento das pontas. O bloqueio autom\u00e1tico do fuso facilita a mudan\u00e7a de acess\u00f3rios. Resumidamente, esta ferramenta vers\u00e1til oferece verdadeiramente tudo o que precisa: tecnologia fi\u00e1vel de bateria de i\u00f5es de l\u00edtio, velocidade vari\u00e1vel para controlo total e a luz LED assegura a boa visibilidade do seu trabalho. Al\u00e9m disso, esta ferramenta disp\u00f5e de um pr\u00e1tico indicador LED para a frente\/para tr\u00e1s, para que possa verificar imediatamente o sentido de acionamento. Por \u00faltimo, o design ergon\u00f3mico e Softgrip na ferramenta proporcionam um conforto de trabalho extra. O indicador do n\u00edvel de carga da bateria patenteado exibe comodamente o n\u00edvel de carga da bateria. A SKIL 3018 HA \u00e9 fornecida numa mala de transporte com duas baterias \u00ab20V Max\u00bb (18 V) 2,0 Ah \u00abKeep Cool\u00bb, um carregador de 1 hora, um jogo de 100 acess\u00f3rios para perfura\u00e7\u00e3o e aparafusamento e um clipe de fixa\u00e7\u00e3o ao cinto.<\/p>\n<p><strong>Caracter\u00edsticas:<\/strong><\/p>\n<ul>\n<li>3 fun\u00e7\u00f5es: aparafusamento, perfura\u00e7\u00e3o e perfura\u00e7\u00e3o com percuss\u00e3o<\/li>\n<li>Fun\u00e7\u00e3o de berbequim de percuss\u00e3o para perfurar alvenaria<\/li>\n<li>Duas velocidades: alta velocidade para perfurar e bin\u00e1rio elevado para trabalhos de aparafusamento mais exigentes<\/li>\n<li>Bucha de aperto r\u00e1pido com um bloco de 13 mm<\/li>\n<li>Bloqueio autom\u00e1tico do fuso para uma substitui\u00e7\u00e3o de acess\u00f3rios f\u00e1cil e r\u00e1pida<\/li>\n<li>17 ajustes de bin\u00e1rio para aparafusamento preciso mais 1 ajuste para perfura\u00e7\u00e3o normal e 1 para perfura\u00e7\u00e3o com percuss\u00e3o<\/li>\n<li>Seletor de fun\u00e7\u00f5es para alternar facilmente entre aparafusamento, perfura\u00e7\u00e3o e perfura\u00e7\u00e3o com percuss\u00e3o<\/li>\n<li>A velocidade vari\u00e1vel assegura um arranque suave e um controlo total em todos os momentos<\/li>\n<li>O indicador LED para a frente\/para tr\u00e1s permite-lhe verificar facilmente o sentido de acionamento<\/li>\n<li>Ilumina\u00e7\u00e3o LED para uma melhor visualiza\u00e7\u00e3o da pe\u00e7a a ser trabalhada e um trabalho mais confort\u00e1vel em \u00e1reas mal iluminadas<\/li>\n<li>Tecnologia de i\u00f5es de l\u00edtio: sem efeito mem\u00f3ria, sem descarga espont\u00e2nea e sempre pronta a utilizar<\/li>\n<li>O indicador do n\u00edvel de carga da bateria patenteado exibe comodamente o n\u00edvel de carga da bateria<\/li>\n<li>Design ergon\u00f3mico e Softgrip para um controlo e comodidade \u00f3timos<\/li>\n<\/ul>","protected":false},"excerpt":{"rendered":"<p>A aparafusadora\/berbequim de percuss\u00e3o sem fio SKIL 3018 \u00ab20V Max\u00bb (18 V) com fun\u00e7\u00e3o de impacto \u00e9 ideal para perfura\u00e7\u00e3o<\/p>","protected":false},"featured_media":30491,"template":"","meta":[],"product_brand":[67],"product_cat":[34],"product_tag":[],"class_list":{"0":"post-29403","1":"product","2":"type-product","3":"status-publish","4":"has-post-thumbnail","6":"product_brand-skil","7":"product_cat-ferramentas-eletricas","9":"first","10":"instock","11":"sale","12":"purchasable","13":"product-type-simple"},"_links":{"self":[{"href":"https:\/\/equipment-pt3.com\/en\/wp-json\/wp\/v2\/product\/29403","targetHints":{"allow":["GET"]}}],"collection":[{"href":"https:\/\/equipment-pt3.com\/en\/wp-json\/wp\/v2\/product"}],"about":[{"href":"https:\/\/equipment-pt3.com\/en\/wp-json\/wp\/v2\/types\/product"}],"version-history":[{"count":4,"href":"https:\/\/equipment-pt3.com\/en\/wp-json\/wp\/v2\/product\/29403\/revisions"}],"predecessor-version":[{"id":30499,"href":"https:\/\/equipment-pt3.com\/en\/wp-json\/wp\/v2\/product\/29403\/revisions\/30499"}],"wp:featuredmedia":[{"embeddable":true,"href":"https:\/\/equipment-pt3.com\/en\/wp-json\/wp\/v2\/media\/30491"}],"wp:attachment":[{"href":"https:\/\/equipment-pt3.com\/en\/wp-json\/wp\/v2\/media?parent=29403"}],"wp:term":[{"taxonomy":"product_brand","embeddable":true,"href":"https:\/\/equipment-pt3.com\/en\/wp-json\/wp\/v2\/product_brand?post=29403"},{"taxonomy":"product_cat","embeddable":true,"href":"https:\/\/equipment-pt3.com\/en\/wp-json\/wp\/v2\/product_cat?post=29403"},{"taxonomy":"product_tag","embeddable":true,"href":"https:\/\/equipment-pt3.com\/en\/wp-json\/wp\/v2\/product_tag?post=29403"}],"curies":[{"name":"wp","href":"https:\/\/api.w.org\/{rel}","templated":true}]}}