{"id":29404,"date":"2026-02-03T13:10:26","date_gmt":"2026-02-03T13:10:26","guid":{"rendered":"https:\/\/equipment-pt3.com\/produto\/skil-3018-hf-aparafusadora-berbequim-de-percussao-a-bateria\/"},"modified":"2026-02-18T09:22:10","modified_gmt":"2026-02-18T09:22:10","slug":"skil-3018-hf-aparafusadora-berbequim-de-percussao-a-bateria","status":"publish","type":"product","link":"https:\/\/equipment-pt3.com\/en\/product\/skil-3018-hf-aparafusadora-berbequim-de-percussao-a-bateria\/","title":{"rendered":"SKIL 3018 HF Aparafusadora\/berbequim de percuss\u00e3o a bateria"},"content":{"rendered":"<p>A SKIL 3018 \u201c20V Max\u201d (18 V) \u00e9 uma berbequim de percuss\u00e3o sem fios com fun\u00e7\u00e3o de impacto, ideal para perfura\u00e7\u00e3o em madeira, metal e at\u00e9 alvenaria, bem como para os trabalhos de aparafusamento mais exigentes. As 17 posi\u00e7\u00f5es de bin\u00e1rio garantem resultados precisos no aparafusamento. Gra\u00e7as ao seletor de fun\u00e7\u00e3o, \u00e9 poss\u00edvel alternar facilmente entre aparafusar, perfurar e perfurar com percuss\u00e3o.<\/p>\n<p>Disp\u00f5e de duas velocidades: uma para perfura\u00e7\u00e3o r\u00e1pida e outra para trabalhos pesados de perfura\u00e7\u00e3o e aparafusamento. A ferramenta inclui um mandril autoapertante monobucha de 13 mm com bloqueio, que impede que as pontas escorreguem. O bloqueio autom\u00e1tico do veio permite a troca r\u00e1pida e f\u00e1cil de acess\u00f3rios.<\/p>\n<p>Em resumo, esta ferramenta vers\u00e1til oferece tudo o que necessita: tecnologia fi\u00e1vel de bateria de i\u00f5es de l\u00edtio, velocidade vari\u00e1vel para controlo total e uma luz LED para boa visibilidade da \u00e1rea de trabalho. Al\u00e9m disso, inclui uma pr\u00e1tica indica\u00e7\u00e3o de rota\u00e7\u00e3o esquerda\/direita por LED, permitindo ver de imediato o sentido de aparafusamento.<\/p>\n<p>Por fim, o design ergon\u00f3mico e o punho soft grip proporcionam maior conforto durante a utiliza\u00e7\u00e3o. O indicador patenteado do n\u00edvel da bateria mostra o estado de carga da mesma.<\/p>\n<p>A SKIL 3018 HF \u00e9 fornecida com uma ponta de aparafusar dupla, um clip de cinto e 2 baterias de 2,0 Ah.<\/p>\n<p><strong>Caracter\u00edsticas:<\/strong><\/p>\n<ul>\n<li>3 fun\u00e7\u00f5es: aparafusar, perfurar e perfurar com percuss\u00e3o<\/li>\n<li>Fun\u00e7\u00e3o de percuss\u00e3o para perfura\u00e7\u00e3o em alvenaria<\/li>\n<li>Duas velocidades: alta velocidade para perfura\u00e7\u00e3o e bin\u00e1rio elevado para trabalhos exigentes de aparafusamento<\/li>\n<li>Mandril autoapertante de 13 mm com bucha simples<\/li>\n<li>Bloqueio autom\u00e1tico do veio para troca r\u00e1pida e f\u00e1cil de acess\u00f3rios<\/li>\n<li>17 posi\u00e7\u00f5es de bin\u00e1rio para aparafusamento preciso, mais 1 posi\u00e7\u00e3o para perfura\u00e7\u00e3o normal e 1 para perfura\u00e7\u00e3o com percuss\u00e3o<\/li>\n<li>Seletor de fun\u00e7\u00e3o para alternar facilmente entre aparafusar, perfurar e perfurar com percuss\u00e3o<\/li>\n<li>Velocidade vari\u00e1vel para arranque suave e controlo total em qualquer situa\u00e7\u00e3o<\/li>\n<li>Indica\u00e7\u00e3o de rota\u00e7\u00e3o esquerda\/direita atrav\u00e9s de LED, permitindo ver facilmente o sentido de aparafusamento<\/li>\n<li>Luz LED para melhor visibilidade da pe\u00e7a de trabalho e maior conforto em zonas pouco iluminadas<\/li>\n<li>Tecnologia de i\u00f5es de l\u00edtio: sem efeito de mem\u00f3ria, sem autodescarga e sempre pronta a utilizar<\/li>\n<li>Indicador patenteado do n\u00edvel da bateria que mostra o estado de carga<\/li>\n<li>Design ergon\u00f3mico e punho soft grip para conforto ideal e controlo perfeito<\/li>\n<\/ul>","protected":false},"excerpt":{"rendered":"<p>A SKIL 3018 \u201c20V Max\u201d (18 V) \u00e9 uma berbequim de percuss\u00e3o sem fios com fun\u00e7\u00e3o de impacto, ideal para<\/p>","protected":false},"featured_media":30511,"template":"","meta":[],"product_brand":[67],"product_cat":[34],"product_tag":[],"class_list":{"0":"post-29404","1":"product","2":"type-product","3":"status-publish","4":"has-post-thumbnail","6":"product_brand-skil","7":"product_cat-ferramentas-eletricas","9":"first","10":"instock","11":"sale","12":"purchasable","13":"product-type-simple"},"_links":{"self":[{"href":"https:\/\/equipment-pt3.com\/en\/wp-json\/wp\/v2\/product\/29404","targetHints":{"allow":["GET"]}}],"collection":[{"href":"https:\/\/equipment-pt3.com\/en\/wp-json\/wp\/v2\/product"}],"about":[{"href":"https:\/\/equipment-pt3.com\/en\/wp-json\/wp\/v2\/types\/product"}],"version-history":[{"count":3,"href":"https:\/\/equipment-pt3.com\/en\/wp-json\/wp\/v2\/product\/29404\/revisions"}],"predecessor-version":[{"id":30510,"href":"https:\/\/equipment-pt3.com\/en\/wp-json\/wp\/v2\/product\/29404\/revisions\/30510"}],"wp:featuredmedia":[{"embeddable":true,"href":"https:\/\/equipment-pt3.com\/en\/wp-json\/wp\/v2\/media\/30511"}],"wp:attachment":[{"href":"https:\/\/equipment-pt3.com\/en\/wp-json\/wp\/v2\/media?parent=29404"}],"wp:term":[{"taxonomy":"product_brand","embeddable":true,"href":"https:\/\/equipment-pt3.com\/en\/wp-json\/wp\/v2\/product_brand?post=29404"},{"taxonomy":"product_cat","embeddable":true,"href":"https:\/\/equipment-pt3.com\/en\/wp-json\/wp\/v2\/product_cat?post=29404"},{"taxonomy":"product_tag","embeddable":true,"href":"https:\/\/equipment-pt3.com\/en\/wp-json\/wp\/v2\/product_tag?post=29404"}],"curies":[{"name":"wp","href":"https:\/\/api.w.org\/{rel}","templated":true}]}}