{"id":29406,"date":"2026-02-03T13:10:27","date_gmt":"2026-02-03T13:10:27","guid":{"rendered":"https:\/\/equipment-pt3.com\/produto\/skil-3021hc-combi-aparafusadora-berbequim-de-percussao-bruss\/"},"modified":"2026-02-18T09:16:54","modified_gmt":"2026-02-18T09:16:54","slug":"skil-3021hc-combi-aparafusadora-berbequim-de-percussao-bruss","status":"publish","type":"product","link":"https:\/\/equipment-pt3.com\/en\/product\/skil-3021hc-combi-aparafusadora-berbequim-de-percussao-bruss\/","title":{"rendered":"SKIL 3021HC Combi Aparafusadora\/berbequim de percuss\u00e3o Bruss"},"content":{"rendered":"<p>A SKIL 3021 \u201c20V Max\u201d \u00e9 uma berbequim de percuss\u00e3o de elevado desempenho, ideal para trabalhos de perfura\u00e7\u00e3o do dia a dia. Faz parte da gama sem escovas da SKIL e oferece uma excelente rela\u00e7\u00e3o qualidade\/pre\u00e7o. O motor sem escovas \u00e9 mais r\u00e1pido, mais potente e tem uma vida \u00fatil at\u00e9 10 vezes superior \u00e0 de um motor convencional com escovas. Tal como todas as outras ferramentas sem fios SKIL \u201c20V Max\u201d, este modelo \u00e9 alimentado pela tecnologia l\u00edder de baterias e carregadores PWRCORE 20\u2122.<\/p>\n<p>A SKIL 3021 \u00e9 ideal para perfura\u00e7\u00e3o em madeira, metal e at\u00e9 alvenaria, bem como para os trabalhos de aparafusamento mais exigentes. Disp\u00f5e de duas velocidades: uma para perfura\u00e7\u00e3o r\u00e1pida e outra para trabalhos pesados de perfura\u00e7\u00e3o e aparafusamento. As 17 posi\u00e7\u00f5es de bin\u00e1rio garantem precis\u00e3o nos trabalhos de aparafusamento, com posi\u00e7\u00f5es adicionais para perfura\u00e7\u00e3o normal e perfura\u00e7\u00e3o com percuss\u00e3o.<\/p>\n<p>O mandril de troca r\u00e1pida de 13 mm com sistema de catraca assegura uma fixa\u00e7\u00e3o ideal das pontas, enquanto o bloqueio autom\u00e1tico do veio permite a substitui\u00e7\u00e3o r\u00e1pida dos acess\u00f3rios. Esta ferramenta vers\u00e1til oferece tecnologia fi\u00e1vel de bateria de i\u00f5es de l\u00edtio, velocidade vari\u00e1vel para controlo total e luz LED para boa visibilidade da \u00e1rea de trabalho. Por fim, o design ergon\u00f3mico e o punho soft grip proporcionam maior conforto durante a utiliza\u00e7\u00e3o.<\/p>\n<p><strong>Caracter\u00edsticas:<\/strong><\/p>\n<ul>\n<li>Motor digital sem escovas: mais pot\u00eancia, maior efici\u00eancia e vida \u00fatil at\u00e9 10 vezes superior<\/li>\n<li>3 fun\u00e7\u00f5es: aparafusar, perfurar e perfurar com percuss\u00e3o<\/li>\n<li>Fun\u00e7\u00e3o de percuss\u00e3o para perfura\u00e7\u00e3o em alvenaria<\/li>\n<li>Duas velocidades: alta velocidade para perfura\u00e7\u00e3o e bin\u00e1rio elevado para trabalhos exigentes de aparafusamento<\/li>\n<li>Bin\u00e1rio elevado para perfurar e aparafusar sem esfor\u00e7o<\/li>\n<li>Bloqueio autom\u00e1tico do veio para troca r\u00e1pida e f\u00e1cil de acess\u00f3rios<\/li>\n<li>Mandril de troca r\u00e1pida de 13 mm com sistema de catraca para fixa\u00e7\u00e3o ideal do acess\u00f3rio<\/li>\n<li>17 posi\u00e7\u00f5es de bin\u00e1rio para aparafusamento preciso, mais 1 posi\u00e7\u00e3o para perfura\u00e7\u00e3o normal e 1 para perfura\u00e7\u00e3o com percuss\u00e3o<\/li>\n<li>Velocidade vari\u00e1vel para arranque suave e controlo total em qualquer situa\u00e7\u00e3o<\/li>\n<li>Luz LED para melhor visibilidade da pe\u00e7a de trabalho e maior conforto em zonas pouco iluminadas<\/li>\n<li>Design ergon\u00f3mico e punho soft grip para conforto ideal e controlo perfeito<\/li>\n<li>Tecnologia de i\u00f5es de l\u00edtio: sem efeito de mem\u00f3ria, sem autodescarga e sempre pronta a utilizar<\/li>\n<\/ul>","protected":false},"excerpt":{"rendered":"<p>A SKIL 3021 \u201c20V Max\u201d \u00e9 uma berbequim de percuss\u00e3o de elevado desempenho, ideal para trabalhos de perfura\u00e7\u00e3o do dia<\/p>","protected":false},"featured_media":30461,"template":"","meta":[],"product_brand":[67],"product_cat":[34],"product_tag":[],"class_list":{"0":"post-29406","1":"product","2":"type-product","3":"status-publish","4":"has-post-thumbnail","6":"product_brand-skil","7":"product_cat-ferramentas-eletricas","9":"first","10":"instock","11":"sale","12":"purchasable","13":"product-type-simple"},"_links":{"self":[{"href":"https:\/\/equipment-pt3.com\/en\/wp-json\/wp\/v2\/product\/29406","targetHints":{"allow":["GET"]}}],"collection":[{"href":"https:\/\/equipment-pt3.com\/en\/wp-json\/wp\/v2\/product"}],"about":[{"href":"https:\/\/equipment-pt3.com\/en\/wp-json\/wp\/v2\/types\/product"}],"version-history":[{"count":4,"href":"https:\/\/equipment-pt3.com\/en\/wp-json\/wp\/v2\/product\/29406\/revisions"}],"predecessor-version":[{"id":30466,"href":"https:\/\/equipment-pt3.com\/en\/wp-json\/wp\/v2\/product\/29406\/revisions\/30466"}],"wp:featuredmedia":[{"embeddable":true,"href":"https:\/\/equipment-pt3.com\/en\/wp-json\/wp\/v2\/media\/30461"}],"wp:attachment":[{"href":"https:\/\/equipment-pt3.com\/en\/wp-json\/wp\/v2\/media?parent=29406"}],"wp:term":[{"taxonomy":"product_brand","embeddable":true,"href":"https:\/\/equipment-pt3.com\/en\/wp-json\/wp\/v2\/product_brand?post=29406"},{"taxonomy":"product_cat","embeddable":true,"href":"https:\/\/equipment-pt3.com\/en\/wp-json\/wp\/v2\/product_cat?post=29406"},{"taxonomy":"product_tag","embeddable":true,"href":"https:\/\/equipment-pt3.com\/en\/wp-json\/wp\/v2\/product_tag?post=29406"}],"curies":[{"name":"wp","href":"https:\/\/api.w.org\/{rel}","templated":true}]}}