{"id":29407,"date":"2026-02-03T13:10:27","date_gmt":"2026-02-03T13:10:27","guid":{"rendered":"https:\/\/equipment-pt3.com\/produto\/skil-3021-rc-aparafusradora-berbequim-de-percussao-carro\/"},"modified":"2026-02-13T12:20:24","modified_gmt":"2026-02-13T12:20:24","slug":"skil-3021-rc-aparafusradora-berbequim-de-percussao-carro","status":"publish","type":"product","link":"https:\/\/equipment-pt3.com\/en\/product\/skil-3021-rc-aparafusradora-berbequim-de-percussao-carro\/","title":{"rendered":"Skil 3021 RC Aparafusradora \/berbequim de percuss\u00e3o + Carro"},"content":{"rendered":"<p>O SKIL 3021 \u00ab20V Max\u00bb \u00e9 um berbequim de percuss\u00e3o de alto desempenho, ideal para as suas tarefas di\u00e1rias de perfura\u00e7\u00e3o. Faz parte da gama sem escovas SKIL, oferecendo uma rela\u00e7\u00e3o qualidade\/pre\u00e7o inigual\u00e1vel. O nosso motor sem escovas \u00e9 mais r\u00e1pido, mais resistente e dura 10 vezes mais do que um motor com escovas convencional. Como todas as outras ferramentas sem fio SKIL \u00ab20V Max\u00bb, este modelo \u00e9 alimentado pela tecnologia de bateria e carregador l\u00edder na ind\u00fastria \u00abPWRCORE 20\u2122\u00bb.<br \/>\nO SKIL 3021 \u00e9 ideal para perfura\u00e7\u00e3o em madeira, metal e mesmo em alvenaria e para os trabalhos de aparafusamento mais exigentes. Disp\u00f5e de duas velocidades que poder\u00e1 utilizar para perfura\u00e7\u00e3o r\u00e1pida ou para aplica\u00e7\u00f5es exigentes de perfura\u00e7\u00e3o e aparafusamento. Os 17 ajustes de bin\u00e1rio proporcionam precis\u00e3o no aparafusamento, com ajustes adicionais para perfura\u00e7\u00e3o normal e perfura\u00e7\u00e3o com percuss\u00e3o. Uma bucha de catraca de 13 mm sem chave assegura uma for\u00e7a de agarramento ideal da broca, enquanto o bloqueio autom\u00e1tico do fuso facilita a mudan\u00e7a de acess\u00f3rios. Esta ferramenta vers\u00e1til oferece uma tecnologia fi\u00e1vel de bateria de i\u00f5es de l\u00edtio, velocidade vari\u00e1vel para controlo total e a luz LED assegura a boa visibilidade do seu trabalho. Por \u00faltimo, o design ergon\u00f3mico e Softgrip na ferramenta proporcionam um conforto de trabalho extra.<\/p>\n<p><strong>Caracteristicas:<\/strong><\/p>\n<ul>\n<li>Motor sem escovas digital: Mais pot\u00eancia, mais efic\u00e1cia e uma vida \u00fatil 10x mais longa<\/li>\n<li>3 fun\u00e7\u00f5es: aparafusamento, perfura\u00e7\u00e3o e perfura\u00e7\u00e3o com percuss\u00e3o<\/li>\n<li>Fun\u00e7\u00e3o de berbequim de percuss\u00e3o para perfurar alvenaria<\/li>\n<li>Duas velocidades: alta velocidade para perfurar e bin\u00e1rio elevado para trabalhos de aparafusamento mais exigentes<\/li>\n<li>Bin\u00e1rio elevado para perfura\u00e7\u00e3o e aparafusamento sem esfor\u00e7o<\/li>\n<li>Bloqueio autom\u00e1tico do fuso para uma substitui\u00e7\u00e3o de acess\u00f3rios f\u00e1cil e r\u00e1pida<\/li>\n<li>Bucha de catraca de 13 mm sem chave para uma for\u00e7a de agarramento ideal da broca<\/li>\n<li>17 ajustes de bin\u00e1rio para aparafusamento preciso mais 1 ajuste para perfura\u00e7\u00e3o normal e 1 para perfura\u00e7\u00e3o com percuss\u00e3o<\/li>\n<li>A velocidade vari\u00e1vel assegura um arranque suave e um controlo total em todos os momentos<\/li>\n<li>Ilumina\u00e7\u00e3o LED para uma melhor visualiza\u00e7\u00e3o da pe\u00e7a a ser trabalhada e um trabalho mais confort\u00e1vel em \u00e1reas mal iluminadas<\/li>\n<li>Design ergon\u00f3mico e Softgrip para um controlo e comodidade \u00f3timos<\/li>\n<li>Tecnologia de i\u00f5es de l\u00edtio: sem efeito mem\u00f3ria, sem descarga espont\u00e2nea e sempre pronta a utilizar<\/li>\n<\/ul>","protected":false},"excerpt":{"rendered":"<p>O SKIL 3021 \u00ab20V Max\u00bb \u00e9 um berbequim de percuss\u00e3o de alto desempenho, ideal para as suas tarefas di\u00e1rias de<\/p>","protected":false},"featured_media":30468,"template":"","meta":[],"product_brand":[67],"product_cat":[34],"product_tag":[],"class_list":{"0":"post-29407","1":"product","2":"type-product","3":"status-publish","4":"has-post-thumbnail","6":"product_brand-skil","7":"product_cat-ferramentas-eletricas","9":"first","10":"instock","11":"sale","12":"purchasable","13":"product-type-simple"},"_links":{"self":[{"href":"https:\/\/equipment-pt3.com\/en\/wp-json\/wp\/v2\/product\/29407","targetHints":{"allow":["GET"]}}],"collection":[{"href":"https:\/\/equipment-pt3.com\/en\/wp-json\/wp\/v2\/product"}],"about":[{"href":"https:\/\/equipment-pt3.com\/en\/wp-json\/wp\/v2\/types\/product"}],"version-history":[{"count":3,"href":"https:\/\/equipment-pt3.com\/en\/wp-json\/wp\/v2\/product\/29407\/revisions"}],"predecessor-version":[{"id":30473,"href":"https:\/\/equipment-pt3.com\/en\/wp-json\/wp\/v2\/product\/29407\/revisions\/30473"}],"wp:featuredmedia":[{"embeddable":true,"href":"https:\/\/equipment-pt3.com\/en\/wp-json\/wp\/v2\/media\/30468"}],"wp:attachment":[{"href":"https:\/\/equipment-pt3.com\/en\/wp-json\/wp\/v2\/media?parent=29407"}],"wp:term":[{"taxonomy":"product_brand","embeddable":true,"href":"https:\/\/equipment-pt3.com\/en\/wp-json\/wp\/v2\/product_brand?post=29407"},{"taxonomy":"product_cat","embeddable":true,"href":"https:\/\/equipment-pt3.com\/en\/wp-json\/wp\/v2\/product_cat?post=29407"},{"taxonomy":"product_tag","embeddable":true,"href":"https:\/\/equipment-pt3.com\/en\/wp-json\/wp\/v2\/product_tag?post=29407"}],"curies":[{"name":"wp","href":"https:\/\/api.w.org\/{rel}","templated":true}]}}