{"id":29408,"date":"2026-02-03T13:10:27","date_gmt":"2026-02-03T13:10:27","guid":{"rendered":"https:\/\/equipment-pt3.com\/produto\/skil-3070-hl-aparafusadora-berbequim-brushless-l-boxx\/"},"modified":"2026-02-18T09:18:02","modified_gmt":"2026-02-18T09:18:02","slug":"skil-3070-hl-aparafusadora-berbequim-brushless-l-boxx","status":"publish","type":"product","link":"https:\/\/equipment-pt3.com\/en\/product\/skil-3070-hl-aparafusadora-berbequim-brushless-l-boxx\/","title":{"rendered":"SKIL 3070 HL Aparafusadora\/Berbequim Brushless L-BOXX"},"content":{"rendered":"<p>A SKIL 3070 \u00ab20V Max\u00bb (18 V) \u00e9 uma aparafusadora\/berbequim de percuss\u00e3o sem fio e sem escovas com fun\u00e7\u00e3o de impacto. Esta ferramenta \u00e9 ideal para perfura\u00e7\u00e3o em madeira, metal e mesmo em alvenaria e para os trabalhos de aparafusamento mais exigentes. O motor sem escovas \u00e9 mais r\u00e1pido, mais resistente e dura 10 vezes mais do que um motor com escovas compar\u00e1vel. Os 17 ajustes de bin\u00e1rio asseguram resultados de aparafusamento precisos. Gra\u00e7as ao seletor de fun\u00e7\u00f5es, pode alternar facilmente entre aparafusamento, perfura\u00e7\u00e3o e perfura\u00e7\u00e3o com percuss\u00e3o. Disp\u00f5e de duas velocidades que poder\u00e1 utilizar para perfura\u00e7\u00e3o r\u00e1pida ou para aplica\u00e7\u00f5es exigentes de perfura\u00e7\u00e3o e aparafusamento. Esta ferramenta disp\u00f5e de uma bucha de aperto r\u00e1pido em metal com um bloco de 13 mm com bloqueio que evita o deslizamento das pontas. O bloqueio autom\u00e1tico do fuso facilita a mudan\u00e7a de acess\u00f3rios. Resumidamente, esta ferramenta vers\u00e1til oferece verdadeiramente tudo o que precisa: tecnologia fi\u00e1vel de bateria de i\u00f5es de l\u00edtio, velocidade vari\u00e1vel para controlo total e a luz LED assegura a boa visibilidade do seu trabalho. O indicador do n\u00edvel de carga da bateria patenteado exibe comodamente o n\u00edvel de carga da bateria. A SKIL 3070 HL \u00e9 fornecida numa robusta L-BOXX com duas baterias \u00ab20V Max\u00bb (18 V) \u00abKeep Cool\u2122\u00bb (1x 2,0 Ah e 1x 4,0 Ah), um carregador r\u00e1pido, uma ponta de aparafusamento dupla e um clipe de fixa\u00e7\u00e3o ao cinto.<\/p>\n<p><strong>Caracter\u00edsticas:<\/strong><\/p>\n<ul>\n<li>Motor sem escovas para mais pot\u00eancia, mais efic\u00e1cia e uma vida \u00fatil mais longa<\/li>\n<li>3 fun\u00e7\u00f5es: aparafusamento, perfura\u00e7\u00e3o e perfura\u00e7\u00e3o com percuss\u00e3o<\/li>\n<li>Fun\u00e7\u00e3o de berbequim de percuss\u00e3o para perfurar alvenaria<\/li>\n<li>Duas velocidades: alta velocidade para perfurar e bin\u00e1rio elevado para trabalhos de aparafusamento mais exigentes<\/li>\n<li>Bucha de aperto r\u00e1pido em metal com um bloco de 13 mm com bloqueio<\/li>\n<li>Bloqueio autom\u00e1tico do fuso para uma substitui\u00e7\u00e3o de acess\u00f3rios f\u00e1cil e r\u00e1pida<\/li>\n<li>17 ajustes de bin\u00e1rio para aparafusamento preciso mais 1 ajuste para perfura\u00e7\u00e3o normal e 1 para perfura\u00e7\u00e3o com percuss\u00e3o<\/li>\n<li>Seletor de fun\u00e7\u00f5es para alternar facilmente entre aparafusamento, perfura\u00e7\u00e3o e perfura\u00e7\u00e3o com percuss\u00e3o<\/li>\n<li>A velocidade vari\u00e1vel assegura um arranque suave e um controlo total em todos os momentos<\/li>\n<li>O indicador LED para a frente\/para tr\u00e1s permite-lhe verificar facilmente o sentido de acionamento<\/li>\n<li>Ilumina\u00e7\u00e3o LED para uma melhor visualiza\u00e7\u00e3o da pe\u00e7a a ser trabalhada e um trabalho mais confort\u00e1vel em \u00e1reas mal iluminadas<\/li>\n<li>Tecnologia de i\u00f5es de l\u00edtio: sem efeito mem\u00f3ria, sem descarga espont\u00e2nea e sempre pronta a utilizar<\/li>\n<li>O indicador do n\u00edvel de carga da bateria patenteado exibe comodamente o n\u00edvel de carga da bateria<\/li>\n<li>Design ergon\u00f3mico e Softgrip para um controlo e comodidade \u00f3timos<\/li>\n<\/ul>","protected":false},"excerpt":{"rendered":"<p>A SKIL 3070 \u00ab20V Max\u00bb (18 V) \u00e9 uma aparafusadora\/berbequim de percuss\u00e3o sem fio e sem escovas com fun\u00e7\u00e3o de<\/p>","protected":false},"featured_media":30451,"template":"","meta":[],"product_brand":[67],"product_cat":[34],"product_tag":[],"class_list":{"0":"post-29408","1":"product","2":"type-product","3":"status-publish","4":"has-post-thumbnail","6":"product_brand-skil","7":"product_cat-ferramentas-eletricas","9":"first","10":"instock","11":"sale","12":"purchasable","13":"product-type-simple"},"_links":{"self":[{"href":"https:\/\/equipment-pt3.com\/en\/wp-json\/wp\/v2\/product\/29408","targetHints":{"allow":["GET"]}}],"collection":[{"href":"https:\/\/equipment-pt3.com\/en\/wp-json\/wp\/v2\/product"}],"about":[{"href":"https:\/\/equipment-pt3.com\/en\/wp-json\/wp\/v2\/types\/product"}],"version-history":[{"count":3,"href":"https:\/\/equipment-pt3.com\/en\/wp-json\/wp\/v2\/product\/29408\/revisions"}],"predecessor-version":[{"id":30460,"href":"https:\/\/equipment-pt3.com\/en\/wp-json\/wp\/v2\/product\/29408\/revisions\/30460"}],"wp:featuredmedia":[{"embeddable":true,"href":"https:\/\/equipment-pt3.com\/en\/wp-json\/wp\/v2\/media\/30451"}],"wp:attachment":[{"href":"https:\/\/equipment-pt3.com\/en\/wp-json\/wp\/v2\/media?parent=29408"}],"wp:term":[{"taxonomy":"product_brand","embeddable":true,"href":"https:\/\/equipment-pt3.com\/en\/wp-json\/wp\/v2\/product_brand?post=29408"},{"taxonomy":"product_cat","embeddable":true,"href":"https:\/\/equipment-pt3.com\/en\/wp-json\/wp\/v2\/product_cat?post=29408"},{"taxonomy":"product_tag","embeddable":true,"href":"https:\/\/equipment-pt3.com\/en\/wp-json\/wp\/v2\/product_tag?post=29408"}],"curies":[{"name":"wp","href":"https:\/\/api.w.org\/{rel}","templated":true}]}}