{"id":29410,"date":"2026-02-03T13:10:27","date_gmt":"2026-02-03T13:10:27","guid":{"rendered":"https:\/\/equipment-pt3.com\/produto\/skil-3075hc-aparafusadora-berbequim-de-percussao-brushless\/"},"modified":"2026-02-18T09:19:17","modified_gmt":"2026-02-18T09:19:17","slug":"skil-3075hc-aparafusadora-berbequim-de-percussao-brushless","status":"publish","type":"product","link":"https:\/\/equipment-pt3.com\/en\/product\/skil-3075hc-aparafusadora-berbequim-de-percussao-brushless\/","title":{"rendered":"Skil 3075HC Aparafusadora\/berbequim de percuss\u00e3o Brushless"},"content":{"rendered":"<p>O berbequim de percuss\u00e3o sem fios \u00ab20V Max\u00bb 3075 faz parte da gama compacta sem escovas da SKIL. Estas ferramentas s\u00e3o extremamente compactas e oferecem uma combina\u00e7\u00e3o de elevado desempenho, durabilidade e um n\u00edvel de conforto incompar\u00e1vel. Tal como as restantes ferramentas sem fios \u00ab20V Max\u00bb da SKIL, este modelo funciona com a tecnologia avan\u00e7ada de baterias e carregadores \u00abPWRCORE 20\u2122\u00bb, l\u00edder no setor.<\/p>\n<p>O modelo SKIL 3075 \u00e9 um berbequim de percuss\u00e3o sem escovas com fun\u00e7\u00e3o de percuss\u00e3o. \u00c9 ideal para perfura\u00e7\u00e3o em madeira, metal e at\u00e9 alvenaria, bem como para as tarefas de aparafusamento mais exigentes. Gra\u00e7as ao seu design leve e compacto, permite trabalhar acima da cabe\u00e7a ou em \u00e1reas estreitas de dif\u00edcil acesso.<\/p>\n<p>O motor digital sem escovas oferece mais pot\u00eancia, maior efici\u00eancia e uma vida \u00fatil at\u00e9 10 vezes superior \u00e0 dos motores com escovas equivalentes. A ferramenta disp\u00f5e de duas velocidades e de 17+1+1 posi\u00e7\u00f5es de bin\u00e1rio, para perfura\u00e7\u00e3o normal e com percuss\u00e3o, garantindo resultados precisos no aparafusamento. O seletor de fun\u00e7\u00e3o permite alternar facilmente entre aparafusar, perfurar e perfurar com percuss\u00e3o.<\/p>\n<p>Esta ferramenta inclui um mandril de aperto r\u00e1pido com catraca de 13 mm, que assegura uma fixa\u00e7\u00e3o ideal da broca. A luz LED avan\u00e7ada com 2 modos garante excelente visibilidade da pe\u00e7a de trabalho. O bloqueio autom\u00e1tico do veio permite trocar os acess\u00f3rios de forma r\u00e1pida e simples.<\/p>\n<p>Em suma, esta ferramenta vers\u00e1til oferece tudo o que precisa: tecnologia fi\u00e1vel de baterias de i\u00f5es de l\u00edtio, velocidade vari\u00e1vel para controlo total e punho macio para maior conforto durante o trabalho.<\/p>\n<p>O modelo SKIL 3075 HC \u00e9 fornecido numa mala de transporte com duas baterias \u00abKEEPCOOL\u2122\u00bb de 2,0 Ah, um carregador r\u00e1pido, uma ponta de aparafusamento dupla e um clip de cinto.<\/p>\n<p><strong>Caracter\u00edsticas:<\/strong><\/p>\n<ul>\n<li>Motor digital sem escovas: mais potente, mais eficiente e com uma vida \u00fatil at\u00e9 10 vezes superior<\/li>\n<li>Design leve e compacto para trabalhar acima da cabe\u00e7a ou em \u00e1reas estreitas de dif\u00edcil acesso<\/li>\n<li>Luz de trabalho LED avan\u00e7ada com 2 modos, incluindo modo lanterna com desligamento autom\u00e1tico ap\u00f3s 10 minutos<\/li>\n<li>3 fun\u00e7\u00f5es: aparafusar, perfurar e perfurar com percuss\u00e3o<\/li>\n<li>Fun\u00e7\u00e3o de percuss\u00e3o para perfura\u00e7\u00e3o em alvenaria<\/li>\n<li>Duas velocidades: alta velocidade para perfura\u00e7\u00e3o e bin\u00e1rio elevado para trabalhos exigentes de aparafusamento<\/li>\n<li>Mandril de aperto r\u00e1pido com catraca de 10 mm para fixa\u00e7\u00e3o ideal da broca<\/li>\n<li>Bloqueio autom\u00e1tico do veio para troca f\u00e1cil e r\u00e1pida de acess\u00f3rios<\/li>\n<li>Seletor de fun\u00e7\u00e3o para alternar facilmente entre aparafusar, perfurar e perfurar com percuss\u00e3o<\/li>\n<li>17 ajustes de bin\u00e1rio para aparafusamento preciso, mais<\/li>\n<li>1 ajuste para perfura\u00e7\u00e3o normal e 1 para perfura\u00e7\u00e3o com percuss\u00e3o<\/li>\n<li>Velocidade vari\u00e1vel que garante arranque suave e controlo total em qualquer momento<\/li>\n<li>Tecnologia de i\u00f5es de l\u00edtio: sem efeito de mem\u00f3ria, sem autodescarga e sempre pronta a utilizar<\/li>\n<li>Design ergon\u00f3mico e punho macio para controlo e conforto ideais<\/li>\n<li>Clip de cinto para transporte f\u00e1cil<\/li>\n<\/ul>","protected":false},"excerpt":{"rendered":"<p>O berbequim de percuss\u00e3o sem fios \u00ab20V Max\u00bb 3075 faz parte da gama compacta sem escovas da SKIL. Estas ferramentas<\/p>","protected":false},"featured_media":30484,"template":"","meta":[],"product_brand":[67],"product_cat":[34],"product_tag":[],"class_list":{"0":"post-29410","1":"product","2":"type-product","3":"status-publish","4":"has-post-thumbnail","6":"product_brand-skil","7":"product_cat-ferramentas-eletricas","9":"first","10":"instock","11":"sale","12":"purchasable","13":"product-type-simple"},"_links":{"self":[{"href":"https:\/\/equipment-pt3.com\/en\/wp-json\/wp\/v2\/product\/29410","targetHints":{"allow":["GET"]}}],"collection":[{"href":"https:\/\/equipment-pt3.com\/en\/wp-json\/wp\/v2\/product"}],"about":[{"href":"https:\/\/equipment-pt3.com\/en\/wp-json\/wp\/v2\/types\/product"}],"version-history":[{"count":4,"href":"https:\/\/equipment-pt3.com\/en\/wp-json\/wp\/v2\/product\/29410\/revisions"}],"predecessor-version":[{"id":30486,"href":"https:\/\/equipment-pt3.com\/en\/wp-json\/wp\/v2\/product\/29410\/revisions\/30486"}],"wp:featuredmedia":[{"embeddable":true,"href":"https:\/\/equipment-pt3.com\/en\/wp-json\/wp\/v2\/media\/30484"}],"wp:attachment":[{"href":"https:\/\/equipment-pt3.com\/en\/wp-json\/wp\/v2\/media?parent=29410"}],"wp:term":[{"taxonomy":"product_brand","embeddable":true,"href":"https:\/\/equipment-pt3.com\/en\/wp-json\/wp\/v2\/product_brand?post=29410"},{"taxonomy":"product_cat","embeddable":true,"href":"https:\/\/equipment-pt3.com\/en\/wp-json\/wp\/v2\/product_cat?post=29410"},{"taxonomy":"product_tag","embeddable":true,"href":"https:\/\/equipment-pt3.com\/en\/wp-json\/wp\/v2\/product_tag?post=29410"}],"curies":[{"name":"wp","href":"https:\/\/api.w.org\/{rel}","templated":true}]}}