{"id":29411,"date":"2026-02-03T13:10:27","date_gmt":"2026-02-03T13:10:27","guid":{"rendered":"https:\/\/equipment-pt3.com\/produto\/skil-3075-ja-aparafusadora-berbequim-de-percussao-sem-fio\/"},"modified":"2026-02-18T09:19:38","modified_gmt":"2026-02-18T09:19:38","slug":"skil-3075-ja-aparafusadora-berbequim-de-percussao-sem-fio","status":"publish","type":"product","link":"https:\/\/equipment-pt3.com\/en\/product\/skil-3075-ja-aparafusadora-berbequim-de-percussao-sem-fio\/","title":{"rendered":"SKIL 3075 JA Aparafusadora\/berbequim de percuss\u00e3o sem fio"},"content":{"rendered":"<p>A aparafusadora\/berbequim de percuss\u00e3o sem fio 3075 \u00ab20V Max\u00bb faz parte da gama compacta sem escovas da SKIL. Estas ferramentas s\u00e3o extremamente compactas e oferecem uma combina\u00e7\u00e3o de alto desempenho, durabilidade e um n\u00edvel de comodidade inigual\u00e1vel. Como todas as outras ferramentas sem fio SKIL \u00ab20V Max\u00bb, este modelo \u00e9 alimentado pela tecnologia avan\u00e7ada de bateria e carregador l\u00edder na ind\u00fastria \u00abPWRCORE 20\u2122\u00bb. A nossa SKIL 3075 \u00e9 uma aparafusadora\/berbequim de percuss\u00e3o sem fio e sem escovas com fun\u00e7\u00e3o de impacto. Esta ferramenta \u00e9 ideal para perfura\u00e7\u00e3o em madeira, metal e mesmo em alvenaria e para os trabalhos de aparafusamento mais exigentes. Gra\u00e7as ao design leve e compacto, os trabalhos acima do n\u00edvel da cabe\u00e7a ou em locais apertados e de dif\u00edcil acesso tornam-se muito mais f\u00e1ceis. O motor sem escovas digital fornece mais pot\u00eancia, mais efici\u00eancia e uma vida \u00fatil 10x mais longa do que um motor com escovas compar\u00e1vel. A ferramenta tem duas velocidades e 17+1+1 ajustes de bin\u00e1rio para perfura\u00e7\u00e3o regular e com percuss\u00e3o e para resultados de aparafusamento precisos. Gra\u00e7as ao seletor de fun\u00e7\u00f5es, pode alternar facilmente entre aparafusamento, perfura\u00e7\u00e3o e perfura\u00e7\u00e3o com percuss\u00e3o. Esta ferramenta tem uma bucha de catraca de 13mm sem chave para uma for\u00e7a de agarramento ideal da broca. A visibilidade excelente sobre a pe\u00e7a de trabalho \u00e9 assegurada pelo projetor LED avan\u00e7ado com 2 modos, incluindo modo de lanterna. O bloqueio autom\u00e1tico do fuso facilita a mudan\u00e7a de acess\u00f3rios. Resumidamente, esta ferramenta vers\u00e1til oferece verdadeiramente tudo o que precisa: tecnologia fi\u00e1vel de bateria de i\u00f5es de l\u00edtio, velocidade vari\u00e1vel para controlo total e Softgrip para proporcionar conforto extra durante o trabalho. A SKIL 3075 JA \u00e9 fornecida numa mala de transporte com um jogo de 6 pontas de aparafusamento, uma ponta de aparafusamento dupla e um clipe de fixa\u00e7\u00e3o ao cinto. A bateria e o carregador n\u00e3o est\u00e3o inclu\u00eddos.<\/p>\n<p><strong>Caracter\u00edsticas:<\/strong><\/p>\n<ul>\n<li>Motor sem escovas digital: Mais pot\u00eancia, mais efic\u00e1cia e uma vida \u00fatil 10x mais longa<\/li>\n<li>Design leve e compacto, para trabalhos acima do n\u00edvel da cabe\u00e7a ou em locais apertados e de dif\u00edcil acesso<\/li>\n<li>Projetor LED avan\u00e7ado de com 2 modos, incluindo modo de lanterna com uma fun\u00e7\u00e3o de desliga\u00e7\u00e3o ap\u00f3s 10 minutos<\/li>\n<li>3 fun\u00e7\u00f5es: aparafusamento, perfura\u00e7\u00e3o e perfura\u00e7\u00e3o com percuss\u00e3o<\/li>\n<li>Fun\u00e7\u00e3o de berbequim de percuss\u00e3o para perfurar alvenaria<\/li>\n<li>Duas velocidades: alta velocidade para perfurar e bin\u00e1rio elevado para trabalhos de aparafusamento mais exigentes<\/li>\n<li>Bucha de catraca de 10 mm sem chave para uma for\u00e7a de agarramento ideal da broca<\/li>\n<li>Bloqueio autom\u00e1tico do fuso para uma substitui\u00e7\u00e3o de acess\u00f3rios f\u00e1cil e r\u00e1pida<\/li>\n<li>Seletor de fun\u00e7\u00f5es para alternar facilmente entre aparafusamento, perfura\u00e7\u00e3o e perfura\u00e7\u00e3o com percuss\u00e3o<\/li>\n<li>17 ajustes de bin\u00e1rio para aparafusamento preciso mais 1 ajuste para perfura\u00e7\u00e3o normal e 1 para perfura\u00e7\u00e3o com percuss\u00e3o<\/li>\n<li>A velocidade vari\u00e1vel assegura um arranque suave e um controlo total em todos os momentos<\/li>\n<li>Tecnologia de i\u00f5es de l\u00edtio: sem efeito mem\u00f3ria, sem descarga espont\u00e2nea e sempre pronta a utilizar<\/li>\n<li>Design ergon\u00f3mico e Softgrip para um controlo e comodidade \u00f3timos<\/li>\n<li>Clipe de fixa\u00e7\u00e3o ao cinto para facilitar o transporte<\/li>\n<\/ul>","protected":false},"excerpt":{"rendered":"<p>A aparafusadora\/berbequim de percuss\u00e3o sem fio 3075 \u00ab20V Max\u00bb faz parte da gama compacta sem escovas da SKIL. Estas ferramentas<\/p>","protected":false},"featured_media":30488,"template":"","meta":[],"product_brand":[67],"product_cat":[34],"product_tag":[],"class_list":{"0":"post-29411","1":"product","2":"type-product","3":"status-publish","4":"has-post-thumbnail","6":"product_brand-skil","7":"product_cat-ferramentas-eletricas","9":"first","10":"instock","11":"sale","12":"purchasable","13":"product-type-simple"},"_links":{"self":[{"href":"https:\/\/equipment-pt3.com\/en\/wp-json\/wp\/v2\/product\/29411","targetHints":{"allow":["GET"]}}],"collection":[{"href":"https:\/\/equipment-pt3.com\/en\/wp-json\/wp\/v2\/product"}],"about":[{"href":"https:\/\/equipment-pt3.com\/en\/wp-json\/wp\/v2\/types\/product"}],"version-history":[{"count":3,"href":"https:\/\/equipment-pt3.com\/en\/wp-json\/wp\/v2\/product\/29411\/revisions"}],"predecessor-version":[{"id":30489,"href":"https:\/\/equipment-pt3.com\/en\/wp-json\/wp\/v2\/product\/29411\/revisions\/30489"}],"wp:featuredmedia":[{"embeddable":true,"href":"https:\/\/equipment-pt3.com\/en\/wp-json\/wp\/v2\/media\/30488"}],"wp:attachment":[{"href":"https:\/\/equipment-pt3.com\/en\/wp-json\/wp\/v2\/media?parent=29411"}],"wp:term":[{"taxonomy":"product_brand","embeddable":true,"href":"https:\/\/equipment-pt3.com\/en\/wp-json\/wp\/v2\/product_brand?post=29411"},{"taxonomy":"product_cat","embeddable":true,"href":"https:\/\/equipment-pt3.com\/en\/wp-json\/wp\/v2\/product_cat?post=29411"},{"taxonomy":"product_tag","embeddable":true,"href":"https:\/\/equipment-pt3.com\/en\/wp-json\/wp\/v2\/product_tag?post=29411"}],"curies":[{"name":"wp","href":"https:\/\/api.w.org\/{rel}","templated":true}]}}