{"id":29412,"date":"2026-02-03T13:10:28","date_gmt":"2026-02-03T13:10:28","guid":{"rendered":"https:\/\/equipment-pt3.com\/produto\/skil-3075-rc-aparafusadora-berbequim-de-percussao-carro-r\/"},"modified":"2026-02-13T12:21:25","modified_gmt":"2026-02-13T12:21:25","slug":"skil-3075-rc-aparafusadora-berbequim-de-percussao-carro-r","status":"publish","type":"product","link":"https:\/\/equipment-pt3.com\/en\/product\/skil-3075-rc-aparafusadora-berbequim-de-percussao-carro-r\/","title":{"rendered":"Skil 3075 RC Aparafusadora\/Berbequim de percuss\u00e3o + Carro R"},"content":{"rendered":"<p>O berbequim\/aprafusadora Skil 3021 RC 20V Max \u00e9 uma ferramenta vers\u00e1til e poderosa, ideal para aparafusar, perfurar e realizar perfura\u00e7\u00f5es com percuss\u00e3o em madeira, metal e alvenaria.<\/p>\n<p>Equipado com a avan\u00e7ada tecnologia PWRCORE 20\u2122 e um motor sem escovas digital, oferece maior durabilidade, efici\u00eancia e um desempenho inigual\u00e1vel.<\/p>\n<p>Para completar a experi\u00eancia, o produto inclui um exclusivo carro de controlo remoto (RC), proporcionando divers\u00e3o e inova\u00e7\u00e3o num \u00fanico conjunto.<\/p>\n<p><strong>Caracteristicas:<\/strong><\/p>\n<ul>\n<li>Motor sem escovas digital: mais r\u00e1pido, resistente e com vida \u00fatil 10x superior.<\/li>\n<li>Alta Versatilidade: 17 ajustes de bin\u00e1rio para precis\u00e3o no aparafusamento, perfura\u00e7\u00e3o normal e perfura\u00e7\u00e3o com percuss\u00e3o.<\/li>\n<li>Conforto e Praticidade: Design ergon\u00f3mico com Softgrip e luz LED para visibilidade aprimorada.<\/li>\n<li>\u00abPWRCORE 20\u2122\u00bb: Tecnologia de bateria avan\u00e7ada l\u00edder na ind\u00fastria, para alimentar todas as ferramentas SKIL \u00ab20V Max\u00bb<\/li>\n<li>\u00abKEEPCOOL\u2122\u00bb: A tecnologia patenteada de refrigera\u00e7\u00e3o da bateria que garante at\u00e9 25% mais tempo de funcionamento e 2x mais tempo de vida \u00fatil<\/li>\n<li>\u00abACTIVCELL\u2122\u00bb: Bateria inteligente patenteada e intera\u00e7\u00e3o de ferramentas, para o m\u00e1ximo desempenho e prote\u00e7\u00e3o da bateria<\/li>\n<\/ul>","protected":false},"excerpt":{"rendered":"<p>O berbequim\/aprafusadora Skil 3021 RC 20V Max \u00e9 uma ferramenta vers\u00e1til e poderosa, ideal para aparafusar, perfurar e realizar perfura\u00e7\u00f5es<\/p>","protected":false},"featured_media":30446,"template":"","meta":[],"product_brand":[67],"product_cat":[34],"product_tag":[],"class_list":{"0":"post-29412","1":"product","2":"type-product","3":"status-publish","4":"has-post-thumbnail","6":"product_brand-skil","7":"product_cat-ferramentas-eletricas","9":"first","10":"instock","11":"sale","12":"purchasable","13":"product-type-simple"},"_links":{"self":[{"href":"https:\/\/equipment-pt3.com\/en\/wp-json\/wp\/v2\/product\/29412","targetHints":{"allow":["GET"]}}],"collection":[{"href":"https:\/\/equipment-pt3.com\/en\/wp-json\/wp\/v2\/product"}],"about":[{"href":"https:\/\/equipment-pt3.com\/en\/wp-json\/wp\/v2\/types\/product"}],"version-history":[{"count":4,"href":"https:\/\/equipment-pt3.com\/en\/wp-json\/wp\/v2\/product\/29412\/revisions"}],"predecessor-version":[{"id":30449,"href":"https:\/\/equipment-pt3.com\/en\/wp-json\/wp\/v2\/product\/29412\/revisions\/30449"}],"wp:featuredmedia":[{"embeddable":true,"href":"https:\/\/equipment-pt3.com\/en\/wp-json\/wp\/v2\/media\/30446"}],"wp:attachment":[{"href":"https:\/\/equipment-pt3.com\/en\/wp-json\/wp\/v2\/media?parent=29412"}],"wp:term":[{"taxonomy":"product_brand","embeddable":true,"href":"https:\/\/equipment-pt3.com\/en\/wp-json\/wp\/v2\/product_brand?post=29412"},{"taxonomy":"product_cat","embeddable":true,"href":"https:\/\/equipment-pt3.com\/en\/wp-json\/wp\/v2\/product_cat?post=29412"},{"taxonomy":"product_tag","embeddable":true,"href":"https:\/\/equipment-pt3.com\/en\/wp-json\/wp\/v2\/product_tag?post=29412"}],"curies":[{"name":"wp","href":"https:\/\/api.w.org\/{rel}","templated":true}]}}