{"id":29414,"date":"2026-02-03T13:10:28","date_gmt":"2026-02-03T13:10:28","guid":{"rendered":"https:\/\/equipment-pt3.com\/produto\/skil-3085-ja-aparafusadora-berbequim-de-percussao\/"},"modified":"2026-02-18T09:13:50","modified_gmt":"2026-02-18T09:13:50","slug":"skil-3085-ja-aparafusadora-berbequim-de-percussao","status":"publish","type":"product","link":"https:\/\/equipment-pt3.com\/en\/product\/skil-3085-ja-aparafusadora-berbequim-de-percussao\/","title":{"rendered":"SKIL 3085 JA Aparafusadora\/berbequim de percuss\u00e3o"},"content":{"rendered":"<p>3085 \u00ab20V Max\u00bb \u00e9 uma aparafusadora\/berbequim de percuss\u00e3o sem fio com duas velocidades, de bin\u00e1rio elevado e extremamente potente e faz parte da gama SKIL \u00abbrushless XP\u00bb. As ferramentas \u00abXP\u00bb proporcionam um desempenho e uma durabilidade excecionais, gra\u00e7as \u00e0s suas especifica\u00e7\u00f5es de topo e aos motores sem escovas digitais avan\u00e7ados. Como todas as outras ferramentas sem fio SKIL \u00ab20V Max\u00bb, este modelo \u00e9 alimentado pela tecnologia avan\u00e7ada de bateria e carregador l\u00edder na ind\u00fastria \u00abPWRCORE 20\u2122\u00bb. A SKIL 3085 \u00e9 uma aparafusadora\/berbequim de percuss\u00e3o sem fio e sem escovas com fun\u00e7\u00e3o de impacto. Gra\u00e7as ao seu excecional desempenho e pot\u00eancia inteligente, esta ferramenta \u00e9 a escolha certa para perfura\u00e7\u00e3o em madeira, metal e mesmo alvenaria. E pode utiliz\u00e1-la tanto para os trabalhos de aparafusamento mais dif\u00edceis como para a perfura\u00e7\u00e3o a alta velocidade de furos maiores. O motor sem escovas digital fornece mais pot\u00eancia, mais efici\u00eancia e uma vida \u00fatil 10x mais longa do que um motor com escovas compar\u00e1vel. A tecnologia inteligente de travagem anti contragolpe aumenta a prote\u00e7\u00e3o do utilizador ao desligar a ferramenta em caso de contragolpe quando esta encrava. A ferramenta tem duas velocidades e 24+1+1 ajustes de bin\u00e1rio para perfura\u00e7\u00e3o regular e com percuss\u00e3o e para resultados de aparafusamento precisos. Gra\u00e7as ao seletor de fun\u00e7\u00f5es, pode alternar facilmente entre aparafusamento, perfura\u00e7\u00e3o e perfura\u00e7\u00e3o com percuss\u00e3o. Esta ferramenta tem uma bucha de catraca totalmente met\u00e1lica sem chave de 13 mm para uma for\u00e7a de agarramento ideal da broca. A visibilidade excelente sobre a pe\u00e7a de trabalho \u00e9 assegurada pelo projetor LED avan\u00e7ado com 2 modos, incluindo modo de lanterna. O bloqueio autom\u00e1tico do fuso facilita a mudan\u00e7a de acess\u00f3rios. Resumidamente, esta ferramenta vers\u00e1til oferece verdadeiramente um desempenho excecional: tecnologia fi\u00e1vel de bateria de i\u00f5es de l\u00edtio, velocidade vari\u00e1vel para controlo total e Softgrip para proporcionar conforto extra durante o trabalho. A SKIL 3085 JA \u00e9 fornecida numa mala de transporte com um jogo de 6 pontas de aparafusamento. A bateria e o carregador n\u00e3o est\u00e3o inclu\u00eddos.<\/p>\n<p>&nbsp;<\/p>\n<p>&nbsp;<\/p>","protected":false},"excerpt":{"rendered":"<p>3085 \u00ab20V Max\u00bb \u00e9 uma aparafusadora\/berbequim de percuss\u00e3o sem fio com duas velocidades, de bin\u00e1rio elevado e extremamente potente e<\/p>","protected":false},"featured_media":30433,"template":"","meta":[],"product_brand":[67],"product_cat":[34],"product_tag":[],"class_list":{"0":"post-29414","1":"product","2":"type-product","3":"status-publish","4":"has-post-thumbnail","6":"product_brand-skil","7":"product_cat-ferramentas-eletricas","9":"first","10":"instock","11":"sale","12":"purchasable","13":"product-type-simple"},"_links":{"self":[{"href":"https:\/\/equipment-pt3.com\/en\/wp-json\/wp\/v2\/product\/29414","targetHints":{"allow":["GET"]}}],"collection":[{"href":"https:\/\/equipment-pt3.com\/en\/wp-json\/wp\/v2\/product"}],"about":[{"href":"https:\/\/equipment-pt3.com\/en\/wp-json\/wp\/v2\/types\/product"}],"version-history":[{"count":3,"href":"https:\/\/equipment-pt3.com\/en\/wp-json\/wp\/v2\/product\/29414\/revisions"}],"predecessor-version":[{"id":30434,"href":"https:\/\/equipment-pt3.com\/en\/wp-json\/wp\/v2\/product\/29414\/revisions\/30434"}],"wp:featuredmedia":[{"embeddable":true,"href":"https:\/\/equipment-pt3.com\/en\/wp-json\/wp\/v2\/media\/30433"}],"wp:attachment":[{"href":"https:\/\/equipment-pt3.com\/en\/wp-json\/wp\/v2\/media?parent=29414"}],"wp:term":[{"taxonomy":"product_brand","embeddable":true,"href":"https:\/\/equipment-pt3.com\/en\/wp-json\/wp\/v2\/product_brand?post=29414"},{"taxonomy":"product_cat","embeddable":true,"href":"https:\/\/equipment-pt3.com\/en\/wp-json\/wp\/v2\/product_cat?post=29414"},{"taxonomy":"product_tag","embeddable":true,"href":"https:\/\/equipment-pt3.com\/en\/wp-json\/wp\/v2\/product_tag?post=29414"}],"curies":[{"name":"wp","href":"https:\/\/api.w.org\/{rel}","templated":true}]}}