{"id":29415,"date":"2026-02-03T13:10:28","date_gmt":"2026-02-03T13:10:28","guid":{"rendered":"https:\/\/equipment-pt3.com\/produto\/skil3312-ea-berbequim-de-percussao-e-apar-de-impacto-s-fio\/"},"modified":"2026-02-18T09:14:45","modified_gmt":"2026-02-18T09:14:45","slug":"skil3312-ea-berbequim-de-percussao-e-apar-de-impacto-s-fio","status":"publish","type":"product","link":"https:\/\/equipment-pt3.com\/en\/product\/skil3312-ea-berbequim-de-percussao-e-apar-de-impacto-s-fio\/","title":{"rendered":"SKIL3312 EA berbequim de percuss\u00e3o e apar. de impacto S\/ fio"},"content":{"rendered":"<p>DADOS T\u00c9CNICOS SKIL 3020<br \/>\nDados T\u00e9cnicos<br \/>\nTens\u00e3o: 20 \u00abV Max\u00bb<br \/>\nTens\u00e3o: 18 V<br \/>\nBin\u00e1rio m\u00e1ximo: 55 Nm<br \/>\nCapacidade da bucha: 13 mm<br \/>\nAjustes da embraiagem: 17 + 1 + 1<br \/>\nCapacidade em a\u00e7o: 13 mm<br \/>\nCapacidade de perfura\u00e7\u00e3o em madeira: 40 mm<br \/>\nVelocidade em vazio: 0-420\/0-1450 r.p.m.<br \/>\nCapacidade em alvenaria: 13 mm<br \/>\nCapacidade de parafusos: 8 mm<br \/>\nTipo de bucha: Met\u00e1lica de aperto r\u00e1pido autom\u00e1tico<br \/>\nIntensidade m\u00e1x. de impacto: 0-6300\/0-21750 \/m<\/p>\n<p>DADOS T\u00c9CNICOS SKIL 3210<br \/>\nTens\u00e3o: 20 \u00abV Max\u00bb<br \/>\nTens\u00e3o: 18 V<br \/>\nBin\u00e1rio m\u00e1ximo: 140 Nm<br \/>\nCapacidade da bucha: 6.35 mm<br \/>\nVelocidade em vazio: 0-2500 r.p.m.<br \/>\nIntensidade m\u00e1xima de impacto: 0-3200 \/min<br \/>\nCapacidade de parafusos: 10 mm<br \/>\nTipo de bucha: Sextavado<br \/>\nInterruptor de velocidade vari\u00e1vel: Sim<\/p>","protected":false},"excerpt":{"rendered":"<p>DADOS T\u00c9CNICOS SKIL 3020 Dados T\u00e9cnicos Tens\u00e3o: 20 \u00abV Max\u00bb Tens\u00e3o: 18 V Bin\u00e1rio m\u00e1ximo: 55 Nm Capacidade da bucha:<\/p>","protected":false},"featured_media":30430,"template":"","meta":[],"product_brand":[67],"product_cat":[34],"product_tag":[],"class_list":{"0":"post-29415","1":"product","2":"type-product","3":"status-publish","4":"has-post-thumbnail","6":"product_brand-skil","7":"product_cat-ferramentas-eletricas","9":"first","10":"instock","11":"sale","12":"purchasable","13":"product-type-simple"},"_links":{"self":[{"href":"https:\/\/equipment-pt3.com\/en\/wp-json\/wp\/v2\/product\/29415","targetHints":{"allow":["GET"]}}],"collection":[{"href":"https:\/\/equipment-pt3.com\/en\/wp-json\/wp\/v2\/product"}],"about":[{"href":"https:\/\/equipment-pt3.com\/en\/wp-json\/wp\/v2\/types\/product"}],"version-history":[{"count":2,"href":"https:\/\/equipment-pt3.com\/en\/wp-json\/wp\/v2\/product\/29415\/revisions"}],"predecessor-version":[{"id":30431,"href":"https:\/\/equipment-pt3.com\/en\/wp-json\/wp\/v2\/product\/29415\/revisions\/30431"}],"wp:featuredmedia":[{"embeddable":true,"href":"https:\/\/equipment-pt3.com\/en\/wp-json\/wp\/v2\/media\/30430"}],"wp:attachment":[{"href":"https:\/\/equipment-pt3.com\/en\/wp-json\/wp\/v2\/media?parent=29415"}],"wp:term":[{"taxonomy":"product_brand","embeddable":true,"href":"https:\/\/equipment-pt3.com\/en\/wp-json\/wp\/v2\/product_brand?post=29415"},{"taxonomy":"product_cat","embeddable":true,"href":"https:\/\/equipment-pt3.com\/en\/wp-json\/wp\/v2\/product_cat?post=29415"},{"taxonomy":"product_tag","embeddable":true,"href":"https:\/\/equipment-pt3.com\/en\/wp-json\/wp\/v2\/product_tag?post=29415"}],"curies":[{"name":"wp","href":"https:\/\/api.w.org\/{rel}","templated":true}]}}