{"id":29416,"date":"2026-02-03T13:10:29","date_gmt":"2026-02-03T13:10:29","guid":{"rendered":"https:\/\/equipment-pt3.com\/produto\/skil-3313-ea-berbequim-de-percussao-e-martelo-rotativo-s-fio\/"},"modified":"2026-02-17T18:01:35","modified_gmt":"2026-02-17T18:01:35","slug":"skil-3313-ea-berbequim-de-percussao-e-martelo-rotativo-s-fio","status":"publish","type":"product","link":"https:\/\/equipment-pt3.com\/en\/product\/skil-3313-ea-berbequim-de-percussao-e-martelo-rotativo-s-fio\/","title":{"rendered":"SKIL 3313 EA berbequim de percuss\u00e3o e martelo rotativo s\/fio"},"content":{"rendered":"<p>A aparafusadora\/berbequim de percuss\u00e3o sem fio SKIL 3020 \u00ab20V Max\u00bb com fun\u00e7\u00e3o de impacto \u00e9 ideal para perfura\u00e7\u00e3o em madeira, metal e mesmo em alvenaria e para os trabalhos de aparafusamento mais exigentes. Os 17 ajustes de bin\u00e1rio asseguram resultados de aparafusamento precisos. Gra\u00e7as ao seletor de fun\u00e7\u00f5es, pode alternar facilmente entre aparafusamento, perfura\u00e7\u00e3o e perfura\u00e7\u00e3o com percuss\u00e3o. Disp\u00f5e de duas velocidades que poder\u00e1 utilizar para perfura\u00e7\u00e3o r\u00e1pida ou para aplica\u00e7\u00f5es exigentes de perfura\u00e7\u00e3o e aparafusamento. O SKIL 3810 \u00ab20V Max\u00bb \u00e9 um martelo rotativo 3 em 1 compacto, mas potente para perfura\u00e7\u00e3o em bet\u00e3o, assim como para trabalhos normais de perfura\u00e7\u00e3o e aparafusamento. Utilize o mecanismo de martelo para perfurar em bet\u00e3o e desligue o mecanismo para uma perfura\u00e7\u00e3o e um aparafusamento regulares. Este martelo rotativo sem fio \u00e9 compat\u00edvel com brocas \u00abSDS+\u00bb e com brocas sextavadas e pontas de aparafusamento normais. Como todas as outras ferramentas sem fio SKIL \u00ab20V Max\u00bb, estes modelos s\u00e3o alimentados pela tecnologia avan\u00e7ada de bateria e carregador l\u00edder na ind\u00fastria \u00abPWRCORE 20\u2122\u00bb. O jogo combinado SKIL 3313 EA com duas ferramentas \u00e9 fornecido num saco de transporte com uma bateria \u00abKEEPCOOL\u2122\u00bb de 2,0Ah, uma bateria \u00abKEEPCOOL\u2122\u00bb de 4,0Ah, um carregador r\u00e1pido, dois porta-pontas magn\u00e9ticos, um colar de aperto de ponta magn\u00e9tica \u00abBIT GRIP\u2122\u00bb, uma bucha de aperto r\u00e1pido com adaptador \u00abSDS+\u00bb, um jogo de 58 pontas de aparafusamento e um clipe de fixa\u00e7\u00e3o ao cinto.<\/p>\n<p><strong>Caracteristicas:<\/strong><\/p>\n<ul>\n<li>O indicador do n\u00edvel de carga da bateria patenteado exibe comodamente o n\u00edvel de carga da bateria<\/li>\n<li>Tecnologia de i\u00f5es de l\u00edtio: sem efeito mem\u00f3ria, sem descarga espont\u00e2nea e sempre pronta a utilizar<\/li>\n<li>Aparafusadora\/berbequim de percuss\u00e3o sem fio SKIL 3020<\/li>\n<li>Martelo rotativo sem fio SKIL 3810<\/li>\n<\/ul>","protected":false},"excerpt":{"rendered":"<p>A aparafusadora\/berbequim de percuss\u00e3o sem fio SKIL 3020 \u00ab20V Max\u00bb com fun\u00e7\u00e3o de impacto \u00e9 ideal para perfura\u00e7\u00e3o em madeira,<\/p>","protected":false},"featured_media":30372,"template":"","meta":[],"product_brand":[67],"product_cat":[34],"product_tag":[],"class_list":{"0":"post-29416","1":"product","2":"type-product","3":"status-publish","4":"has-post-thumbnail","6":"product_brand-skil","7":"product_cat-ferramentas-eletricas","9":"first","10":"instock","11":"sale","12":"purchasable","13":"product-type-simple"},"_links":{"self":[{"href":"https:\/\/equipment-pt3.com\/en\/wp-json\/wp\/v2\/product\/29416","targetHints":{"allow":["GET"]}}],"collection":[{"href":"https:\/\/equipment-pt3.com\/en\/wp-json\/wp\/v2\/product"}],"about":[{"href":"https:\/\/equipment-pt3.com\/en\/wp-json\/wp\/v2\/types\/product"}],"version-history":[{"count":2,"href":"https:\/\/equipment-pt3.com\/en\/wp-json\/wp\/v2\/product\/29416\/revisions"}],"predecessor-version":[{"id":30371,"href":"https:\/\/equipment-pt3.com\/en\/wp-json\/wp\/v2\/product\/29416\/revisions\/30371"}],"wp:featuredmedia":[{"embeddable":true,"href":"https:\/\/equipment-pt3.com\/en\/wp-json\/wp\/v2\/media\/30372"}],"wp:attachment":[{"href":"https:\/\/equipment-pt3.com\/en\/wp-json\/wp\/v2\/media?parent=29416"}],"wp:term":[{"taxonomy":"product_brand","embeddable":true,"href":"https:\/\/equipment-pt3.com\/en\/wp-json\/wp\/v2\/product_brand?post=29416"},{"taxonomy":"product_cat","embeddable":true,"href":"https:\/\/equipment-pt3.com\/en\/wp-json\/wp\/v2\/product_cat?post=29416"},{"taxonomy":"product_tag","embeddable":true,"href":"https:\/\/equipment-pt3.com\/en\/wp-json\/wp\/v2\/product_tag?post=29416"}],"curies":[{"name":"wp","href":"https:\/\/api.w.org\/{rel}","templated":true}]}}