{"id":29418,"date":"2026-02-03T13:10:30","date_gmt":"2026-02-03T13:10:30","guid":{"rendered":"https:\/\/equipment-pt3.com\/produto\/skil-2740-aa-aparafusadora-berbequim-sem-fio\/"},"modified":"2026-02-17T18:01:00","modified_gmt":"2026-02-17T18:01:00","slug":"skil-2740-aa-aparafusadora-berbequim-sem-fio","status":"publish","type":"product","link":"https:\/\/equipment-pt3.com\/en\/product\/skil-2740-aa-aparafusadora-berbequim-sem-fio\/","title":{"rendered":"SKIL 2740 AA Aparafusadora\/berbequim sem fio"},"content":{"rendered":"<p>A SKIL 2740 de 12 V \u00e9 uma aparafusadora\/berbequim sem fio compacta que d\u00e1 resposta \u00e0s suas necessidades em trabalhos de aparafusamento de bricolage e para perfura\u00e7\u00e3o em madeira e metal. Disp\u00f5e de duas velocidades que poder\u00e1 utilizar para perfura\u00e7\u00e3o r\u00e1pida ou para aplica\u00e7\u00f5es exigentes de aparafusamento. Os 23 ajustes de bin\u00e1rio asseguram resultados precisos para aparafusamento e esta ferramenta tamb\u00e9m disp\u00f5e de um ajuste para trabalhos de perfura\u00e7\u00e3o. Pode trocar comodamente de acess\u00f3rios gra\u00e7as \u00e0 bucha de aperto r\u00e1pido com um bloco de 10 mm com bloqueio autom\u00e1tico do fuso. Al\u00e9m do mais, esta ferramenta vers\u00e1til oferece verdadeiramente tudo o que precisa: tecnologia fi\u00e1vel de bateria de i\u00f5es de l\u00edtio, velocidade vari\u00e1vel para controlo total e a ilumina\u00e7\u00e3o LED assegura a boa visibilidade do seu trabalho. O indicador do n\u00edvel de carga da bateria mostra-lhe comodamente o n\u00edvel de carga da bateria, assim ter\u00e1 sempre tempo para recarregar. Por \u00faltimo, o design ergon\u00f3mico e Softgrip na ferramenta proporcionam um conforto de trabalho extra. A SKIL 2740 AA \u00e9 fornecida com uma bateria de 12 V 2,0 Ah, um carregador de 1 hora e uma ponta de aparafusamento dupla.<\/p>\n<p><strong>Caracteristicas:<\/strong><\/p>\n<ul>\n<li>A tecnologia de bateria \u00abKeep Cool\u2122\u00bb assegura uma autonomia 25% mais longa e o dobro da vida \u00fatil<\/li>\n<li>As baterias \u00abPWRCore 12\u2122\u00bb conseguem alimentar todas as ferramentas \u00abPWRCore\u00bb de 12\u00a0V<\/li>\n<li>Aparafusadora\/berbequim sem fio com tecnologia de i\u00f5es de l\u00edtio de 12 V, compacta e vers\u00e1til<\/li>\n<li>Duas velocidades: alta velocidade para perfurar e bin\u00e1rio elevado para trabalhos de aparafusamento mais exigentes<\/li>\n<li>Bucha de aperto r\u00e1pido com um bloco de 10 mm<\/li>\n<li>Bloqueio do fuso autom\u00e1tico para uma substitui\u00e7\u00e3o de acess\u00f3rios f\u00e1cil e r\u00e1pida<\/li>\n<li>23 ajustes de bin\u00e1rio para aparafusamento preciso e uma posi\u00e7\u00e3o para perfurar a plena pot\u00eancia<\/li>\n<li>A velocidade vari\u00e1vel assegura um arranque suave e um controlo total em todos os momentos<\/li>\n<li>Ilumina\u00e7\u00e3o LED para uma melhor visualiza\u00e7\u00e3o da pe\u00e7a a ser trabalhada e um trabalho mais confort\u00e1vel em \u00e1reas mal iluminadas<\/li>\n<li>Tecnologia de i\u00f5es de l\u00edtio: sem efeito mem\u00f3ria, sem descarga espont\u00e2nea e sempre pronta a utilizar<\/li>\n<li>O indicador do n\u00edvel de carga da bateria exibe comodamente o n\u00edvel de carga da bateria<\/li>\n<li>Design ergon\u00f3mico e Softgrip para um controlo e comodidade \u00f3timos<\/li>\n<\/ul>\n<p>&nbsp;<\/p>","protected":false},"excerpt":{"rendered":"<p>A SKIL 2740 de 12 V \u00e9 uma aparafusadora\/berbequim sem fio compacta que d\u00e1 resposta \u00e0s suas necessidades em trabalhos<\/p>","protected":false},"featured_media":30374,"template":"","meta":[],"product_brand":[67],"product_cat":[34],"product_tag":[],"class_list":{"0":"post-29418","1":"product","2":"type-product","3":"status-publish","4":"has-post-thumbnail","6":"product_brand-skil","7":"product_cat-ferramentas-eletricas","9":"first","10":"instock","11":"sale","12":"purchasable","13":"product-type-simple"},"_links":{"self":[{"href":"https:\/\/equipment-pt3.com\/en\/wp-json\/wp\/v2\/product\/29418","targetHints":{"allow":["GET"]}}],"collection":[{"href":"https:\/\/equipment-pt3.com\/en\/wp-json\/wp\/v2\/product"}],"about":[{"href":"https:\/\/equipment-pt3.com\/en\/wp-json\/wp\/v2\/types\/product"}],"version-history":[{"count":3,"href":"https:\/\/equipment-pt3.com\/en\/wp-json\/wp\/v2\/product\/29418\/revisions"}],"predecessor-version":[{"id":30378,"href":"https:\/\/equipment-pt3.com\/en\/wp-json\/wp\/v2\/product\/29418\/revisions\/30378"}],"wp:featuredmedia":[{"embeddable":true,"href":"https:\/\/equipment-pt3.com\/en\/wp-json\/wp\/v2\/media\/30374"}],"wp:attachment":[{"href":"https:\/\/equipment-pt3.com\/en\/wp-json\/wp\/v2\/media?parent=29418"}],"wp:term":[{"taxonomy":"product_brand","embeddable":true,"href":"https:\/\/equipment-pt3.com\/en\/wp-json\/wp\/v2\/product_brand?post=29418"},{"taxonomy":"product_cat","embeddable":true,"href":"https:\/\/equipment-pt3.com\/en\/wp-json\/wp\/v2\/product_cat?post=29418"},{"taxonomy":"product_tag","embeddable":true,"href":"https:\/\/equipment-pt3.com\/en\/wp-json\/wp\/v2\/product_tag?post=29418"}],"curies":[{"name":"wp","href":"https:\/\/api.w.org\/{rel}","templated":true}]}}