{"id":29419,"date":"2026-02-03T13:10:30","date_gmt":"2026-02-03T13:10:30","guid":{"rendered":"https:\/\/equipment-pt3.com\/produto\/skil-3008-ha-aparafusadora-berbequim-sem-fio\/"},"modified":"2026-02-17T17:59:24","modified_gmt":"2026-02-17T17:59:24","slug":"skil-3008-ha-aparafusadora-berbequim-sem-fio","status":"publish","type":"product","link":"https:\/\/equipment-pt3.com\/en\/product\/skil-3008-ha-aparafusadora-berbequim-sem-fio\/","title":{"rendered":"SKIL 3008 HA Aparafusadora\/berbequim sem fio"},"content":{"rendered":"<p>A SKIL 3008 \u201c20V Max\u201d (18 V) \u00e9 uma berbequim\/aparafusadora sem fios que oferece tudo o que um utilizador de bricolage necessita para os trabalhos de aparafusamento mais exigentes e para perfura\u00e7\u00e3o em madeira e metal. Esta m\u00e1quina disp\u00f5e de duas velocidades: uma para perfura\u00e7\u00e3o r\u00e1pida e outra para trabalhos pesados de aparafusamento.<\/p>\n<p>As 17+1 posi\u00e7\u00f5es de bin\u00e1rio garantem resultados precisos, com 17 defini\u00e7\u00f5es para aparafusar e uma posi\u00e7\u00e3o adicional para perfura\u00e7\u00e3o. A troca de acess\u00f3rios \u00e9 simples gra\u00e7as ao mandril autoapertante r\u00e1pido de 13 mm com bucha simples. O bloqueio autom\u00e1tico do veio permite mudar acess\u00f3rios de forma r\u00e1pida e f\u00e1cil.<\/p>\n<p>Em resumo, esta ferramenta vers\u00e1til oferece tudo o que precisa: tecnologia fi\u00e1vel de bateria de i\u00f5es de l\u00edtio, velocidade vari\u00e1vel para controlo total e uma luz LED para boa visibilidade da \u00e1rea de trabalho. Al\u00e9m disso, a ferramenta inclui uma pr\u00e1tica indica\u00e7\u00e3o de rota\u00e7\u00e3o esquerda\/direita por LED, permitindo ver de imediato o sentido de aparafusamento.<\/p>\n<p>Por fim, o design ergon\u00f3mico e o punho soft grip asseguram maior conforto durante a utiliza\u00e7\u00e3o. O indicador patenteado do n\u00edvel da bateria mostra o estado de carga da mesma.<\/p>\n<p>A SKIL 3008 HA \u00e9 fornecida numa mala de transporte robusta, com duas baterias \u201c20V Max\u201d (18 V) de 2,0 Ah \u201cKeep Cool\u2122\u201d, um carregador, uma ponta de aparafusar dupla e um clip de cinto.<\/p>\n<p><strong>Caracter\u00edsticas:<\/strong><\/p>\n<ul>\n<li>Duas velocidades: alta velocidade para perfura\u00e7\u00e3o e bin\u00e1rio elevado para trabalhos exigentes de aparafusamento<\/li>\n<li>Mandril autoapertante r\u00e1pido de 13 mm com bucha simples<\/li>\n<li>Bloqueio autom\u00e1tico do veio para troca r\u00e1pida e f\u00e1cil de acess\u00f3rios<\/li>\n<li>17 posi\u00e7\u00f5es de bin\u00e1rio para aparafusamentos extremamente precisos e posi\u00e7\u00e3o totalmente bloque\u00e1vel para perfura\u00e7\u00e3o<\/li>\n<li>Velocidade vari\u00e1vel para arranque suave e controlo total em todas as situa\u00e7\u00f5es<\/li>\n<li>Indica\u00e7\u00e3o de rota\u00e7\u00e3o esquerda\/direita atrav\u00e9s de luz LED, permitindo ver facilmente o sentido de aparafusamento<\/li>\n<li>Luz LED para melhor visibilidade da pe\u00e7a de trabalho e maior conforto em zonas pouco iluminadas<\/li>\n<li>Tecnologia de i\u00f5es de l\u00edtio: sem efeito de mem\u00f3ria, sem autodescarga e sempre pronta a utilizar<\/li>\n<li>Indicador patenteado do n\u00edvel da bateria que mostra o estado de carga<\/li>\n<li>Design ergon\u00f3mico e punho soft grip para conforto ideal e controlo perfeito<\/li>\n<li>Clip de cinto para transporte f\u00e1cil da ferramenta<\/li>\n<\/ul>","protected":false},"excerpt":{"rendered":"<p>A SKIL 3008 \u201c20V Max\u201d (18 V) \u00e9 uma berbequim\/aparafusadora sem fios que oferece tudo o que um utilizador de<\/p>","protected":false},"featured_media":30392,"template":"","meta":[],"product_brand":[67],"product_cat":[34],"product_tag":[],"class_list":{"0":"post-29419","1":"product","2":"type-product","3":"status-publish","4":"has-post-thumbnail","6":"product_brand-skil","7":"product_cat-ferramentas-eletricas","9":"first","10":"instock","11":"sale","12":"purchasable","13":"product-type-simple"},"_links":{"self":[{"href":"https:\/\/equipment-pt3.com\/en\/wp-json\/wp\/v2\/product\/29419","targetHints":{"allow":["GET"]}}],"collection":[{"href":"https:\/\/equipment-pt3.com\/en\/wp-json\/wp\/v2\/product"}],"about":[{"href":"https:\/\/equipment-pt3.com\/en\/wp-json\/wp\/v2\/types\/product"}],"version-history":[{"count":4,"href":"https:\/\/equipment-pt3.com\/en\/wp-json\/wp\/v2\/product\/29419\/revisions"}],"predecessor-version":[{"id":30401,"href":"https:\/\/equipment-pt3.com\/en\/wp-json\/wp\/v2\/product\/29419\/revisions\/30401"}],"wp:featuredmedia":[{"embeddable":true,"href":"https:\/\/equipment-pt3.com\/en\/wp-json\/wp\/v2\/media\/30392"}],"wp:attachment":[{"href":"https:\/\/equipment-pt3.com\/en\/wp-json\/wp\/v2\/media?parent=29419"}],"wp:term":[{"taxonomy":"product_brand","embeddable":true,"href":"https:\/\/equipment-pt3.com\/en\/wp-json\/wp\/v2\/product_brand?post=29419"},{"taxonomy":"product_cat","embeddable":true,"href":"https:\/\/equipment-pt3.com\/en\/wp-json\/wp\/v2\/product_cat?post=29419"},{"taxonomy":"product_tag","embeddable":true,"href":"https:\/\/equipment-pt3.com\/en\/wp-json\/wp\/v2\/product_tag?post=29419"}],"curies":[{"name":"wp","href":"https:\/\/api.w.org\/{rel}","templated":true}]}}