{"id":29420,"date":"2026-02-03T13:10:30","date_gmt":"2026-02-03T13:10:30","guid":{"rendered":"https:\/\/equipment-pt3.com\/produto\/skil-3008-hd-aparafusadora-berbequim-sem-fio\/"},"modified":"2026-02-17T18:00:27","modified_gmt":"2026-02-17T18:00:27","slug":"skil-3008-hd-aparafusadora-berbequim-sem-fio","status":"publish","type":"product","link":"https:\/\/equipment-pt3.com\/en\/product\/skil-3008-hd-aparafusadora-berbequim-sem-fio\/","title":{"rendered":"SKIL 3008 HD Aparafusadora\/berbequim sem fio"},"content":{"rendered":"<p>Faz parte da Energy Platform SKIL: o sistema de baterias flex\u00edvel por excel\u00eancia.<br \/>\nA tecnologia Keep Cool\u2122 assegura mais 25% de autonomia e uma vida \u00fatil at\u00e9 2 vezes superior.<br \/>\nDuas velocidades: alta velocidade para perfura\u00e7\u00e3o e bin\u00e1rio elevado para aparafusamentos exigentes.<br \/>\n17 posi\u00e7\u00f5es de pr\u00e9-sele\u00e7\u00e3o de bin\u00e1rio para aparafusamentos precisos + uma posi\u00e7\u00e3o de bloqueio para perfura\u00e7\u00e3o.<br \/>\nVelocidade vari\u00e1vel para arranque suave e controlo total em qualquer momento.<br \/>\nIndicador LED de rota\u00e7\u00e3o direita\/esquerda que permite ver facilmente o sentido de aparafusamento.<br \/>\nIlumina\u00e7\u00e3o LED para melhor visibilidade da pe\u00e7a e maior conforto de trabalho em locais pouco iluminados.<\/p>\n<p>A berbequim\/aparafusadora sem fios SKIL 3008 20V Max possui 2 velocidades, permitindo perfura\u00e7\u00f5es r\u00e1pidas e aparafusamentos exigentes. O mandril autoapertante monobucha de 13 mm facilita a troca de acess\u00f3rios. Esta ferramenta oferece tudo o que necessita: tecnologia fi\u00e1vel de i\u00f5es de l\u00edtio, velocidade vari\u00e1vel para controlo total e luz LED para boa visibilidade da pe\u00e7a e do acess\u00f3rio.<\/p>\n<p>A SKIL 3008HD \u00e9 fornecida numa mala de transporte, com 2 baterias 20V Max Keep Cool\u2122 de 2,5 Ah, um carregador, um conjunto de 10 pontas de aparafusar, uma ponta dupla e um gancho\/clip de cinto.<\/p>\n<p>&nbsp;<\/p>","protected":false},"excerpt":{"rendered":"<p>Faz parte da Energy Platform SKIL: o sistema de baterias flex\u00edvel por excel\u00eancia. A tecnologia Keep Cool\u2122 assegura mais 25%<\/p>","protected":false},"featured_media":30425,"template":"","meta":[],"product_brand":[67],"product_cat":[34],"product_tag":[],"class_list":{"0":"post-29420","1":"product","2":"type-product","3":"status-publish","4":"has-post-thumbnail","6":"product_brand-skil","7":"product_cat-ferramentas-eletricas","9":"first","10":"instock","11":"sale","12":"purchasable","13":"product-type-simple"},"_links":{"self":[{"href":"https:\/\/equipment-pt3.com\/en\/wp-json\/wp\/v2\/product\/29420","targetHints":{"allow":["GET"]}}],"collection":[{"href":"https:\/\/equipment-pt3.com\/en\/wp-json\/wp\/v2\/product"}],"about":[{"href":"https:\/\/equipment-pt3.com\/en\/wp-json\/wp\/v2\/types\/product"}],"version-history":[{"count":3,"href":"https:\/\/equipment-pt3.com\/en\/wp-json\/wp\/v2\/product\/29420\/revisions"}],"predecessor-version":[{"id":30426,"href":"https:\/\/equipment-pt3.com\/en\/wp-json\/wp\/v2\/product\/29420\/revisions\/30426"}],"wp:featuredmedia":[{"embeddable":true,"href":"https:\/\/equipment-pt3.com\/en\/wp-json\/wp\/v2\/media\/30425"}],"wp:attachment":[{"href":"https:\/\/equipment-pt3.com\/en\/wp-json\/wp\/v2\/media?parent=29420"}],"wp:term":[{"taxonomy":"product_brand","embeddable":true,"href":"https:\/\/equipment-pt3.com\/en\/wp-json\/wp\/v2\/product_brand?post=29420"},{"taxonomy":"product_cat","embeddable":true,"href":"https:\/\/equipment-pt3.com\/en\/wp-json\/wp\/v2\/product_cat?post=29420"},{"taxonomy":"product_tag","embeddable":true,"href":"https:\/\/equipment-pt3.com\/en\/wp-json\/wp\/v2\/product_tag?post=29420"}],"curies":[{"name":"wp","href":"https:\/\/api.w.org\/{rel}","templated":true}]}}