{"id":29421,"date":"2026-02-03T13:10:31","date_gmt":"2026-02-03T13:10:31","guid":{"rendered":"https:\/\/equipment-pt3.com\/produto\/skil-3080-hb-aparafusadora-berbequim-sem-fio-xp-b\/"},"modified":"2026-02-17T17:52:00","modified_gmt":"2026-02-17T17:52:00","slug":"skil-3080-hb-aparafusadora-berbequim-sem-fio-xp-b","status":"publish","type":"product","link":"https:\/\/equipment-pt3.com\/en\/product\/skil-3080-hb-aparafusadora-berbequim-sem-fio-xp-b\/","title":{"rendered":"SKIL 3080 HB Aparafusadora\/berbequim sem fio \u00abXP b"},"content":{"rendered":"<p>O 3080 \u201c20V Max\u201d \u00e9 um aparafusador sem fios de duas velocidades, com bin\u00e1rio elevado e extremamente potente, fazendo parte da gama SKIL \u201cXP brushless\u201d. As ferramentas \u201cXP\u201d oferecem desempenho e durabilidade excecionais gra\u00e7as \u00e0s suas especifica\u00e7\u00f5es elevadas e aos avan\u00e7ados motores digitais sem escovas. Tal como todas as outras ferramentas sem fios \u201c20V Max\u201d, este modelo \u00e9 alimentado pela tecnologia avan\u00e7ada de baterias e carregadores PWRCORE 20\u2122, l\u00edder no setor.<\/p>\n<p>A ferramenta sem escovas SKIL 3080 destaca-se tanto em trabalhos de aparafusamento exigentes como na execu\u00e7\u00e3o de furos de grande di\u00e2metro a alta velocidade. O motor digital sem escovas fornece mais pot\u00eancia, maior efici\u00eancia e uma vida \u00fatil at\u00e9 10 vezes superior \u00e0 de um motor com escovas equivalente.<\/p>\n<p>A tecnologia inteligente de trav\u00e3o anti-contragolpe melhora a prote\u00e7\u00e3o do utilizador, desligando automaticamente a ferramenta em caso de contragolpe durante encravamentos. A ferramenta est\u00e1 equipada com duas engrenagens e 23+1 posi\u00e7\u00f5es de bin\u00e1rio, garantindo perfura\u00e7\u00f5es e aparafusamentos precisos. O modelo 3080 disp\u00f5e de um mandril met\u00e1lico autoapertante de 13 mm, que assegura uma fixa\u00e7\u00e3o ideal do acess\u00f3rio.<\/p>\n<p>O farol LED avan\u00e7ado com 2 modos, incluindo modo lanterna, garante excelente visibilidade da pe\u00e7a de trabalho. O bloqueio autom\u00e1tico do veio permite uma substitui\u00e7\u00e3o f\u00e1cil dos acess\u00f3rios. Em resumo, esta ferramenta vers\u00e1til oferece um desempenho verdadeiramente excecional: bateria de l\u00edtio fi\u00e1vel, velocidade vari\u00e1vel para controlo total e punho macio para maior conforto durante o trabalho.<\/p>\n<p>O carregador SKIL \u201cPWRJUMP\u2122\u201d carrega automaticamente a bateria PWRCORE 20\u2122 de 0% a 15% nos primeiros 5 minutos, permitindo retomar rapidamente o trabalho. O adaptador USB \u201cPWRASSIST\u2122\u201d possibilita o carregamento de dispositivos m\u00f3veis em movimento.<\/p>\n<p>O SKIL 3080 HB \u00e9 fornecido numa mala, com duas baterias \u201cKEEPCOOL\u2122\u201d de 4,0 Ah, um carregador ultrarr\u00e1pido \u201cAuto PWRJUMP\u2122\u201d de 6,0 A e um adaptador de carregamento USB \u201cPWRASSIST\u2122\u201d.<\/p>\n<p><strong>Caracteristicas:<\/strong><\/p>\n<ul>\n<li>\u201cPWRASSIST\u2122\u201d: o adaptador USB permite carregar dispositivos m\u00f3veis em movimento<\/li>\n<li>\u201cAuto PWRJUMP\u2122\u201d: carrega de 0% a 15% nos primeiros 5 minutos (bateria de 4,0 Ah \/ 100% em 50 min.)<\/li>\n<li>Motor digital sem escovas: maior pot\u00eancia, maior efici\u00eancia e vida \u00fatil at\u00e9 10 vezes superior<\/li>\n<li>Bin\u00e1rio elevado para perfura\u00e7\u00f5es e aparafusamentos sem esfor\u00e7o<\/li>\n<li>Tecnologia de trav\u00e3o anti-retorno: desliga a ferramenta em caso de contragolpe durante encravamentos, para maior prote\u00e7\u00e3o do utilizador<\/li>\n<li>Luz LED port\u00e1til avan\u00e7ada com 2 modos, incluindo modo lanterna com desligamento autom\u00e1tico ap\u00f3s 10 minutos<\/li>\n<li>Duas velocidades: alta velocidade para perfura\u00e7\u00e3o e bin\u00e1rio elevado para trabalhos exigentes de aparafusamento<\/li>\n<li>Mandril met\u00e1lico autoapertante de 13 mm para uma fixa\u00e7\u00e3o ideal do acess\u00f3rio<\/li>\n<li>Bloqueio autom\u00e1tico do veio para troca r\u00e1pida e f\u00e1cil de acess\u00f3rios<\/li>\n<li>23 posi\u00e7\u00f5es de bin\u00e1rio para aparafusamentos precisos e uma posi\u00e7\u00e3o de bloqueio para perfura\u00e7\u00e3o<\/li>\n<li>Punho lateral para controlo seguro com ambas as m\u00e3os<\/li>\n<li>Velocidade vari\u00e1vel para um arranque suave e controlo total em qualquer momento<\/li>\n<li>Tecnologia de l\u00edtio: sem efeito de mem\u00f3ria, sem autodescarga e sempre pronta a utilizar<\/li>\n<li>Design ergon\u00f3mico e punho macio para conforto e controlo ideais<\/li>\n<li>Clip de cinto para transporte f\u00e1cil da ferramenta<\/li>\n<\/ul>","protected":false},"excerpt":{"rendered":"<p>O 3080 \u201c20V Max\u201d \u00e9 um aparafusador sem fios de duas velocidades, com bin\u00e1rio elevado e extremamente potente, fazendo parte<\/p>","protected":false},"featured_media":30357,"template":"","meta":[],"product_brand":[67],"product_cat":[34],"product_tag":[],"class_list":{"0":"post-29421","1":"product","2":"type-product","3":"status-publish","4":"has-post-thumbnail","6":"product_brand-skil","7":"product_cat-ferramentas-eletricas","9":"first","10":"instock","11":"sale","12":"purchasable","13":"product-type-simple"},"_links":{"self":[{"href":"https:\/\/equipment-pt3.com\/en\/wp-json\/wp\/v2\/product\/29421","targetHints":{"allow":["GET"]}}],"collection":[{"href":"https:\/\/equipment-pt3.com\/en\/wp-json\/wp\/v2\/product"}],"about":[{"href":"https:\/\/equipment-pt3.com\/en\/wp-json\/wp\/v2\/types\/product"}],"version-history":[{"count":3,"href":"https:\/\/equipment-pt3.com\/en\/wp-json\/wp\/v2\/product\/29421\/revisions"}],"predecessor-version":[{"id":30356,"href":"https:\/\/equipment-pt3.com\/en\/wp-json\/wp\/v2\/product\/29421\/revisions\/30356"}],"wp:featuredmedia":[{"embeddable":true,"href":"https:\/\/equipment-pt3.com\/en\/wp-json\/wp\/v2\/media\/30357"}],"wp:attachment":[{"href":"https:\/\/equipment-pt3.com\/en\/wp-json\/wp\/v2\/media?parent=29421"}],"wp:term":[{"taxonomy":"product_brand","embeddable":true,"href":"https:\/\/equipment-pt3.com\/en\/wp-json\/wp\/v2\/product_brand?post=29421"},{"taxonomy":"product_cat","embeddable":true,"href":"https:\/\/equipment-pt3.com\/en\/wp-json\/wp\/v2\/product_cat?post=29421"},{"taxonomy":"product_tag","embeddable":true,"href":"https:\/\/equipment-pt3.com\/en\/wp-json\/wp\/v2\/product_tag?post=29421"}],"curies":[{"name":"wp","href":"https:\/\/api.w.org\/{rel}","templated":true}]}}