{"id":29423,"date":"2026-02-03T13:10:31","date_gmt":"2026-02-03T13:10:31","guid":{"rendered":"https:\/\/equipment-pt3.com\/produto\/skil-0721-aa-corta-relvas-manual\/"},"modified":"2026-02-17T17:53:20","modified_gmt":"2026-02-17T17:53:20","slug":"skil-0721-aa-corta-relvas-manual","status":"publish","type":"product","link":"https:\/\/equipment-pt3.com\/en\/product\/skil-0721-aa-corta-relvas-manual\/","title":{"rendered":"Skil 0721 AA Corta-relvas manual"},"content":{"rendered":"<p>O corta-relvas manual SKIL 0721 com um cilindro de cinco l\u00e2minas foi concebido para tratar da relva do seu jardim urbano pequeno ou m\u00e9dio. A partir de agora, cortar relva \u00e9 divertido, gra\u00e7as ao design de vaca, visualmente apelativo, deste corta-relvas. Esta ferramenta tem uma largura de corte de 30 cm e uma altura de corte ajust\u00e1vel. Gra\u00e7as ao design \u00abEasy Storage\u00bb da SKIL, este corta-relvas manual ocupa um espa\u00e7o de arruma\u00e7\u00e3o m\u00ednimo depois da utiliza\u00e7\u00e3o.<\/p>\n<p><strong>Caracter\u00edsticas:<\/strong><\/p>\n<ul>\n<li>Design simples e robusto para uma montagem f\u00e1cil e um trabalho eficiente<\/li>\n<li>Parafusos grandes para um ajuste f\u00e1cil da altura de corte e da l\u00e2mina<\/li>\n<li>Punho Softgrip para melhor manuseamento e maior conforto<\/li>\n<li>Cilindro de 5 l\u00e2minas para um corte preciso<\/li>\n<li>L\u00e2minas autoafi\u00e1veis (sem necessidade de afia\u00e7\u00e3o extra)<\/li>\n<\/ul>","protected":false},"excerpt":{"rendered":"<p>O corta-relvas manual SKIL 0721 com um cilindro de cinco l\u00e2minas foi concebido para tratar da relva do seu jardim<\/p>","protected":false},"featured_media":30341,"template":"","meta":[],"product_brand":[67],"product_cat":[34],"product_tag":[],"class_list":{"0":"post-29423","1":"product","2":"type-product","3":"status-publish","4":"has-post-thumbnail","6":"product_brand-skil","7":"product_cat-ferramentas-eletricas","9":"first","10":"instock","11":"sale","12":"purchasable","13":"product-type-simple"},"_links":{"self":[{"href":"https:\/\/equipment-pt3.com\/en\/wp-json\/wp\/v2\/product\/29423","targetHints":{"allow":["GET"]}}],"collection":[{"href":"https:\/\/equipment-pt3.com\/en\/wp-json\/wp\/v2\/product"}],"about":[{"href":"https:\/\/equipment-pt3.com\/en\/wp-json\/wp\/v2\/types\/product"}],"version-history":[{"count":3,"href":"https:\/\/equipment-pt3.com\/en\/wp-json\/wp\/v2\/product\/29423\/revisions"}],"predecessor-version":[{"id":30344,"href":"https:\/\/equipment-pt3.com\/en\/wp-json\/wp\/v2\/product\/29423\/revisions\/30344"}],"wp:featuredmedia":[{"embeddable":true,"href":"https:\/\/equipment-pt3.com\/en\/wp-json\/wp\/v2\/media\/30341"}],"wp:attachment":[{"href":"https:\/\/equipment-pt3.com\/en\/wp-json\/wp\/v2\/media?parent=29423"}],"wp:term":[{"taxonomy":"product_brand","embeddable":true,"href":"https:\/\/equipment-pt3.com\/en\/wp-json\/wp\/v2\/product_brand?post=29423"},{"taxonomy":"product_cat","embeddable":true,"href":"https:\/\/equipment-pt3.com\/en\/wp-json\/wp\/v2\/product_cat?post=29423"},{"taxonomy":"product_tag","embeddable":true,"href":"https:\/\/equipment-pt3.com\/en\/wp-json\/wp\/v2\/product_tag?post=29423"}],"curies":[{"name":"wp","href":"https:\/\/api.w.org\/{rel}","templated":true}]}}