{"id":29424,"date":"2026-02-03T13:10:31","date_gmt":"2026-02-03T13:10:31","guid":{"rendered":"https:\/\/equipment-pt3.com\/produto\/skil-0732-aa-aparador-de-relva\/"},"modified":"2026-02-17T17:53:48","modified_gmt":"2026-02-17T17:53:48","slug":"skil-0732-aa-aparador-de-relva","status":"publish","type":"product","link":"https:\/\/equipment-pt3.com\/en\/product\/skil-0732-aa-aparador-de-relva\/","title":{"rendered":"Skil 0732 AA Aparador de relva"},"content":{"rendered":"<p>O aparador de relva SKIL 0732 \u00e9 ideal para trabalhos de corte, tais como a remo\u00e7\u00e3o das ervas em excesso nas paredes, cercas e canteiros ou para simplesmente retocar as margens do relvado. O potente motor de 280 W otimiza o desempenho do aparador de relva, permitindo-lhe executar facilmente os seus trabalhos de corte. O SKIL 0732 tem um peso extremamente reduzido de apenas 1,2 kg e disp\u00f5e de uma s\u00e9rie de fun\u00e7\u00f5es pr\u00e1ticas que maximizam o seu conforto durante o trabalho. Gra\u00e7as ao design exclusivo \u00abEasy Storage\u00bb da SKIL, este aparador de relva ocupa um espa\u00e7o de arruma\u00e7\u00e3o m\u00ednimo depois da utiliza\u00e7\u00e3o.<\/p>\n<p><strong>Caracter\u00edsticas:<\/strong><\/p>\n<ul>\n<li>Interruptor de ligar\/desligar grande e de baixa resist\u00eancia para maior comodidade<\/li>\n<li>O m\u00f3dulo \u00abEasy Storage\u00bb inclu\u00eddo pode estender-se a um sistema de carris de arruma\u00e7\u00e3o adequado para pendurar os seus produtos de jardinagem da SKIL<\/li>\n<li>Cerra-cabos para evitar danos no cabo ou na ferramenta<\/li>\n<li>Segundo punho para um controlo extra durante os trabalhos<\/li>\n<li>Design ergon\u00f3mico do punho para um maior conforto<\/li>\n<li>Alimenta\u00e7\u00e3o do fio \u00abTap&amp;Go\u00bb para facilitar a sa\u00edda de mais fio durante o funcionamento<\/li>\n<li>Sistema de corte com dois fios para aparar de forma r\u00e1pida e perfeita<\/li>\n<li>Design extremamente leve (apenas 1,2 kg)<\/li>\n<li>Potente motor de 280 W para a maior parte das aplica\u00e7\u00f5es de aparar relva<\/li>\n<li>Punho de design \u00abEasy Storage\u00bb exclusivo da SKIL para uma suspens\u00e3o adequada da ferramenta na calha de arruma\u00e7\u00e3o da SKIL fornecida<\/li>\n<\/ul>","protected":false},"excerpt":{"rendered":"<p>O aparador de relva SKIL 0732 \u00e9 ideal para trabalhos de corte, tais como a remo\u00e7\u00e3o das ervas em excesso<\/p>","protected":false},"featured_media":30347,"template":"","meta":[],"product_brand":[67],"product_cat":[34],"product_tag":[],"class_list":{"0":"post-29424","1":"product","2":"type-product","3":"status-publish","4":"has-post-thumbnail","6":"product_brand-skil","7":"product_cat-ferramentas-eletricas","9":"first","10":"instock","11":"sale","12":"purchasable","13":"product-type-simple"},"_links":{"self":[{"href":"https:\/\/equipment-pt3.com\/en\/wp-json\/wp\/v2\/product\/29424","targetHints":{"allow":["GET"]}}],"collection":[{"href":"https:\/\/equipment-pt3.com\/en\/wp-json\/wp\/v2\/product"}],"about":[{"href":"https:\/\/equipment-pt3.com\/en\/wp-json\/wp\/v2\/types\/product"}],"version-history":[{"count":4,"href":"https:\/\/equipment-pt3.com\/en\/wp-json\/wp\/v2\/product\/29424\/revisions"}],"predecessor-version":[{"id":30354,"href":"https:\/\/equipment-pt3.com\/en\/wp-json\/wp\/v2\/product\/29424\/revisions\/30354"}],"wp:featuredmedia":[{"embeddable":true,"href":"https:\/\/equipment-pt3.com\/en\/wp-json\/wp\/v2\/media\/30347"}],"wp:attachment":[{"href":"https:\/\/equipment-pt3.com\/en\/wp-json\/wp\/v2\/media?parent=29424"}],"wp:term":[{"taxonomy":"product_brand","embeddable":true,"href":"https:\/\/equipment-pt3.com\/en\/wp-json\/wp\/v2\/product_brand?post=29424"},{"taxonomy":"product_cat","embeddable":true,"href":"https:\/\/equipment-pt3.com\/en\/wp-json\/wp\/v2\/product_cat?post=29424"},{"taxonomy":"product_tag","embeddable":true,"href":"https:\/\/equipment-pt3.com\/en\/wp-json\/wp\/v2\/product_tag?post=29424"}],"curies":[{"name":"wp","href":"https:\/\/api.w.org\/{rel}","templated":true}]}}