{"id":29425,"date":"2026-02-03T13:10:31","date_gmt":"2026-02-03T13:10:31","guid":{"rendered":"https:\/\/equipment-pt3.com\/produto\/skil-1016-aa-misturadora\/"},"modified":"2026-02-17T17:55:04","modified_gmt":"2026-02-17T17:55:04","slug":"skil-1016-aa-misturadora","status":"publish","type":"product","link":"https:\/\/equipment-pt3.com\/en\/product\/skil-1016-aa-misturadora\/","title":{"rendered":"Skil 1016 AA Misturadora"},"content":{"rendered":"<p>Misturadora de p\u00e1s muito potente com pega para as 2 m\u00e3os: A misturadora de p\u00e1s SKIL 1016 com uma pr\u00e1tica pega para as duas m\u00e3os disp\u00f5e de um motor muito potente de 1200 W e \u00e9 a ferramenta ideal para uma grande variedade de trabalhos de mistura. Gra\u00e7as \u00e0 liga\u00e7\u00e3o de ferramenta M14, poder\u00e1 trocar as p\u00e1s de forma f\u00e1cil e segura. Com a roda de pr\u00e9-sele\u00e7\u00e3o da velocidade pode definir a velocidade pretendida. O arranque suave eletr\u00f3nico assegura um conforto de trabalho extra. Esta misturadora de p\u00e1s \u00e9 fornecida com uma barra misturadora universal de 120 mm de alta qualidade, amov\u00edvel.<\/p>\n<p>Controlo completo com uma pega para as 2 m\u00e3os: Com o seu motor de 1200 W muito potente, a SKIL 1016 \u00e9 ideal para misturar uma ampla gama de materiais, tais como argamassas, gessos de cimento e adesivos para azulejos. Esta misturadora de p\u00e1s tem uma pega para as duas m\u00e3os que lhe permite operar a misturadora de p\u00e1s comodamente com as duas m\u00e3os para um controlo perfeito do trabalho. A opera\u00e7\u00e3o eletr\u00f3nica permite um arranque suave e d\u00e1-lhe ainda mais controlo sobre o trabalho de mistura. Pode trocar facilmente as p\u00e1s de mistura padr\u00e3o e proteg\u00ea-las gra\u00e7as \u00e0 liga\u00e7\u00e3o de ferramenta de padr\u00e3o industrial M14.<\/p>\n<p>Pr\u00e9-sele\u00e7\u00e3o da velocidade para uma mistura precisa: Esta misturadora de p\u00e1s tem uma pr\u00e9-sele\u00e7\u00e3o da velocidade que permite ajustar facilmente a velocidade \u00e0 tarefa em m\u00e3os. Com a roda de pr\u00e9-sele\u00e7\u00e3o da velocidade pode definir a velocidade pretendida. E pode bloquear o interruptor durante trabalhos de mistura prolongados para uma mistura cont\u00ednua.<\/p>\n<p>Fun\u00e7\u00f5es pr\u00e1ticas para um conforto extra durante o trabalho: A misturadora de p\u00e1s tem uma caixa de engrenagem em alum\u00ednio que aumenta a durabilidade da ferramenta. Gra\u00e7as ao design ergon\u00f3mico com Softgrip da misturadora de p\u00e1s, est\u00e1 garantida uma utiliza\u00e7\u00e3o c\u00f3moda durante o trabalho de mistura. A barra misturadora universal de 120 mm fornecida, amov\u00edvel e de alta qualidade, \u00e9 ideal para misturar diversos materiais, tais como argamassas, gessos de cimento e adesivos para azulejos.<\/p>\n<p><strong>Caracter\u00edsticas:<\/strong><\/p>\n<ul>\n<li>Arranque suave eletr\u00f3nico para um controlo total<\/li>\n<li>Caixa de engrenagens em alum\u00ednio muito resistente<\/li>\n<li>Bot\u00e3o de bloqueio para um trabalho de mistura cont\u00ednuo<\/li>\n<li>Pr\u00e9-sele\u00e7\u00e3o da velocidade para um arranque e um trabalho de mistura precisos, \u00e0 velocidade correta para os diferentes materiais<\/li>\n<li>Engrenagens de alta qualidade para uma efici\u00eancia m\u00e1xima do bin\u00e1rio<\/li>\n<li>Liga\u00e7\u00e3o de ferramenta M14, para troca f\u00e1cil dos acess\u00f3rios standard, sem perda de transmiss\u00e3o de pot\u00eancia<\/li>\n<li>Punho para as duas m\u00e3os para um trabalho confort\u00e1vel e um \u00f3timo controlo<\/li>\n<li>Misturadora potente de 1200 W para todos os tipos de materiais, como argamassas, tintas, colas, etc.<\/li>\n<li>Barra misturadora universal inclu\u00edda para diferentes materiais<\/li>\n<\/ul>","protected":false},"excerpt":{"rendered":"<p>Misturadora de p\u00e1s muito potente com pega para as 2 m\u00e3os: A misturadora de p\u00e1s SKIL 1016 com uma pr\u00e1tica<\/p>","protected":false},"featured_media":30338,"template":"","meta":[],"product_brand":[67],"product_cat":[34],"product_tag":[],"class_list":{"0":"post-29425","1":"product","2":"type-product","3":"status-publish","4":"has-post-thumbnail","6":"product_brand-skil","7":"product_cat-ferramentas-eletricas","9":"first","10":"instock","11":"sale","12":"purchasable","13":"product-type-simple"},"_links":{"self":[{"href":"https:\/\/equipment-pt3.com\/en\/wp-json\/wp\/v2\/product\/29425","targetHints":{"allow":["GET"]}}],"collection":[{"href":"https:\/\/equipment-pt3.com\/en\/wp-json\/wp\/v2\/product"}],"about":[{"href":"https:\/\/equipment-pt3.com\/en\/wp-json\/wp\/v2\/types\/product"}],"version-history":[{"count":3,"href":"https:\/\/equipment-pt3.com\/en\/wp-json\/wp\/v2\/product\/29425\/revisions"}],"predecessor-version":[{"id":30339,"href":"https:\/\/equipment-pt3.com\/en\/wp-json\/wp\/v2\/product\/29425\/revisions\/30339"}],"wp:featuredmedia":[{"embeddable":true,"href":"https:\/\/equipment-pt3.com\/en\/wp-json\/wp\/v2\/media\/30338"}],"wp:attachment":[{"href":"https:\/\/equipment-pt3.com\/en\/wp-json\/wp\/v2\/media?parent=29425"}],"wp:term":[{"taxonomy":"product_brand","embeddable":true,"href":"https:\/\/equipment-pt3.com\/en\/wp-json\/wp\/v2\/product_brand?post=29425"},{"taxonomy":"product_cat","embeddable":true,"href":"https:\/\/equipment-pt3.com\/en\/wp-json\/wp\/v2\/product_cat?post=29425"},{"taxonomy":"product_tag","embeddable":true,"href":"https:\/\/equipment-pt3.com\/en\/wp-json\/wp\/v2\/product_tag?post=29425"}],"curies":[{"name":"wp","href":"https:\/\/api.w.org\/{rel}","templated":true}]}}