{"id":29426,"date":"2026-02-03T13:10:31","date_gmt":"2026-02-03T13:10:31","guid":{"rendered":"https:\/\/equipment-pt3.com\/produto\/skil-1020-aa-berbequim-com-percussao\/"},"modified":"2026-02-17T17:55:36","modified_gmt":"2026-02-17T17:55:36","slug":"skil-1020-aa-berbequim-com-percussao","status":"publish","type":"product","link":"https:\/\/equipment-pt3.com\/en\/product\/skil-1020-aa-berbequim-com-percussao\/","title":{"rendered":"SKIL 1020 AA Berbequim com percuss\u00e3o"},"content":{"rendered":"<p>O berbequim de percuss\u00e3o de 550 W SKIL 1020 \u00e9 a ferramenta ideal para todos os seus trabalhos de perfura\u00e7\u00e3o na bricolage dentro e fora de casa. O modo de martelo destina-se \u00e0 perfura\u00e7\u00e3o em alvenaria e o mecanismo de martelo pode ser desligado para uma perfura\u00e7\u00e3o e um aparafusamento regulares. A velocidade vari\u00e1vel com pr\u00e9-sele\u00e7\u00e3o da velocidade proporciona-lhe versatilidade e controlo sobre o seu trabalho. Para sua comodidade, pode bloquear o interruptor para uma perfura\u00e7\u00e3o e um aparafusamento cont\u00ednuos. Este berbequim de percuss\u00e3o tem uma bucha de aperto r\u00e1pido semiautom\u00e1tica de 13 mm para uma mudan\u00e7a de acess\u00f3rios r\u00e1pida e simples. Pode usar a pega lateral para controlo confort\u00e1vel com as duas m\u00e3os e o batente de profundidade para definir a profundidade de perfura\u00e7\u00e3o para furos cegos.<\/p>\n<p><strong>Caracter\u00edsticas:<\/strong><\/p>\n<ul>\n<li>Interruptor de velocidade vari\u00e1vel com bot\u00e3o de bloqueio para um trabalho cont\u00ednuo<\/li>\n<li>Batente de profundidade f\u00e1cil de ajustar para pr\u00e9-selecionar a profundidade de perfura\u00e7\u00e3o de orif\u00edcios<\/li>\n<li>Pega lateral regul\u00e1vel para um controlo seguro com ambas as m\u00e3os<\/li>\n<li>Bot\u00e3o de pr\u00e9-sele\u00e7\u00e3o da velocidade, para um \u00f3timo rendimento nas diferentes aplica\u00e7\u00f5es<\/li>\n<li>Fun\u00e7\u00e3o inversa para aparafusar<\/li>\n<li>Berbequim de percuss\u00e3o compacto com design ergon\u00f3mico<\/li>\n<li>Paragem da percuss\u00e3o para todos os trabalhos regulares de perfura\u00e7\u00e3o e de aparafusamento<\/li>\n<li>Elevado n\u00famero de impactos por minuto para perfurar alvenaria de forma r\u00e1pida e sem esfor\u00e7o<\/li>\n<li>Ideal para todos os trabalhos de perfura\u00e7\u00e3o dentro e fora de casa<\/li>\n<li>Bucha de aperto r\u00e1pido semiautom\u00e1tico de 13 mm para trocar de acess\u00f3rio facilmente<\/li>\n<\/ul>","protected":false},"excerpt":{"rendered":"<p>O berbequim de percuss\u00e3o de 550 W SKIL 1020 \u00e9 a ferramenta ideal para todos os seus trabalhos de perfura\u00e7\u00e3o<\/p>","protected":false},"featured_media":30331,"template":"","meta":[],"product_brand":[67],"product_cat":[34],"product_tag":[],"class_list":{"0":"post-29426","1":"product","2":"type-product","3":"status-publish","4":"has-post-thumbnail","6":"product_brand-skil","7":"product_cat-ferramentas-eletricas","9":"first","10":"instock","11":"sale","12":"purchasable","13":"product-type-simple"},"_links":{"self":[{"href":"https:\/\/equipment-pt3.com\/en\/wp-json\/wp\/v2\/product\/29426","targetHints":{"allow":["GET"]}}],"collection":[{"href":"https:\/\/equipment-pt3.com\/en\/wp-json\/wp\/v2\/product"}],"about":[{"href":"https:\/\/equipment-pt3.com\/en\/wp-json\/wp\/v2\/types\/product"}],"version-history":[{"count":2,"href":"https:\/\/equipment-pt3.com\/en\/wp-json\/wp\/v2\/product\/29426\/revisions"}],"predecessor-version":[{"id":30336,"href":"https:\/\/equipment-pt3.com\/en\/wp-json\/wp\/v2\/product\/29426\/revisions\/30336"}],"wp:featuredmedia":[{"embeddable":true,"href":"https:\/\/equipment-pt3.com\/en\/wp-json\/wp\/v2\/media\/30331"}],"wp:attachment":[{"href":"https:\/\/equipment-pt3.com\/en\/wp-json\/wp\/v2\/media?parent=29426"}],"wp:term":[{"taxonomy":"product_brand","embeddable":true,"href":"https:\/\/equipment-pt3.com\/en\/wp-json\/wp\/v2\/product_brand?post=29426"},{"taxonomy":"product_cat","embeddable":true,"href":"https:\/\/equipment-pt3.com\/en\/wp-json\/wp\/v2\/product_cat?post=29426"},{"taxonomy":"product_tag","embeddable":true,"href":"https:\/\/equipment-pt3.com\/en\/wp-json\/wp\/v2\/product_tag?post=29426"}],"curies":[{"name":"wp","href":"https:\/\/api.w.org\/{rel}","templated":true}]}}