{"id":29427,"date":"2026-02-03T13:10:31","date_gmt":"2026-02-03T13:10:31","guid":{"rendered":"https:\/\/equipment-pt3.com\/produto\/skil-1144aa-polidora-auto\/"},"modified":"2026-02-17T17:56:26","modified_gmt":"2026-02-17T17:56:26","slug":"skil-1144aa-polidora-auto","status":"publish","type":"product","link":"https:\/\/equipment-pt3.com\/en\/product\/skil-1144aa-polidora-auto\/","title":{"rendered":"Skil 1144 AA Polidora Auto"},"content":{"rendered":"<p>A SKIL 1144 \u00e9 uma polidora de 1200 W para remover riscos em autom\u00f3veis ou barcos, para melhorar o aspeto do autom\u00f3vel ou para remover ferrugem e a oxida\u00e7\u00e3o do alum\u00ednio, a\u00e7o e outros metais. O design compacto e leve reduz a fadiga durante o polimento de superf\u00edcies amplas. A fun\u00e7\u00e3o de arranque suave assegura uma coloca\u00e7\u00e3o em funcionamento suave e controlada da polidora, reduzindo os salpicos de verniz quando liga a ferramenta. O controlo da velocidade vari\u00e1vel permite-lhe ajustar a velocidade da ferramenta ao trabalho. Para sua comodidade, pode bloquear o interruptor para um polimento cont\u00ednuo. Al\u00e9m disso, a eletr\u00f3nica de velocidade constante assegura que a velocidade se mant\u00e9m constante, independentemente da press\u00e3o que aplica, garantindo um resultado de polimento homog\u00e9neo. O punho lateral em forma de D e o punho posterior com Softgrip proporciona um excelente conforto em qualquer situa\u00e7\u00e3o de trabalho. A SKIL 1144 possui um prato de lixar com velcro para uma troca de acess\u00f3rios simples e r\u00e1pida e \u00e9 fornecida com um prato de l\u00e3, um prato de espuma macia e um prato de espuma dura.<\/p>\n<p>&nbsp;<\/p>\n<p><strong>Caracter\u00edsticas:<\/strong><\/p>\n<ul>\n<li>Motor potente de 1200 W para um polimento sem esfor\u00e7o de superf\u00edcies amplas<\/li>\n<li>O design compacto e leve reduz a fadiga durante o polimento de superf\u00edcies amplas<\/li>\n<li>Sele\u00e7\u00e3o da velocidade para todos os trabalhos de polimento<\/li>\n<li>Arranque suave para controlar com precis\u00e3o o funcionamento<\/li>\n<li>A eletr\u00f3nica de velocidade constante assegura \u00f3timos resultados de polimento, mesmo sob cargas mais elevadas<\/li>\n<li>Prato de lixar com Velcro para uma troca r\u00e1pida e simples dos acess\u00f3rios<\/li>\n<li>Interruptor de bloqueio para utiliza\u00e7\u00e3o cont\u00ednua<\/li>\n<li>Pega em D com Softgrip, para garantir um controlo perfeito<\/li>\n<\/ul>","protected":false},"excerpt":{"rendered":"<p>A SKIL 1144 \u00e9 uma polidora de 1200 W para remover riscos em autom\u00f3veis ou barcos, para melhorar o aspeto<\/p>","protected":false},"featured_media":30414,"template":"","meta":[],"product_brand":[67],"product_cat":[34],"product_tag":[],"class_list":{"0":"post-29427","1":"product","2":"type-product","3":"status-publish","4":"has-post-thumbnail","6":"product_brand-skil","7":"product_cat-ferramentas-eletricas","9":"first","10":"instock","11":"sale","12":"purchasable","13":"product-type-simple"},"_links":{"self":[{"href":"https:\/\/equipment-pt3.com\/en\/wp-json\/wp\/v2\/product\/29427","targetHints":{"allow":["GET"]}}],"collection":[{"href":"https:\/\/equipment-pt3.com\/en\/wp-json\/wp\/v2\/product"}],"about":[{"href":"https:\/\/equipment-pt3.com\/en\/wp-json\/wp\/v2\/types\/product"}],"version-history":[{"count":5,"href":"https:\/\/equipment-pt3.com\/en\/wp-json\/wp\/v2\/product\/29427\/revisions"}],"predecessor-version":[{"id":31227,"href":"https:\/\/equipment-pt3.com\/en\/wp-json\/wp\/v2\/product\/29427\/revisions\/31227"}],"wp:featuredmedia":[{"embeddable":true,"href":"https:\/\/equipment-pt3.com\/en\/wp-json\/wp\/v2\/media\/30414"}],"wp:attachment":[{"href":"https:\/\/equipment-pt3.com\/en\/wp-json\/wp\/v2\/media?parent=29427"}],"wp:term":[{"taxonomy":"product_brand","embeddable":true,"href":"https:\/\/equipment-pt3.com\/en\/wp-json\/wp\/v2\/product_brand?post=29427"},{"taxonomy":"product_cat","embeddable":true,"href":"https:\/\/equipment-pt3.com\/en\/wp-json\/wp\/v2\/product_cat?post=29427"},{"taxonomy":"product_tag","embeddable":true,"href":"https:\/\/equipment-pt3.com\/en\/wp-json\/wp\/v2\/product_tag?post=29427"}],"curies":[{"name":"wp","href":"https:\/\/api.w.org\/{rel}","templated":true}]}}