{"id":29428,"date":"2026-02-03T13:10:31","date_gmt":"2026-02-03T13:10:31","guid":{"rendered":"https:\/\/equipment-pt3.com\/produto\/skil-1215-aa-lixadeira-de-rolos\/"},"modified":"2026-02-17T17:56:55","modified_gmt":"2026-02-17T17:56:55","slug":"skil-1215-aa-lixadeira-de-rolos","status":"publish","type":"product","link":"https:\/\/equipment-pt3.com\/en\/product\/skil-1215-aa-lixadeira-de-rolos\/","title":{"rendered":"Skil 1215 AA Lixadeira de rolos"},"content":{"rendered":"<p><strong>A ferramenta ideal para trabalhos de lixamento exigentes<\/strong><br \/>\nCom o seu potente motor de 650 W e a elevada velocidade da cinta de 300 m\/min., esta lixadeira \u00e9 uma escolha excelente para a r\u00e1pida remo\u00e7\u00e3o de material. Ela \u00e9 ideal para trabalhos exigentes, tais como o pr\u00e9-lixamento de portas e quadros antes de voltar a pint\u00e1-los. A lixadeira de rolos \u00e9 fornecida com uma cinta de lixa, a arma\u00e7\u00e3o para lixar \u00abEqualizer\u00bb, um recipiente do p\u00f3 e um adaptador para aspirador, de forma que pode come\u00e7ar a trabalhar imediatamente.<\/p>\n<p><strong>Elevado desempenho<\/strong><br \/>\nO alinhamento manual da cinta de lixa durante a utiliza\u00e7\u00e3o j\u00e1 n\u00e3o \u00e9 necess\u00e1rio gra\u00e7as ao sistema \u00abABC\u00bb da 1215. Este mant\u00e9m a cinta de lixa perfeitamente alinhada com a m\u00e1quina, evitando que a cinta de lixa saia para fora ou para dentro da ferramenta. O sistema \u00abClic\u00bb torna f\u00e1cil a substitui\u00e7\u00e3o da cinta de lixa: basta puxar a alavanca para trocar a cinta.<\/p>\n<p><strong>Superf\u00edcies suaves com a arma\u00e7\u00e3o para lixar \u00abEqualizer\u00bb<\/strong><br \/>\nObter\u00e1 um resultado de lixamento perfeitamente igual e suave com a inovadora arma\u00e7\u00e3o para lixar \u00abEqualizer\u00bb inclu\u00edda. A arma\u00e7\u00e3o para lixar \u00abEqualizer\u00bb assegura que coloca a ferramenta perfeitamente direita na pe\u00e7a a ser trabalhada, evitando riscos e ranhuras na mesma e facilitando a nivela\u00e7\u00e3o de superf\u00edcies irregulares.<\/p>\n<p><strong>Fun\u00e7\u00f5es pr\u00e1ticas para um conforto extra durante o trabalho<\/strong><br \/>\nPara um trabalho mais limpo, a lixadeira tem um sistema de recolha de p\u00f3 integrado com um pr\u00e1tico recipiente do p\u00f3. O filtro de p\u00f3 filtra at\u00e9 as part\u00edculas de p\u00f3 mais finas do ar. O recipiente do p\u00f3 pode ser facilmente retirado, esvaziado e instalado de novo. Est\u00e1 tamb\u00e9m dispon\u00edvel um adaptador para aspirador que pode ser conectado \u00e0 maioria dos aspiradores de tamanho padr\u00e3o, o que o ajudar\u00e1 a manter a sua casa limpa. O bot\u00e3o de bloqueio no topo permite-lhe um trabalho cont\u00ednuo.<\/p>\n<p><strong>Caracter\u00edsticas:<\/strong><\/p>\n<ul>\n<li>Softgrip para trabalhar comodamente durante longos per\u00edodos de tempo<\/li>\n<li>Troca f\u00e1cil de cinta atrav\u00e9s do sistema \u00abClic\u00bb, sem necessidade de remo\u00e7\u00e3o pr\u00e9via da arma\u00e7\u00e3o para lixar<\/li>\n<li>Adaptador inclu\u00eddo para utiliza\u00e7\u00e3o de aspirador externo<\/li>\n<li>Aspira\u00e7\u00e3o do p\u00f3 integrada e sistema de filtra\u00e7\u00e3o de p\u00f3 eficiente, para um trabalho mais limpo<\/li>\n<li>Arma\u00e7\u00e3o para lixar \u00abEqualizer\u00bb, f\u00e1cil de montar, previne riscos e nivela as superf\u00edcies de forma perfeita<\/li>\n<li>O design ergon\u00f3mico e compacto garante uma preens\u00e3o perfeita, permitindo o controlo com ambas as m\u00e3os<\/li>\n<li>O controlo autom\u00e1tico da cinta impede a cinta de se deslocar para fora da ferramenta<\/li>\n<li>Alta velocidade da cinta para remo\u00e7\u00e3o de material em larga escala<\/li>\n<li>Bot\u00e3o de bloqueio grande, na parte superior, para utiliza\u00e7\u00e3o cont\u00ednua<\/li>\n<\/ul>","protected":false},"excerpt":{"rendered":"<p>A ferramenta ideal para trabalhos de lixamento exigentes Com o seu potente motor de 650 W e a elevada velocidade<\/p>","protected":false},"featured_media":30386,"template":"","meta":[],"product_brand":[67],"product_cat":[34,97],"product_tag":[],"class_list":{"0":"post-29428","1":"product","2":"type-product","3":"status-publish","4":"has-post-thumbnail","6":"product_brand-skil","7":"product_cat-ferramentas-eletricas","8":"product_cat-lixadeiras","10":"first","11":"instock","12":"sale","13":"purchasable","14":"product-type-simple"},"_links":{"self":[{"href":"https:\/\/equipment-pt3.com\/en\/wp-json\/wp\/v2\/product\/29428","targetHints":{"allow":["GET"]}}],"collection":[{"href":"https:\/\/equipment-pt3.com\/en\/wp-json\/wp\/v2\/product"}],"about":[{"href":"https:\/\/equipment-pt3.com\/en\/wp-json\/wp\/v2\/types\/product"}],"version-history":[{"count":3,"href":"https:\/\/equipment-pt3.com\/en\/wp-json\/wp\/v2\/product\/29428\/revisions"}],"predecessor-version":[{"id":30390,"href":"https:\/\/equipment-pt3.com\/en\/wp-json\/wp\/v2\/product\/29428\/revisions\/30390"}],"wp:featuredmedia":[{"embeddable":true,"href":"https:\/\/equipment-pt3.com\/en\/wp-json\/wp\/v2\/media\/30386"}],"wp:attachment":[{"href":"https:\/\/equipment-pt3.com\/en\/wp-json\/wp\/v2\/media?parent=29428"}],"wp:term":[{"taxonomy":"product_brand","embeddable":true,"href":"https:\/\/equipment-pt3.com\/en\/wp-json\/wp\/v2\/product_brand?post=29428"},{"taxonomy":"product_cat","embeddable":true,"href":"https:\/\/equipment-pt3.com\/en\/wp-json\/wp\/v2\/product_cat?post=29428"},{"taxonomy":"product_tag","embeddable":true,"href":"https:\/\/equipment-pt3.com\/en\/wp-json\/wp\/v2\/product_tag?post=29428"}],"curies":[{"name":"wp","href":"https:\/\/api.w.org\/{rel}","templated":true}]}}