{"id":29429,"date":"2026-02-03T13:10:31","date_gmt":"2026-02-03T13:10:31","guid":{"rendered":"https:\/\/equipment-pt3.com\/produto\/skil-1470-aa-multiferramenta\/"},"modified":"2026-02-17T17:57:25","modified_gmt":"2026-02-17T17:57:25","slug":"skil-1470-aa-multiferramenta","status":"publish","type":"product","link":"https:\/\/equipment-pt3.com\/en\/product\/skil-1470-aa-multiferramenta\/","title":{"rendered":"Skil 1470 AA Multiferramenta"},"content":{"rendered":"<p>O SKIL 1470 \u00abMulti-Tasker\u00bb tem um motor de 200 W e \u00e9 uma ferramenta extremamente vers\u00e1til. Ao trocar os acess\u00f3rios fornecidos, pode utilizar esta ferramenta vers\u00e1til numa grande variedade de trabalhos de bricolage como, por exemplo, lixamento, serragem, corte e raspagem. A multiferramenta \u00e9 compat\u00edvel com os acess\u00f3rios b\u00e1sicos \u00abStarlock\u00bb e acess\u00f3rios \u00abOIS\u00bb amplamente dispon\u00edveis, de forma que encontrar\u00e1 sempre o acess\u00f3rio adequado para o seu trabalho. A sua velocidade vari\u00e1vel ajust\u00e1vel permite-lhe ajustar a velocidade de trabalho \u00e0 tarefa que tem em m\u00e3os. Esta ferramenta \u00e9 fornecida com duas l\u00e2minas de serra, duas folhas de lixa e um adaptador para p\u00f3 para ligar o seu aspirador durante o trabalho de lixamento.<\/p>\n<p><strong>Enorme versatilidade<\/strong><br \/>\nO SKIL 1470 \u00abMulti-Tasker\u00bb oferece-lhe uma enorme versatilidade; pode usar esta ferramenta para in\u00fameros trabalhos dentro e fora de casa. Quer esteja a encurtar pavimentos laminados, a fazer um corte para instalar uma tomada de alimenta\u00e7\u00e3o ou a lixar o caixilho da janela antes da pintura, conseguir\u00e1 concluir qualquer tipo de trabalho r\u00e1pida e facilmente com os v\u00e1rios acess\u00f3rios dispon\u00edveis no mercado. Gra\u00e7as ao seu movimento de oscila\u00e7\u00e3o-vibra\u00e7\u00e3o, esta ferramenta \u00e9 tamb\u00e9m muito pr\u00e1tica para trabalhos de serragem e de corte precisos em espa\u00e7os limitados. Ela consegue cortar at\u00e9 materiais alinhados com a parede.<\/p>\n<section class=\"elementor-section elementor-top-section elementor-element elementor-element-7bcf1ca8 elementor-section-boxed elementor-section-height-default elementor-section-height-default\" data-id=\"7bcf1ca8\" data-element_type=\"section\" data-e-type=\"section\">\n<div class=\"elementor-container elementor-column-gap-default\">\n<div class=\"elementor-column elementor-col-100 elementor-top-column elementor-element elementor-element-774190a8\" data-id=\"774190a8\" data-element_type=\"column\" data-e-type=\"column\">\n<div class=\"elementor-widget-wrap elementor-element-populated\">\n<div class=\"elementor-element elementor-element-2619d6f elementor-widget elementor-widget-woocommerce-product-data-tabs\" data-id=\"2619d6f\" data-element_type=\"widget\" data-e-type=\"widget\" data-widget_type=\"woocommerce-product-data-tabs.default\">\n<div class=\"elementor-widget-container\">\n<div class=\"woocommerce-tabs wc-tabs-wrapper\">\n<div id=\"tab-description_tab\" class=\"woocommerce-Tabs-panel woocommerce-Tabs-panel--description_tab panel entry-content wc-tab\" role=\"tabpanel\" aria-labelledby=\"tab-title-description_tab\">\n<p><strong>Fun\u00e7\u00f5es pr\u00e1ticas para um conforto extra durante o trabalho<\/strong><br \/>\nPara trabalhar de forma mais limpa durante o trabalho de lixamento, pode conectar esta ferramenta ao adaptador para p\u00f3 fornecido, compat\u00edvel com a maioria dos aspiradores de tamanho padr\u00e3o. O cabo de alimenta\u00e7\u00e3o com tr\u00eas metros de comprimento proporciona-lhe uma grande liberdade de trabalho. Gra\u00e7as ao seu design ergon\u00f3mico e fino com Softgrip, esta ferramenta \u00e9 ideal para uma utiliza\u00e7\u00e3o cont\u00ednua e para um trabalho de serragem e corte detalhado em espa\u00e7os limitados. O \u00abMulti-Tasker\u00bb \u00e9 fornecido com uma l\u00e2mina segmentada para serrar madeira e pl\u00e1stico, uma l\u00e2mina de corte ideal para fazer cortes por imers\u00e3o em madeira, uma base de lixamento, duas folhas de lixa diferentes e o adaptador para p\u00f3.<\/p>\n<p><strong>Caracteristicas:<\/strong><\/p>\n<ul>\n<li>Lixar, serrar e cortar com uma ferramenta apenas<\/li>\n<li>Ferramenta multifun\u00e7\u00f5es adequada para uma vasta gama de aplica\u00e7\u00f5es<\/li>\n<li>O potente motor de 200 Watt proporciona pot\u00eancia suficiente para realizar o trabalho<\/li>\n<li>Controlo da velocidade continuamente regul\u00e1vel<\/li>\n<li>Sistema de acess\u00f3rios universal para uma mudan\u00e7a r\u00e1pida e f\u00e1cil dos acess\u00f3rios<\/li>\n<li>Tamb\u00e9m pode ser utilizada em combina\u00e7\u00e3o com acess\u00f3rios b\u00e1sicos \u00abStarlock\u00bb e acess\u00f3rios \u00abOIS\u00bb<\/li>\n<li>Adaptador de extra\u00e7\u00e3o de p\u00f3 para um trabalho mais limpo<\/li>\n<li>Design ergon\u00f3mico e Softgrip para um controlo e comodidade \u00f3timos<\/li>\n<li>Cabo de 3 metros para uma maior liberdade de a\u00e7\u00e3o<\/li>\n<\/ul>\n<\/div>\n<\/div>\n<\/div>\n<\/div>\n<\/div>\n<\/div>\n<\/div>\n<\/section>","protected":false},"excerpt":{"rendered":"<p>O SKIL 1470 \u00abMulti-Tasker\u00bb tem um motor de 200 W e \u00e9 uma ferramenta extremamente vers\u00e1til. Ao trocar os acess\u00f3rios<\/p>","protected":false},"featured_media":30380,"template":"","meta":[],"product_brand":[67],"product_cat":[34],"product_tag":[],"class_list":{"0":"post-29429","1":"product","2":"type-product","3":"status-publish","4":"has-post-thumbnail","6":"product_brand-skil","7":"product_cat-ferramentas-eletricas","9":"first","10":"instock","11":"sale","12":"purchasable","13":"product-type-simple"},"_links":{"self":[{"href":"https:\/\/equipment-pt3.com\/en\/wp-json\/wp\/v2\/product\/29429","targetHints":{"allow":["GET"]}}],"collection":[{"href":"https:\/\/equipment-pt3.com\/en\/wp-json\/wp\/v2\/product"}],"about":[{"href":"https:\/\/equipment-pt3.com\/en\/wp-json\/wp\/v2\/types\/product"}],"version-history":[{"count":3,"href":"https:\/\/equipment-pt3.com\/en\/wp-json\/wp\/v2\/product\/29429\/revisions"}],"predecessor-version":[{"id":30384,"href":"https:\/\/equipment-pt3.com\/en\/wp-json\/wp\/v2\/product\/29429\/revisions\/30384"}],"wp:featuredmedia":[{"embeddable":true,"href":"https:\/\/equipment-pt3.com\/en\/wp-json\/wp\/v2\/media\/30380"}],"wp:attachment":[{"href":"https:\/\/equipment-pt3.com\/en\/wp-json\/wp\/v2\/media?parent=29429"}],"wp:term":[{"taxonomy":"product_brand","embeddable":true,"href":"https:\/\/equipment-pt3.com\/en\/wp-json\/wp\/v2\/product_brand?post=29429"},{"taxonomy":"product_cat","embeddable":true,"href":"https:\/\/equipment-pt3.com\/en\/wp-json\/wp\/v2\/product_cat?post=29429"},{"taxonomy":"product_tag","embeddable":true,"href":"https:\/\/equipment-pt3.com\/en\/wp-json\/wp\/v2\/product_tag?post=29429"}],"curies":[{"name":"wp","href":"https:\/\/api.w.org\/{rel}","templated":true}]}}