{"id":29430,"date":"2026-02-03T13:10:31","date_gmt":"2026-02-03T13:10:31","guid":{"rendered":"https:\/\/equipment-pt3.com\/produto\/skil-1558-aa-plaina\/"},"modified":"2026-02-17T17:58:18","modified_gmt":"2026-02-17T17:58:18","slug":"skil-1558-aa-plaina","status":"publish","type":"product","link":"https:\/\/equipment-pt3.com\/en\/product\/skil-1558-aa-plaina\/","title":{"rendered":"Skil 1558 AA Plaina"},"content":{"rendered":"<p>O plaina SKIL 1558 AA \u00e9 uma ferramenta precisa, potente e f\u00e1cil de manusear, concebida para proporcionar um acabamento perfeitamente liso em todos os seus trabalhos de carpintaria. Com um motor de 600 W, garante um desempenho constante para opera\u00e7\u00f5es de aplainamento, chanfragem e nivelamento de superf\u00edcies.<\/p>\n<p>A sua grande roda de ajuste permite uma regula\u00e7\u00e3o precisa da profundidade, funcionando tamb\u00e9m como punho frontal para um controlo ideal. Leve e ergon\u00f3mica, est\u00e1 equipada com um punho bimaterial que assegura o m\u00e1ximo conforto de utiliza\u00e7\u00e3o, mesmo em trabalhos prolongados. A liga\u00e7\u00e3o integrada para aspira\u00e7\u00e3o garante um trabalho limpo e sem p\u00f3.<\/p>\n<p>A plaina 1558 AA disp\u00f5e de l\u00e2minas revers\u00edveis, que duplicam a sua vida \u00fatil, e de uma ranhura em V na parte frontal, ideal para a chanfragem precisa de arestas.<\/p>\n<p><strong>Caracteristicas:<\/strong><\/p>\n<ul>\n<li>Ferramenta precisa e f\u00e1cil de manusear para abrir furos em superf\u00edcies e chanfrar cantos.<\/li>\n<li>Possui um bot\u00e3o de ajuste grande e profundo, bem como um segundo punho frontal para um controlo ideal da ferramenta.<\/li>\n<li>Design ergon\u00f3mico moderno com punho soft grip para m\u00e1ximo conforto durante o trabalho.<\/li>\n<li>Motor de 600 W que oferece desempenho suficiente para todos os trabalhos de perfura\u00e7\u00e3o.<\/li>\n<li>Faca de fura\u00e7\u00e3o dobr\u00e1vel para elevada qualidade de acabamento e longa vida \u00fatil.<\/li>\n<\/ul>","protected":false},"excerpt":{"rendered":"<p>O plaina SKIL 1558 AA \u00e9 uma ferramenta precisa, potente e f\u00e1cil de manusear, concebida para proporcionar um acabamento perfeitamente<\/p>","protected":false},"featured_media":30316,"template":"","meta":[],"product_brand":[67],"product_cat":[34],"product_tag":[],"class_list":{"0":"post-29430","1":"product","2":"type-product","3":"status-publish","4":"has-post-thumbnail","6":"product_brand-skil","7":"product_cat-ferramentas-eletricas","9":"first","10":"instock","11":"sale","12":"purchasable","13":"product-type-simple"},"_links":{"self":[{"href":"https:\/\/equipment-pt3.com\/en\/wp-json\/wp\/v2\/product\/29430","targetHints":{"allow":["GET"]}}],"collection":[{"href":"https:\/\/equipment-pt3.com\/en\/wp-json\/wp\/v2\/product"}],"about":[{"href":"https:\/\/equipment-pt3.com\/en\/wp-json\/wp\/v2\/types\/product"}],"version-history":[{"count":4,"href":"https:\/\/equipment-pt3.com\/en\/wp-json\/wp\/v2\/product\/29430\/revisions"}],"predecessor-version":[{"id":30319,"href":"https:\/\/equipment-pt3.com\/en\/wp-json\/wp\/v2\/product\/29430\/revisions\/30319"}],"wp:featuredmedia":[{"embeddable":true,"href":"https:\/\/equipment-pt3.com\/en\/wp-json\/wp\/v2\/media\/30316"}],"wp:attachment":[{"href":"https:\/\/equipment-pt3.com\/en\/wp-json\/wp\/v2\/media?parent=29430"}],"wp:term":[{"taxonomy":"product_brand","embeddable":true,"href":"https:\/\/equipment-pt3.com\/en\/wp-json\/wp\/v2\/product_brand?post=29430"},{"taxonomy":"product_cat","embeddable":true,"href":"https:\/\/equipment-pt3.com\/en\/wp-json\/wp\/v2\/product_cat?post=29430"},{"taxonomy":"product_tag","embeddable":true,"href":"https:\/\/equipment-pt3.com\/en\/wp-json\/wp\/v2\/product_tag?post=29430"}],"curies":[{"name":"wp","href":"https:\/\/api.w.org\/{rel}","templated":true}]}}